{"id":1511,"date":"2025-05-27T15:06:12","date_gmt":"2025-05-27T13:06:12","guid":{"rendered":"https:\/\/www.ttengineering.it\/notre-histoire\/"},"modified":"2025-06-18T12:18:29","modified_gmt":"2025-06-18T10:18:29","slug":"histoire-ttengineering","status":"publish","type":"page","link":"https:\/\/www.ttengineering.it\/fr\/histoire-ttengineering\/","title":{"rendered":"Notre histoire"},"content":{"rendered":"\t\t<div data-elementor-type=\"wp-page\" data-elementor-id=\"1511\" class=\"elementor elementor-1511 elementor-40\" data-elementor-post-type=\"page\">\n\t\t\t\t<div class=\"elementor-element elementor-element-a65b6bc e-con-full e-flex e-con e-parent\" data-id=\"a65b6bc\" data-element_type=\"container\">\n\t\t<div class=\"elementor-element elementor-element-ff331cb e-con-full e-flex e-con e-child\" data-id=\"ff331cb\" data-element_type=\"container\">\n\t\t\t\t<div class=\"elementor-element elementor-element-8abf9fa animated-fast elementor-invisible elementor-widget elementor-widget-heading\" data-id=\"8abf9fa\" data-element_type=\"widget\" data-settings=\"{&quot;_animation&quot;:&quot;slideInUp&quot;}\" data-widget_type=\"heading.default\">\n\t\t\t\t<div class=\"elementor-widget-container\">\n\t\t\t\t\t<h2 class=\"elementor-heading-title elementor-size-default\">TTE<span style=\"color: #0D0D0E\">NGINEERING<\/span> - Solutions d'automatisation industrielle depuis 1993<\/h2>\t\t\t\t<\/div>\n\t\t\t\t<\/div>\n\t\t\t\t<div class=\"elementor-element elementor-element-09b93ef animated-fast elementor-invisible elementor-widget elementor-widget-heading\" data-id=\"09b93ef\" data-element_type=\"widget\" data-settings=\"{&quot;_animation&quot;:&quot;slideInUp&quot;,&quot;_animation_delay&quot;:100}\" data-widget_type=\"heading.default\">\n\t\t\t\t<div class=\"elementor-widget-container\">\n\t\t\t\t\t<h2 class=\"elementor-heading-title elementor-size-default\">Notre histoire<\/h2>\t\t\t\t<\/div>\n\t\t\t\t<\/div>\n\t\t\t\t<div class=\"elementor-element elementor-element-754733e elementor-widget__width-initial animated-fast elementor-invisible elementor-widget elementor-widget-text-editor\" data-id=\"754733e\" data-element_type=\"widget\" data-settings=\"{&quot;_animation&quot;:&quot;slideInUp&quot;,&quot;_animation_delay&quot;:200}\" data-widget_type=\"text-editor.default\">\n\t\t\t\t<div class=\"elementor-widget-container\">\n\t\t\t\t\t\t\t\t\t<p>Fond\u00e9e en 1993 dans une petite ville de la zone nord de Milan, l\u2019entreprise TTEngineering s\u2019est imm\u00e9diatement distingu\u00e9e dans le domaine de l\u2019ing\u00e9nierie et de l\u2019automatisation industrielle gr\u00e2ce aux comp\u00e9tences exceptionnelles de ses membres fondateurs, Claudio et Pierangelo Pasquettin.<\/p><p>D\u2019abord, elle s\u2019est d\u00e9di\u00e9e \u00e0 la conception et \u00e0 la construction de lignes automatiques d\u2019assemblage et emballage de composants pour le secteur m\u00e9dical, ensuite, elle s\u2019est donn\u00e9e \u00e0 l\u2019activit\u00e9 qui jusqu\u2019\u00e0 aujourd\u2019hui a \u00e9t\u00e9 la principale, c\u2019est-\u00e0-dire la cr\u00e9ation de syst\u00e8mes d\u2019automatisation de processus avec lesquels on peut transformer la t\u00f4le en bobines et produire des tuyaux pour le chauffage, la ventilation, l\u2019\u00e9vacuation de la fum\u00e9e et l\u2019industrie automobile.<\/p>\t\t\t\t\t\t\t\t<\/div>\n\t\t\t\t<\/div>\n\t\t\t\t<\/div>\n\t\t<div class=\"elementor-element elementor-element-eb3bcda e-con-full e-flex e-con e-child\" data-id=\"eb3bcda\" data-element_type=\"container\" data-settings=\"{&quot;background_background&quot;:&quot;classic&quot;}\">\n\t\t\t\t<\/div>\n\t\t\t\t<\/div>\n\t\t<div class=\"elementor-element elementor-element-8eb85e6 e-con-full e-flex e-con e-parent\" data-id=\"8eb85e6\" data-element_type=\"container\" data-settings=\"{&quot;background_background&quot;:&quot;classic&quot;}\">\n\t\t<div class=\"elementor-element elementor-element-d04f7d1 e-con-full e-flex e-con e-child\" data-id=\"d04f7d1\" data-element_type=\"container\" data-settings=\"{&quot;background_background&quot;:&quot;classic&quot;}\">\n\t\t\t\t<\/div>\n\t\t<div class=\"elementor-element elementor-element-d0dfbd1 e-con-full e-flex e-con e-child\" data-id=\"d0dfbd1\" data-element_type=\"container\" data-settings=\"{&quot;background_background&quot;:&quot;classic&quot;}\">\n\t\t\t\t<div class=\"elementor-element elementor-element-2c849a5 animated-fast elementor-invisible elementor-widget elementor-widget-heading\" data-id=\"2c849a5\" data-element_type=\"widget\" data-settings=\"{&quot;_animation&quot;:&quot;slideInUp&quot;}\" data-widget_type=\"heading.default\">\n\t\t\t\t<div class=\"elementor-widget-container\">\n\t\t\t\t\t<h2 class=\"elementor-heading-title elementor-size-default\">TTE<span style=\"color: #0D0D0E\">NGINEERING<\/span><\/h2>\t\t\t\t<\/div>\n\t\t\t\t<\/div>\n\t\t\t\t<div class=\"elementor-element elementor-element-362af99 elementor-widget__width-initial animated-fast elementor-invisible elementor-widget elementor-widget-text-editor\" data-id=\"362af99\" data-element_type=\"widget\" data-settings=\"{&quot;_animation&quot;:&quot;slideInUp&quot;,&quot;_animation_delay&quot;:200}\" data-widget_type=\"text-editor.default\">\n\t\t\t\t<div class=\"elementor-widget-container\">\n\t\t\t\t\t\t\t\t\t<p>Longue exp\u00e9rience, technologie, qualit\u00e9 et fiabilit\u00e9<\/p>\t\t\t\t\t\t\t\t<\/div>\n\t\t\t\t<\/div>\n\t\t\t\t<div class=\"elementor-element elementor-element-63ba8c7 elementor-widget__width-initial animated-fast elementor-invisible elementor-widget elementor-widget-text-editor\" data-id=\"63ba8c7\" data-element_type=\"widget\" data-settings=\"{&quot;_animation&quot;:&quot;slideInUp&quot;,&quot;_animation_delay&quot;:200}\" data-widget_type=\"text-editor.default\">\n\t\t\t\t<div class=\"elementor-widget-container\">\n\t\t\t\t\t\t\t\t\t<p>Gr\u00e2ce \u00e0 ses nombreuses ann\u00e9es d\u2019exp\u00e9rience, TTEngineering est d\u00e9sormais en mesure de proposer des machines et des syst\u00e8mes fiables et personnalis\u00e9s. Elle poss\u00e8de un savoir-faire solide et de comp\u00e9tences exceptionnelles dans des plusieurs domaines d\u2019application, m\u00eame elle est toujours \u00e0 la recherche d\u2019une innovation technologique<\/p><p>Technologie, qualit\u00e9, fiabilit\u00e9, s\u00e9curit\u00e9 et assistance sont les piliers auxquels on s\u2019appuie pour concr\u00e9tiser les exigences productives de notre client\u00e8le.<\/p><p>Le si\u00e8ge actuel de TTEngineering est situ\u00e9 \u00e0 Lomazzo, dans la province de C\u00f4me, et se compose d\u2019un b\u00e2timent moderne de plus de 2000 m2, dont 500 h\u00e9bergent le bureau de vente, le bureau technique, l\u2019assistance, l\u2019administration et la salle de production.<\/p>\t\t\t\t\t\t\t\t<\/div>\n\t\t\t\t<\/div>\n\t\t<div class=\"elementor-element elementor-element-5aafaaa e-con-full e-flex e-con e-child\" data-id=\"5aafaaa\" data-element_type=\"container\">\n\t\t\t\t<div class=\"elementor-element elementor-element-e9dd67a elementor-align-justify elementor-widget__width-initial animated-fast elementor-invisible elementor-widget elementor-widget-button\" data-id=\"e9dd67a\" data-element_type=\"widget\" data-settings=\"{&quot;_animation&quot;:&quot;slideInRight&quot;,&quot;_animation_delay&quot;:500}\" data-widget_type=\"button.default\">\n\t\t\t\t<div class=\"elementor-widget-container\">\n\t\t\t\t\t\t\t\t\t<div class=\"elementor-button-wrapper\">\n\t\t\t\t\t<a class=\"elementor-button elementor-button-link elementor-size-sm\" href=\"https:\/\/www.ttengineering.it\/fr\/nous-contacter\/\">\n\t\t\t\t\t\t<span class=\"elementor-button-content-wrapper\">\n\t\t\t\t\t\t\t\t\t<span class=\"elementor-button-text\">CONTACTEZ-NOUS<\/span>\n\t\t\t\t\t<\/span>\n\t\t\t\t\t<\/a>\n\t\t\t\t<\/div>\n\t\t\t\t\t\t\t\t<\/div>\n\t\t\t\t<\/div>\n\t\t\t\t<\/div>\n\t\t\t\t<\/div>\n\t\t\t\t<\/div>\n\t\t\t\t<\/div>\n\t\t","protected":false},"excerpt":{"rendered":"<p>TTENGINEERING &#8211; Solutions d&rsquo;automatisation industrielle depuis 1993 Notre histoire Fond\u00e9e en 1993 dans une petite ville de la zone nord de Milan, l\u2019entreprise TTEngineering s\u2019est imm\u00e9diatement distingu\u00e9e dans le domaine de l\u2019ing\u00e9nierie et de l\u2019automatisation industrielle gr\u00e2ce aux comp\u00e9tences exceptionnelles de ses membres fondateurs, Claudio et Pierangelo Pasquettin. D\u2019abord, elle s\u2019est d\u00e9di\u00e9e \u00e0 la conception [&hellip;]<\/p>\n","protected":false},"author":1,"featured_media":0,"parent":0,"menu_order":0,"comment_status":"closed","ping_status":"closed","template":"","meta":{"footnotes":""},"class_list":["post-1511","page","type-page","status-publish","hentry"],"yoast_head":"<!-- This site is optimized with the Yoast SEO plugin v25.4 - https:\/\/yoast.com\/wordpress\/plugins\/seo\/ -->\n<title>Notre histoire - TTEngineering - Advanced Solutions for Automation<\/title>\n<meta name=\"robots\" content=\"index, follow, max-snippet:-1, max-image-preview:large, max-video-preview:-1\" \/>\n<link rel=\"canonical\" href=\"https:\/\/www.ttengineering.it\/fr\/histoire-ttengineering\/\" \/>\n<meta property=\"og:locale\" content=\"fr_FR\" \/>\n<meta property=\"og:type\" content=\"article\" \/>\n<meta property=\"og:title\" content=\"Notre histoire - TTEngineering - Advanced Solutions for Automation\" \/>\n<meta property=\"og:description\" content=\"TTENGINEERING &#8211; Solutions d&rsquo;automatisation industrielle depuis 1993 Notre histoire Fond\u00e9e en 1993 dans une petite ville de la zone nord de Milan, l\u2019entreprise TTEngineering s\u2019est imm\u00e9diatement distingu\u00e9e dans le domaine de l\u2019ing\u00e9nierie et de l\u2019automatisation industrielle gr\u00e2ce aux comp\u00e9tences exceptionnelles de ses membres fondateurs, Claudio et Pierangelo Pasquettin. D\u2019abord, elle s\u2019est d\u00e9di\u00e9e \u00e0 la conception [&hellip;]\" \/>\n<meta property=\"og:url\" content=\"https:\/\/www.ttengineering.it\/fr\/histoire-ttengineering\/\" \/>\n<meta property=\"og:site_name\" content=\"TTEngineering - Advanced Solutions for Automation\" \/>\n<meta property=\"article:modified_time\" content=\"2025-06-18T10:18:29+00:00\" \/>\n<meta property=\"og:image\" content=\"https:\/\/www.ttengineering.it\/wp-content\/uploads\/2025\/05\/favicon.png\" \/>\n\t<meta property=\"og:image:width\" content=\"512\" \/>\n\t<meta property=\"og:image:height\" content=\"512\" \/>\n\t<meta property=\"og:image:type\" content=\"image\/png\" \/>\n<meta name=\"twitter:card\" content=\"summary_large_image\" \/>\n<meta name=\"twitter:label1\" content=\"Dur\u00e9e de lecture estim\u00e9e\" \/>\n\t<meta name=\"twitter:data1\" content=\"1 minute\" \/>\n<script type=\"application\/ld+json\" class=\"yoast-schema-graph\">{\"@context\":\"https:\/\/schema.org\",\"@graph\":[{\"@type\":\"WebPage\",\"@id\":\"https:\/\/www.ttengineering.it\/fr\/histoire-ttengineering\/\",\"url\":\"https:\/\/www.ttengineering.it\/fr\/histoire-ttengineering\/\",\"name\":\"Notre histoire - TTEngineering - Advanced Solutions for Automation\",\"isPartOf\":{\"@id\":\"https:\/\/www.ttengineering.it\/fr\/#website\"},\"datePublished\":\"2025-05-27T13:06:12+00:00\",\"dateModified\":\"2025-06-18T10:18:29+00:00\",\"breadcrumb\":{\"@id\":\"https:\/\/www.ttengineering.it\/fr\/histoire-ttengineering\/#breadcrumb\"},\"inLanguage\":\"fr-FR\",\"potentialAction\":[{\"@type\":\"ReadAction\",\"target\":[\"https:\/\/www.ttengineering.it\/fr\/histoire-ttengineering\/\"]}]},{\"@type\":\"BreadcrumbList\",\"@id\":\"https:\/\/www.ttengineering.it\/fr\/histoire-ttengineering\/#breadcrumb\",\"itemListElement\":[{\"@type\":\"ListItem\",\"position\":1,\"name\":\"Home\",\"item\":\"https:\/\/www.ttengineering.it\/fr\/\"},{\"@type\":\"ListItem\",\"position\":2,\"name\":\"Notre histoire\"}]},{\"@type\":\"WebSite\",\"@id\":\"https:\/\/www.ttengineering.it\/fr\/#website\",\"url\":\"https:\/\/www.ttengineering.it\/fr\/\",\"name\":\"TTEngineering - Advanced Solutions for Automation\",\"description\":\"TTEngineering - Advanced Solutions for Automation\",\"publisher\":{\"@id\":\"https:\/\/www.ttengineering.it\/fr\/#organization\"},\"alternateName\":\"TTEngineering - Advanced Solutions for Automation\",\"potentialAction\":[{\"@type\":\"SearchAction\",\"target\":{\"@type\":\"EntryPoint\",\"urlTemplate\":\"https:\/\/www.ttengineering.it\/fr\/?s={search_term_string}\"},\"query-input\":{\"@type\":\"PropertyValueSpecification\",\"valueRequired\":true,\"valueName\":\"search_term_string\"}}],\"inLanguage\":\"fr-FR\"},{\"@type\":\"Organization\",\"@id\":\"https:\/\/www.ttengineering.it\/fr\/#organization\",\"name\":\"TTEngineering - Advanced Solutions for Automation\",\"alternateName\":\"TTEngineering - Advanced Solutions for Automation\",\"url\":\"https:\/\/www.ttengineering.it\/fr\/\",\"logo\":{\"@type\":\"ImageObject\",\"inLanguage\":\"fr-FR\",\"@id\":\"https:\/\/www.ttengineering.it\/fr\/#\/schema\/logo\/image\/\",\"url\":\"https:\/\/www.ttengineering.it\/wp-content\/uploads\/2025\/05\/favicon.png\",\"contentUrl\":\"https:\/\/www.ttengineering.it\/wp-content\/uploads\/2025\/05\/favicon.png\",\"width\":512,\"height\":512,\"caption\":\"TTEngineering - Advanced Solutions for Automation\"},\"image\":{\"@id\":\"https:\/\/www.ttengineering.it\/fr\/#\/schema\/logo\/image\/\"}}]}<\/script>\n<!-- \/ Yoast SEO plugin. -->","yoast_head_json":{"title":"Notre histoire - TTEngineering - Advanced Solutions for Automation","robots":{"index":"index","follow":"follow","max-snippet":"max-snippet:-1","max-image-preview":"max-image-preview:large","max-video-preview":"max-video-preview:-1"},"canonical":"https:\/\/www.ttengineering.it\/fr\/histoire-ttengineering\/","og_locale":"fr_FR","og_type":"article","og_title":"Notre histoire - TTEngineering - Advanced Solutions for Automation","og_description":"TTENGINEERING &#8211; Solutions d&rsquo;automatisation industrielle depuis 1993 Notre histoire Fond\u00e9e en 1993 dans une petite ville de la zone nord de Milan, l\u2019entreprise TTEngineering s\u2019est imm\u00e9diatement distingu\u00e9e dans le domaine de l\u2019ing\u00e9nierie et de l\u2019automatisation industrielle gr\u00e2ce aux comp\u00e9tences exceptionnelles de ses membres fondateurs, Claudio et Pierangelo Pasquettin. D\u2019abord, elle s\u2019est d\u00e9di\u00e9e \u00e0 la conception [&hellip;]","og_url":"https:\/\/www.ttengineering.it\/fr\/histoire-ttengineering\/","og_site_name":"TTEngineering - Advanced Solutions for Automation","article_modified_time":"2025-06-18T10:18:29+00:00","og_image":[{"width":512,"height":512,"url":"https:\/\/www.ttengineering.it\/wp-content\/uploads\/2025\/05\/favicon.png","type":"image\/png"}],"twitter_card":"summary_large_image","twitter_misc":{"Dur\u00e9e de lecture estim\u00e9e":"1 minute"},"schema":{"@context":"https:\/\/schema.org","@graph":[{"@type":"WebPage","@id":"https:\/\/www.ttengineering.it\/fr\/histoire-ttengineering\/","url":"https:\/\/www.ttengineering.it\/fr\/histoire-ttengineering\/","name":"Notre histoire - TTEngineering - Advanced Solutions for Automation","isPartOf":{"@id":"https:\/\/www.ttengineering.it\/fr\/#website"},"datePublished":"2025-05-27T13:06:12+00:00","dateModified":"2025-06-18T10:18:29+00:00","breadcrumb":{"@id":"https:\/\/www.ttengineering.it\/fr\/histoire-ttengineering\/#breadcrumb"},"inLanguage":"fr-FR","potentialAction":[{"@type":"ReadAction","target":["https:\/\/www.ttengineering.it\/fr\/histoire-ttengineering\/"]}]},{"@type":"BreadcrumbList","@id":"https:\/\/www.ttengineering.it\/fr\/histoire-ttengineering\/#breadcrumb","itemListElement":[{"@type":"ListItem","position":1,"name":"Home","item":"https:\/\/www.ttengineering.it\/fr\/"},{"@type":"ListItem","position":2,"name":"Notre histoire"}]},{"@type":"WebSite","@id":"https:\/\/www.ttengineering.it\/fr\/#website","url":"https:\/\/www.ttengineering.it\/fr\/","name":"TTEngineering - Advanced Solutions for Automation","description":"TTEngineering - Advanced Solutions for Automation","publisher":{"@id":"https:\/\/www.ttengineering.it\/fr\/#organization"},"alternateName":"TTEngineering - Advanced Solutions for Automation","potentialAction":[{"@type":"SearchAction","target":{"@type":"EntryPoint","urlTemplate":"https:\/\/www.ttengineering.it\/fr\/?s={search_term_string}"},"query-input":{"@type":"PropertyValueSpecification","valueRequired":true,"valueName":"search_term_string"}}],"inLanguage":"fr-FR"},{"@type":"Organization","@id":"https:\/\/www.ttengineering.it\/fr\/#organization","name":"TTEngineering - Advanced Solutions for Automation","alternateName":"TTEngineering - Advanced Solutions for Automation","url":"https:\/\/www.ttengineering.it\/fr\/","logo":{"@type":"ImageObject","inLanguage":"fr-FR","@id":"https:\/\/www.ttengineering.it\/fr\/#\/schema\/logo\/image\/","url":"https:\/\/www.ttengineering.it\/wp-content\/uploads\/2025\/05\/favicon.png","contentUrl":"https:\/\/www.ttengineering.it\/wp-content\/uploads\/2025\/05\/favicon.png","width":512,"height":512,"caption":"TTEngineering - Advanced Solutions for Automation"},"image":{"@id":"https:\/\/www.ttengineering.it\/fr\/#\/schema\/logo\/image\/"}}]}},"_links":{"self":[{"href":"https:\/\/www.ttengineering.it\/fr\/wp-json\/wp\/v2\/pages\/1511","targetHints":{"allow":["GET"]}}],"collection":[{"href":"https:\/\/www.ttengineering.it\/fr\/wp-json\/wp\/v2\/pages"}],"about":[{"href":"https:\/\/www.ttengineering.it\/fr\/wp-json\/wp\/v2\/types\/page"}],"author":[{"embeddable":true,"href":"https:\/\/www.ttengineering.it\/fr\/wp-json\/wp\/v2\/users\/1"}],"replies":[{"embeddable":true,"href":"https:\/\/www.ttengineering.it\/fr\/wp-json\/wp\/v2\/comments?post=1511"}],"version-history":[{"count":3,"href":"https:\/\/www.ttengineering.it\/fr\/wp-json\/wp\/v2\/pages\/1511\/revisions"}],"predecessor-version":[{"id":1892,"href":"https:\/\/www.ttengineering.it\/fr\/wp-json\/wp\/v2\/pages\/1511\/revisions\/1892"}],"wp:attachment":[{"href":"https:\/\/www.ttengineering.it\/fr\/wp-json\/wp\/v2\/media?parent=1511"}],"curies":[{"name":"wp","href":"https:\/\/api.w.org\/{rel}","templated":true}]}}