{"id":1509,"date":"2025-05-27T15:05:13","date_gmt":"2025-05-27T13:05:13","guid":{"rendered":"https:\/\/www.ttengineering.it\/systemes-pour-tuyaux-double-paroi\/"},"modified":"2025-06-18T12:16:57","modified_gmt":"2025-06-18T10:16:57","slug":"systemes-pour-tuyaux-double-paroi","status":"publish","type":"page","link":"https:\/\/www.ttengineering.it\/fr\/systemes-pour-tuyaux-double-paroi\/","title":{"rendered":"Syst\u00e8mes pour tuyaux double paroi"},"content":{"rendered":"\t\t<div data-elementor-type=\"wp-page\" data-elementor-id=\"1509\" class=\"elementor elementor-1509 elementor-38\" data-elementor-post-type=\"page\">\n\t\t\t\t<div class=\"elementor-element elementor-element-4fa035a e-con-full e-flex e-con e-parent\" data-id=\"4fa035a\" data-element_type=\"container\">\n\t\t<div class=\"elementor-element elementor-element-d0aa6e8 e-con-full e-flex e-con e-child\" data-id=\"d0aa6e8\" data-element_type=\"container\">\n\t\t\t\t<div class=\"elementor-element elementor-element-b749c85 animated-fast elementor-invisible elementor-widget elementor-widget-heading\" data-id=\"b749c85\" data-element_type=\"widget\" data-settings=\"{&quot;_animation&quot;:&quot;slideInUp&quot;}\" data-widget_type=\"heading.default\">\n\t\t\t\t<div class=\"elementor-widget-container\">\n\t\t\t\t\t<h2 class=\"elementor-heading-title elementor-size-default\">TTE<span style=\"color: #0D0D0E\">NGINEERING<\/span> - produits pour nos clients<\/h2>\t\t\t\t<\/div>\n\t\t\t\t<\/div>\n\t\t\t\t<div class=\"elementor-element elementor-element-350abca animated-fast elementor-invisible elementor-widget elementor-widget-heading\" data-id=\"350abca\" data-element_type=\"widget\" data-settings=\"{&quot;_animation&quot;:&quot;slideInUp&quot;,&quot;_animation_delay&quot;:100}\" data-widget_type=\"heading.default\">\n\t\t\t\t<div class=\"elementor-widget-container\">\n\t\t\t\t\t<h2 class=\"elementor-heading-title elementor-size-default\">Syst\u00e8mes pour tuyaux double paroi<\/h2>\t\t\t\t<\/div>\n\t\t\t\t<\/div>\n\t\t\t\t<div class=\"elementor-element elementor-element-219ce14 elementor-widget__width-initial animated-fast elementor-invisible elementor-widget elementor-widget-text-editor\" data-id=\"219ce14\" data-element_type=\"widget\" data-settings=\"{&quot;_animation&quot;:&quot;slideInUp&quot;,&quot;_animation_delay&quot;:200}\" data-widget_type=\"text-editor.default\">\n\t\t\t\t<div class=\"elementor-widget-container\">\n\t\t\t\t\t\t\t\t\t<p>Dans le secteur des fum\u00e9es TTEngineering a une grande exp\u00e9rience dans la construction de <strong>syst\u00e8mes pour tuyaux double paroi<\/strong>, qui permettent de remplir automatiquement de tuyaux lin\u00e9aires, coudes et pi\u00e8ces en T avec de mat\u00e9riaux thermo-isolants comme laine de roche (min\u00e9rale) et\/ou c\u00e9ramique. Ce processus, optimis\u00e9 gr\u00e2ce aux ann\u00e9es d\u2019exp\u00e9rience professionnelle de l\u2019entreprise, a pass\u00e9 les tests les plus s\u00e9v\u00e8res de nombreuses organismes certificateurs en USA, Canada, Russie, Europe, Europe du Nord et Turquie, \u00e9galement pour les applications offshore. <\/p>\t\t\t\t\t\t\t\t<\/div>\n\t\t\t\t<\/div>\n\t\t\t\t<\/div>\n\t\t<div class=\"elementor-element elementor-element-69a4def e-con-full e-flex e-con e-child\" data-id=\"69a4def\" data-element_type=\"container\" data-settings=\"{&quot;background_background&quot;:&quot;classic&quot;}\">\n\t\t\t\t<\/div>\n\t\t\t\t<\/div>\n\t\t<div class=\"elementor-element elementor-element-817da27 e-con-full e-flex e-con e-parent\" data-id=\"817da27\" data-element_type=\"container\" data-settings=\"{&quot;background_background&quot;:&quot;classic&quot;}\">\n\t\t<div class=\"elementor-element elementor-element-ea9638e e-con-full e-flex e-con e-child\" data-id=\"ea9638e\" data-element_type=\"container\" data-settings=\"{&quot;background_background&quot;:&quot;classic&quot;}\">\n\t\t\t\t<div class=\"elementor-element elementor-element-3a2c68a elementor-arrows-position-outside elementor-widget elementor-widget-image-carousel\" data-id=\"3a2c68a\" data-element_type=\"widget\" data-settings=\"{&quot;slides_to_show&quot;:&quot;1&quot;,&quot;navigation&quot;:&quot;arrows&quot;,&quot;autoplay&quot;:&quot;yes&quot;,&quot;autoplay_speed&quot;:5000,&quot;infinite&quot;:&quot;yes&quot;,&quot;effect&quot;:&quot;slide&quot;,&quot;speed&quot;:500}\" data-widget_type=\"image-carousel.default\">\n\t\t\t\t<div class=\"elementor-widget-container\">\n\t\t\t\t\t\t\t<div class=\"elementor-image-carousel-wrapper swiper\" role=\"region\" aria-roledescription=\"carousel\" aria-label=\"Carosello d&#039;immagini\" dir=\"ltr\">\n\t\t\t<div class=\"elementor-image-carousel swiper-wrapper\" aria-live=\"off\">\n\t\t\t\t\t\t\t\t<div class=\"swiper-slide\" role=\"group\" aria-roledescription=\"slide\" aria-label=\"1 sur 2\"><figure class=\"swiper-slide-inner\"><img decoding=\"async\" class=\"swiper-slide-image\" src=\"https:\/\/www.ttengineering.it\/wp-content\/uploads\/2025\/06\/Macchina-per-sistemi-per-tubi-a-doppia-parete-1024x730-1.png\" alt=\"Macchina per sistemi per tubi a doppia parete\" \/><figcaption class=\"elementor-image-carousel-caption\">Macchina per sistemi per tubi a doppia parete<\/figcaption><\/figure><\/div><div class=\"swiper-slide\" role=\"group\" aria-roledescription=\"slide\" aria-label=\"2 sur 2\"><figure class=\"swiper-slide-inner\"><img decoding=\"async\" class=\"swiper-slide-image\" src=\"https:\/\/www.ttengineering.it\/wp-content\/uploads\/2025\/06\/Dettaglio-assemblaggio-tubi-a-doppia-parete-1024x731-1.png\" alt=\"Dettaglio assemblaggio tubi a doppia parete\" \/><figcaption class=\"elementor-image-carousel-caption\">Dettaglio assemblaggio tubi a doppia parete<\/figcaption><\/figure><\/div>\t\t\t<\/div>\n\t\t\t\t\t\t\t\t\t\t\t\t<div class=\"elementor-swiper-button elementor-swiper-button-prev\" role=\"button\" tabindex=\"0\">\n\t\t\t\t\t\t<svg aria-hidden=\"true\" class=\"e-font-icon-svg e-eicon-chevron-left\" viewBox=\"0 0 1000 1000\" xmlns=\"http:\/\/www.w3.org\/2000\/svg\"><path d=\"M646 125C629 125 613 133 604 142L308 442C296 454 292 471 292 487 292 504 296 521 308 533L604 854C617 867 629 875 646 875 663 875 679 871 692 858 704 846 713 829 713 812 713 796 708 779 692 767L438 487 692 225C700 217 708 204 708 187 708 171 704 154 692 142 675 129 663 125 646 125Z\"><\/path><\/svg>\t\t\t\t\t<\/div>\n\t\t\t\t\t<div class=\"elementor-swiper-button elementor-swiper-button-next\" role=\"button\" tabindex=\"0\">\n\t\t\t\t\t\t<svg aria-hidden=\"true\" class=\"e-font-icon-svg e-eicon-chevron-right\" viewBox=\"0 0 1000 1000\" xmlns=\"http:\/\/www.w3.org\/2000\/svg\"><path d=\"M696 533C708 521 713 504 713 487 713 471 708 454 696 446L400 146C388 133 375 125 354 125 338 125 325 129 313 142 300 154 292 171 292 187 292 204 296 221 308 233L563 492 304 771C292 783 288 800 288 817 288 833 296 850 308 863 321 871 338 875 354 875 371 875 388 867 400 854L696 533Z\"><\/path><\/svg>\t\t\t\t\t<\/div>\n\t\t\t\t\n\t\t\t\t\t\t\t\t\t<\/div>\n\t\t\t\t\t\t<\/div>\n\t\t\t\t<\/div>\n\t\t\t\t<\/div>\n\t\t<div class=\"elementor-element elementor-element-ae5a34f e-con-full e-flex e-con e-child\" data-id=\"ae5a34f\" data-element_type=\"container\" data-settings=\"{&quot;background_background&quot;:&quot;classic&quot;}\">\n\t\t\t\t<div class=\"elementor-element elementor-element-aa62887 animated-fast elementor-invisible elementor-widget elementor-widget-heading\" data-id=\"aa62887\" data-element_type=\"widget\" data-settings=\"{&quot;_animation&quot;:&quot;slideInUp&quot;}\" data-widget_type=\"heading.default\">\n\t\t\t\t<div class=\"elementor-widget-container\">\n\t\t\t\t\t<h2 class=\"elementor-heading-title elementor-size-default\">TTE<span style=\"color: #FFFFFF\">NGINEERING<\/span><\/h2>\t\t\t\t<\/div>\n\t\t\t\t<\/div>\n\t\t\t\t<div class=\"elementor-element elementor-element-53ea50a elementor-widget__width-initial animated-fast elementor-invisible elementor-widget elementor-widget-text-editor\" data-id=\"53ea50a\" data-element_type=\"widget\" data-settings=\"{&quot;_animation&quot;:&quot;slideInUp&quot;,&quot;_animation_delay&quot;:200}\" data-widget_type=\"text-editor.default\">\n\t\t\t\t<div class=\"elementor-widget-container\">\n\t\t\t\t\t\t\t\t\t<p>Processus compl\u00e8tement automatique<\/p>\t\t\t\t\t\t\t\t<\/div>\n\t\t\t\t<\/div>\n\t\t\t\t<div class=\"elementor-element elementor-element-83565ef elementor-widget__width-initial animated-fast elementor-invisible elementor-widget elementor-widget-text-editor\" data-id=\"83565ef\" data-element_type=\"widget\" data-settings=\"{&quot;_animation&quot;:&quot;slideInUp&quot;,&quot;_animation_delay&quot;:200}\" data-widget_type=\"text-editor.default\">\n\t\t\t\t<div class=\"elementor-widget-container\">\n\t\t\t\t\t\t\t\t\t<p>Le processus commence avec le d\u00e9chirement et le transport du mat\u00e9riau isolant en balles, sacs ou d\u00e9chets recycl\u00e9s. Il y a ensuite une phase de d\u00e9chirement calibr\u00e9 et injection dans l\u2019interstice des tuyaux \u00e0 double paroi \u00e0 travers une pompe \u00e0 haute pression.<br>Ce processus se r\u00e9alise automatiquement, sans que l\u2019op\u00e9rateur entre en contact avec le mat\u00e9riau isolant: de cette fa\u00e7on le milieu de travail est conforme aux normes les plus strictes. Pour un processus efficace et fiable, chaque \u00e9l\u00e9ment est pes\u00e9 afin d\u2019acqu\u00e9rir un remplissage parfait et une qualit\u00e9 constante du produit fini.<br>Il est possible d\u2019avoir des interstices de 25, 50 ou 75 mm; les diam\u00e8tres partent de 80 mm \u00e0 l\u2019int\u00e9rieur et arrivent \u00e0 1200 mm \u00e0 l\u2019ext\u00e9rieur. <\/p>\t\t\t\t\t\t\t\t<\/div>\n\t\t\t\t<\/div>\n\t\t\t\t<\/div>\n\t\t\t\t<\/div>\n\t\t<div class=\"elementor-element elementor-element-f19d086 e-con-full e-flex e-con e-parent\" data-id=\"f19d086\" data-element_type=\"container\">\n\t\t<div class=\"elementor-element elementor-element-125a70f e-con-full e-flex e-con e-child\" data-id=\"125a70f\" data-element_type=\"container\">\n\t\t\t\t<div class=\"elementor-element elementor-element-48ac035 animated-fast elementor-invisible elementor-widget elementor-widget-heading\" data-id=\"48ac035\" data-element_type=\"widget\" data-settings=\"{&quot;_animation&quot;:&quot;slideInUp&quot;}\" data-widget_type=\"heading.default\">\n\t\t\t\t<div class=\"elementor-widget-container\">\n\t\t\t\t\t<h2 class=\"elementor-heading-title elementor-size-default\">TTE<span style=\"color: #0D0D0E\">NGINEERING<\/span><\/h2>\t\t\t\t<\/div>\n\t\t\t\t<\/div>\n\t\t\t\t<div class=\"elementor-element elementor-element-a87191e animated-fast elementor-invisible elementor-widget elementor-widget-heading\" data-id=\"a87191e\" data-element_type=\"widget\" data-settings=\"{&quot;_animation&quot;:&quot;slideInUp&quot;,&quot;_animation_delay&quot;:100}\" data-widget_type=\"heading.default\">\n\t\t\t\t<div class=\"elementor-widget-container\">\n\t\t\t\t\t<h2 class=\"elementor-heading-title elementor-size-default\">Anneau flexible en m\u00e9tal \u2013 brevet TTE<\/h2>\t\t\t\t<\/div>\n\t\t\t\t<\/div>\n\t\t\t\t<div class=\"elementor-element elementor-element-e18aa80 elementor-widget__width-initial animated-fast elementor-invisible elementor-widget elementor-widget-text-editor\" data-id=\"e18aa80\" data-element_type=\"widget\" data-settings=\"{&quot;_animation&quot;:&quot;slideInUp&quot;,&quot;_animation_delay&quot;:200}\" data-widget_type=\"text-editor.default\">\n\t\t\t\t<div class=\"elementor-widget-container\">\n\t\t\t\t\t\t\t\t\t<p>Pour all\u00e9ger la production de tuyaux \u00e0 double paroi nous avons d\u00e9velopp\u00e9 un anneau flexible et brevet\u00e9 en m\u00e9tal, avec lequel on peut sceller les deux extr\u00e9mit\u00e9s du tuyau et minimiser la transmission thermique entre la section ext\u00e9rieure et int\u00e9rieure. Alternativement TTE a d\u00e9velopp\u00e9 un anneau rigide en mat\u00e9riau isolant pour sceller les extr\u00e9mit\u00e9s du tuyau. <\/p>\t\t\t\t\t\t\t\t<\/div>\n\t\t\t\t<\/div>\n\t\t<div class=\"elementor-element elementor-element-fc83c56 e-con-full e-flex e-con e-child\" data-id=\"fc83c56\" data-element_type=\"container\">\n\t\t\t\t<div class=\"elementor-element elementor-element-8515bd3 elementor-align-justify elementor-widget__width-initial animated-fast elementor-invisible elementor-widget elementor-widget-button\" data-id=\"8515bd3\" data-element_type=\"widget\" data-settings=\"{&quot;_animation&quot;:&quot;slideInRight&quot;,&quot;_animation_delay&quot;:500}\" data-widget_type=\"button.default\">\n\t\t\t\t<div class=\"elementor-widget-container\">\n\t\t\t\t\t\t\t\t\t<div class=\"elementor-button-wrapper\">\n\t\t\t\t\t<a class=\"elementor-button elementor-button-link elementor-size-sm\" href=\"https:\/\/www.ttengineering.it\/fr\/nous-contacter\/\">\n\t\t\t\t\t\t<span class=\"elementor-button-content-wrapper\">\n\t\t\t\t\t\t\t\t\t<span class=\"elementor-button-text\">CONTACTEZ-NOUS<\/span>\n\t\t\t\t\t<\/span>\n\t\t\t\t\t<\/a>\n\t\t\t\t<\/div>\n\t\t\t\t\t\t\t\t<\/div>\n\t\t\t\t<\/div>\n\t\t\t\t<\/div>\n\t\t\t\t<\/div>\n\t\t<div class=\"elementor-element elementor-element-b280999 e-con-full e-flex e-con e-child\" data-id=\"b280999\" data-element_type=\"container\" data-settings=\"{&quot;background_background&quot;:&quot;classic&quot;}\">\n\t\t\t\t<\/div>\n\t\t\t\t<\/div>\n\t\t\t\t<\/div>\n\t\t","protected":false},"excerpt":{"rendered":"<p>TTENGINEERING &#8211; produits pour nos clients Syst\u00e8mes pour tuyaux double paroi Dans le secteur des fum\u00e9es TTEngineering a une grande exp\u00e9rience dans la construction de syst\u00e8mes pour tuyaux double paroi, qui permettent de remplir automatiquement de tuyaux lin\u00e9aires, coudes et pi\u00e8ces en T avec de mat\u00e9riaux thermo-isolants comme laine de roche (min\u00e9rale) et\/ou c\u00e9ramique. Ce [&hellip;]<\/p>\n","protected":false},"author":1,"featured_media":0,"parent":0,"menu_order":0,"comment_status":"closed","ping_status":"closed","template":"","meta":{"footnotes":""},"class_list":["post-1509","page","type-page","status-publish","hentry"],"yoast_head":"<!-- This site is optimized with the Yoast SEO plugin v25.4 - https:\/\/yoast.com\/wordpress\/plugins\/seo\/ -->\n<title>Syst\u00e8mes pour tuyaux double paroi - TTEngineering - Advanced Solutions for Automation<\/title>\n<meta name=\"robots\" content=\"index, follow, max-snippet:-1, max-image-preview:large, max-video-preview:-1\" \/>\n<link rel=\"canonical\" href=\"https:\/\/www.ttengineering.it\/fr\/systemes-pour-tuyaux-double-paroi\/\" \/>\n<meta property=\"og:locale\" content=\"fr_FR\" \/>\n<meta property=\"og:type\" content=\"article\" \/>\n<meta property=\"og:title\" content=\"Syst\u00e8mes pour tuyaux double paroi - TTEngineering - Advanced Solutions for Automation\" \/>\n<meta property=\"og:description\" content=\"TTENGINEERING &#8211; produits pour nos clients Syst\u00e8mes pour tuyaux double paroi Dans le secteur des fum\u00e9es TTEngineering a une grande exp\u00e9rience dans la construction de syst\u00e8mes pour tuyaux double paroi, qui permettent de remplir automatiquement de tuyaux lin\u00e9aires, coudes et pi\u00e8ces en T avec de mat\u00e9riaux thermo-isolants comme laine de roche (min\u00e9rale) et\/ou c\u00e9ramique. Ce [&hellip;]\" \/>\n<meta property=\"og:url\" content=\"https:\/\/www.ttengineering.it\/fr\/systemes-pour-tuyaux-double-paroi\/\" \/>\n<meta property=\"og:site_name\" content=\"TTEngineering - Advanced Solutions for Automation\" \/>\n<meta property=\"article:modified_time\" content=\"2025-06-18T10:16:57+00:00\" \/>\n<meta property=\"og:image\" content=\"https:\/\/www.ttengineering.it\/wp-content\/uploads\/2025\/06\/Macchina-per-sistemi-per-tubi-a-doppia-parete-1024x730-1.png\" \/>\n<meta name=\"twitter:card\" content=\"summary_large_image\" \/>\n<meta name=\"twitter:label1\" content=\"Dur\u00e9e de lecture estim\u00e9e\" \/>\n\t<meta name=\"twitter:data1\" content=\"2 minutes\" \/>\n<script type=\"application\/ld+json\" class=\"yoast-schema-graph\">{\"@context\":\"https:\/\/schema.org\",\"@graph\":[{\"@type\":\"WebPage\",\"@id\":\"https:\/\/www.ttengineering.it\/fr\/systemes-pour-tuyaux-double-paroi\/\",\"url\":\"https:\/\/www.ttengineering.it\/fr\/systemes-pour-tuyaux-double-paroi\/\",\"name\":\"Syst\u00e8mes pour tuyaux double paroi - TTEngineering - Advanced Solutions for Automation\",\"isPartOf\":{\"@id\":\"https:\/\/www.ttengineering.it\/fr\/#website\"},\"primaryImageOfPage\":{\"@id\":\"https:\/\/www.ttengineering.it\/fr\/systemes-pour-tuyaux-double-paroi\/#primaryimage\"},\"image\":{\"@id\":\"https:\/\/www.ttengineering.it\/fr\/systemes-pour-tuyaux-double-paroi\/#primaryimage\"},\"thumbnailUrl\":\"https:\/\/www.ttengineering.it\/wp-content\/uploads\/2025\/06\/Macchina-per-sistemi-per-tubi-a-doppia-parete-1024x730-1.png\",\"datePublished\":\"2025-05-27T13:05:13+00:00\",\"dateModified\":\"2025-06-18T10:16:57+00:00\",\"breadcrumb\":{\"@id\":\"https:\/\/www.ttengineering.it\/fr\/systemes-pour-tuyaux-double-paroi\/#breadcrumb\"},\"inLanguage\":\"fr-FR\",\"potentialAction\":[{\"@type\":\"ReadAction\",\"target\":[\"https:\/\/www.ttengineering.it\/fr\/systemes-pour-tuyaux-double-paroi\/\"]}]},{\"@type\":\"ImageObject\",\"inLanguage\":\"fr-FR\",\"@id\":\"https:\/\/www.ttengineering.it\/fr\/systemes-pour-tuyaux-double-paroi\/#primaryimage\",\"url\":\"https:\/\/www.ttengineering.it\/wp-content\/uploads\/2025\/06\/Macchina-per-sistemi-per-tubi-a-doppia-parete-1024x730-1.png\",\"contentUrl\":\"https:\/\/www.ttengineering.it\/wp-content\/uploads\/2025\/06\/Macchina-per-sistemi-per-tubi-a-doppia-parete-1024x730-1.png\"},{\"@type\":\"BreadcrumbList\",\"@id\":\"https:\/\/www.ttengineering.it\/fr\/systemes-pour-tuyaux-double-paroi\/#breadcrumb\",\"itemListElement\":[{\"@type\":\"ListItem\",\"position\":1,\"name\":\"Home\",\"item\":\"https:\/\/www.ttengineering.it\/fr\/\"},{\"@type\":\"ListItem\",\"position\":2,\"name\":\"Syst\u00e8mes pour tuyaux double paroi\"}]},{\"@type\":\"WebSite\",\"@id\":\"https:\/\/www.ttengineering.it\/fr\/#website\",\"url\":\"https:\/\/www.ttengineering.it\/fr\/\",\"name\":\"TTEngineering - Advanced Solutions for Automation\",\"description\":\"TTEngineering - Advanced Solutions for Automation\",\"publisher\":{\"@id\":\"https:\/\/www.ttengineering.it\/fr\/#organization\"},\"alternateName\":\"TTEngineering - Advanced Solutions for Automation\",\"potentialAction\":[{\"@type\":\"SearchAction\",\"target\":{\"@type\":\"EntryPoint\",\"urlTemplate\":\"https:\/\/www.ttengineering.it\/fr\/?s={search_term_string}\"},\"query-input\":{\"@type\":\"PropertyValueSpecification\",\"valueRequired\":true,\"valueName\":\"search_term_string\"}}],\"inLanguage\":\"fr-FR\"},{\"@type\":\"Organization\",\"@id\":\"https:\/\/www.ttengineering.it\/fr\/#organization\",\"name\":\"TTEngineering - Advanced Solutions for Automation\",\"alternateName\":\"TTEngineering - Advanced Solutions for Automation\",\"url\":\"https:\/\/www.ttengineering.it\/fr\/\",\"logo\":{\"@type\":\"ImageObject\",\"inLanguage\":\"fr-FR\",\"@id\":\"https:\/\/www.ttengineering.it\/fr\/#\/schema\/logo\/image\/\",\"url\":\"https:\/\/www.ttengineering.it\/wp-content\/uploads\/2025\/05\/favicon.png\",\"contentUrl\":\"https:\/\/www.ttengineering.it\/wp-content\/uploads\/2025\/05\/favicon.png\",\"width\":512,\"height\":512,\"caption\":\"TTEngineering - Advanced Solutions for Automation\"},\"image\":{\"@id\":\"https:\/\/www.ttengineering.it\/fr\/#\/schema\/logo\/image\/\"}}]}<\/script>\n<!-- \/ Yoast SEO plugin. -->","yoast_head_json":{"title":"Syst\u00e8mes pour tuyaux double paroi - TTEngineering - Advanced Solutions for Automation","robots":{"index":"index","follow":"follow","max-snippet":"max-snippet:-1","max-image-preview":"max-image-preview:large","max-video-preview":"max-video-preview:-1"},"canonical":"https:\/\/www.ttengineering.it\/fr\/systemes-pour-tuyaux-double-paroi\/","og_locale":"fr_FR","og_type":"article","og_title":"Syst\u00e8mes pour tuyaux double paroi - TTEngineering - Advanced Solutions for Automation","og_description":"TTENGINEERING &#8211; produits pour nos clients Syst\u00e8mes pour tuyaux double paroi Dans le secteur des fum\u00e9es TTEngineering a une grande exp\u00e9rience dans la construction de syst\u00e8mes pour tuyaux double paroi, qui permettent de remplir automatiquement de tuyaux lin\u00e9aires, coudes et pi\u00e8ces en T avec de mat\u00e9riaux thermo-isolants comme laine de roche (min\u00e9rale) et\/ou c\u00e9ramique. Ce [&hellip;]","og_url":"https:\/\/www.ttengineering.it\/fr\/systemes-pour-tuyaux-double-paroi\/","og_site_name":"TTEngineering - Advanced Solutions for Automation","article_modified_time":"2025-06-18T10:16:57+00:00","og_image":[{"url":"https:\/\/www.ttengineering.it\/wp-content\/uploads\/2025\/06\/Macchina-per-sistemi-per-tubi-a-doppia-parete-1024x730-1.png","type":"","width":"","height":""}],"twitter_card":"summary_large_image","twitter_misc":{"Dur\u00e9e de lecture estim\u00e9e":"2 minutes"},"schema":{"@context":"https:\/\/schema.org","@graph":[{"@type":"WebPage","@id":"https:\/\/www.ttengineering.it\/fr\/systemes-pour-tuyaux-double-paroi\/","url":"https:\/\/www.ttengineering.it\/fr\/systemes-pour-tuyaux-double-paroi\/","name":"Syst\u00e8mes pour tuyaux double paroi - TTEngineering - Advanced Solutions for Automation","isPartOf":{"@id":"https:\/\/www.ttengineering.it\/fr\/#website"},"primaryImageOfPage":{"@id":"https:\/\/www.ttengineering.it\/fr\/systemes-pour-tuyaux-double-paroi\/#primaryimage"},"image":{"@id":"https:\/\/www.ttengineering.it\/fr\/systemes-pour-tuyaux-double-paroi\/#primaryimage"},"thumbnailUrl":"https:\/\/www.ttengineering.it\/wp-content\/uploads\/2025\/06\/Macchina-per-sistemi-per-tubi-a-doppia-parete-1024x730-1.png","datePublished":"2025-05-27T13:05:13+00:00","dateModified":"2025-06-18T10:16:57+00:00","breadcrumb":{"@id":"https:\/\/www.ttengineering.it\/fr\/systemes-pour-tuyaux-double-paroi\/#breadcrumb"},"inLanguage":"fr-FR","potentialAction":[{"@type":"ReadAction","target":["https:\/\/www.ttengineering.it\/fr\/systemes-pour-tuyaux-double-paroi\/"]}]},{"@type":"ImageObject","inLanguage":"fr-FR","@id":"https:\/\/www.ttengineering.it\/fr\/systemes-pour-tuyaux-double-paroi\/#primaryimage","url":"https:\/\/www.ttengineering.it\/wp-content\/uploads\/2025\/06\/Macchina-per-sistemi-per-tubi-a-doppia-parete-1024x730-1.png","contentUrl":"https:\/\/www.ttengineering.it\/wp-content\/uploads\/2025\/06\/Macchina-per-sistemi-per-tubi-a-doppia-parete-1024x730-1.png"},{"@type":"BreadcrumbList","@id":"https:\/\/www.ttengineering.it\/fr\/systemes-pour-tuyaux-double-paroi\/#breadcrumb","itemListElement":[{"@type":"ListItem","position":1,"name":"Home","item":"https:\/\/www.ttengineering.it\/fr\/"},{"@type":"ListItem","position":2,"name":"Syst\u00e8mes pour tuyaux double paroi"}]},{"@type":"WebSite","@id":"https:\/\/www.ttengineering.it\/fr\/#website","url":"https:\/\/www.ttengineering.it\/fr\/","name":"TTEngineering - Advanced Solutions for Automation","description":"TTEngineering - Advanced Solutions for Automation","publisher":{"@id":"https:\/\/www.ttengineering.it\/fr\/#organization"},"alternateName":"TTEngineering - Advanced Solutions for Automation","potentialAction":[{"@type":"SearchAction","target":{"@type":"EntryPoint","urlTemplate":"https:\/\/www.ttengineering.it\/fr\/?s={search_term_string}"},"query-input":{"@type":"PropertyValueSpecification","valueRequired":true,"valueName":"search_term_string"}}],"inLanguage":"fr-FR"},{"@type":"Organization","@id":"https:\/\/www.ttengineering.it\/fr\/#organization","name":"TTEngineering - Advanced Solutions for Automation","alternateName":"TTEngineering - Advanced Solutions for Automation","url":"https:\/\/www.ttengineering.it\/fr\/","logo":{"@type":"ImageObject","inLanguage":"fr-FR","@id":"https:\/\/www.ttengineering.it\/fr\/#\/schema\/logo\/image\/","url":"https:\/\/www.ttengineering.it\/wp-content\/uploads\/2025\/05\/favicon.png","contentUrl":"https:\/\/www.ttengineering.it\/wp-content\/uploads\/2025\/05\/favicon.png","width":512,"height":512,"caption":"TTEngineering - Advanced Solutions for Automation"},"image":{"@id":"https:\/\/www.ttengineering.it\/fr\/#\/schema\/logo\/image\/"}}]}},"_links":{"self":[{"href":"https:\/\/www.ttengineering.it\/fr\/wp-json\/wp\/v2\/pages\/1509","targetHints":{"allow":["GET"]}}],"collection":[{"href":"https:\/\/www.ttengineering.it\/fr\/wp-json\/wp\/v2\/pages"}],"about":[{"href":"https:\/\/www.ttengineering.it\/fr\/wp-json\/wp\/v2\/types\/page"}],"author":[{"embeddable":true,"href":"https:\/\/www.ttengineering.it\/fr\/wp-json\/wp\/v2\/users\/1"}],"replies":[{"embeddable":true,"href":"https:\/\/www.ttengineering.it\/fr\/wp-json\/wp\/v2\/comments?post=1509"}],"version-history":[{"count":3,"href":"https:\/\/www.ttengineering.it\/fr\/wp-json\/wp\/v2\/pages\/1509\/revisions"}],"predecessor-version":[{"id":1886,"href":"https:\/\/www.ttengineering.it\/fr\/wp-json\/wp\/v2\/pages\/1509\/revisions\/1886"}],"wp:attachment":[{"href":"https:\/\/www.ttengineering.it\/fr\/wp-json\/wp\/v2\/media?parent=1509"}],"curies":[{"name":"wp","href":"https:\/\/api.w.org\/{rel}","templated":true}]}}