{"id":1495,"date":"2025-05-27T15:04:39","date_gmt":"2025-05-27T13:04:39","guid":{"rendered":"https:\/\/www.ttengineering.it\/lignes-automatiques-de-fabrication-de-tuyaux\/"},"modified":"2025-06-18T12:12:31","modified_gmt":"2025-06-18T10:12:31","slug":"lignes-automatiques-de-fabrication-de-tuyaux","status":"publish","type":"page","link":"https:\/\/www.ttengineering.it\/fr\/lignes-automatiques-de-fabrication-de-tuyaux\/","title":{"rendered":"Lignes automatiques de fabrication de tuyaux"},"content":{"rendered":"\t\t<div data-elementor-type=\"wp-page\" data-elementor-id=\"1495\" class=\"elementor elementor-1495 elementor-30\" data-elementor-post-type=\"page\">\n\t\t\t\t<div class=\"elementor-element elementor-element-9bc2c59 e-con-full e-flex e-con e-parent\" data-id=\"9bc2c59\" data-element_type=\"container\">\n\t\t<div class=\"elementor-element elementor-element-354de9b e-con-full e-flex e-con e-child\" data-id=\"354de9b\" data-element_type=\"container\">\n\t\t\t\t<div class=\"elementor-element elementor-element-1dbd4d6 animated-fast elementor-invisible elementor-widget elementor-widget-heading\" data-id=\"1dbd4d6\" data-element_type=\"widget\" data-settings=\"{&quot;_animation&quot;:&quot;slideInUp&quot;}\" data-widget_type=\"heading.default\">\n\t\t\t\t<div class=\"elementor-widget-container\">\n\t\t\t\t\t<h2 class=\"elementor-heading-title elementor-size-default\">TTE<span style=\"color: #0D0D0E\">NGINEERING<\/span> - produits pour nos clients<\/h2>\t\t\t\t<\/div>\n\t\t\t\t<\/div>\n\t\t\t\t<div class=\"elementor-element elementor-element-028ede5 animated-fast elementor-invisible elementor-widget elementor-widget-heading\" data-id=\"028ede5\" data-element_type=\"widget\" data-settings=\"{&quot;_animation&quot;:&quot;slideInUp&quot;,&quot;_animation_delay&quot;:100}\" data-widget_type=\"heading.default\">\n\t\t\t\t<div class=\"elementor-widget-container\">\n\t\t\t\t\t<h2 class=\"elementor-heading-title elementor-size-default\">Lignes automatiques de fabrication de tuyaux<\/h2>\t\t\t\t<\/div>\n\t\t\t\t<\/div>\n\t\t\t\t<div class=\"elementor-element elementor-element-aa4cf56 elementor-widget__width-initial animated-fast elementor-invisible elementor-widget elementor-widget-text-editor\" data-id=\"aa4cf56\" data-element_type=\"widget\" data-settings=\"{&quot;_animation&quot;:&quot;slideInUp&quot;,&quot;_animation_delay&quot;:200}\" data-widget_type=\"text-editor.default\">\n\t\t\t\t<div class=\"elementor-widget-container\">\n\t\t\t\t\t\t\t\t\t<p>Gr\u00e2ce \u00e0 ses comp\u00e9tences en automatisation, TTEngineering propose \u00e9galement des <strong>lignes automatiques tr\u00e8s flexibles de fabrication de tuyaux<\/strong> qu\u2019on peut calandrer et souder avec une seule solution.<\/p><p>La configuration de base pr\u00e9voit une ou deux tables d\u2019alimentation des t\u00f4les pr\u00e9d\u00e9coup\u00e9es, un syst\u00e8me de calandrage avec FlexFormer\u00ae, une unit\u00e9 automatis\u00e9e pour le transport des pi\u00e8ces de la virole \u00e0 la station de soudage, une unit\u00e9 de soudage (m\u00eame multi-processus) et un syst\u00e8me pour le d\u00e9chargement des tuyaux finis.<\/p>\t\t\t\t\t\t\t\t<\/div>\n\t\t\t\t<\/div>\n\t\t\t\t<\/div>\n\t\t<div class=\"elementor-element elementor-element-6a4efb8 e-con-full e-flex e-con e-child\" data-id=\"6a4efb8\" data-element_type=\"container\" data-settings=\"{&quot;background_background&quot;:&quot;classic&quot;}\">\n\t\t\t\t<\/div>\n\t\t\t\t<\/div>\n\t\t<div class=\"elementor-element elementor-element-e4a1e06 e-con-full e-flex e-con e-parent\" data-id=\"e4a1e06\" data-element_type=\"container\" data-settings=\"{&quot;background_background&quot;:&quot;classic&quot;}\">\n\t\t<div class=\"elementor-element elementor-element-78ac072 e-con-full e-flex e-con e-child\" data-id=\"78ac072\" data-element_type=\"container\" data-settings=\"{&quot;background_background&quot;:&quot;classic&quot;}\">\n\t\t\t\t<div class=\"elementor-element elementor-element-e39ac2f elementor-arrows-position-outside elementor-widget elementor-widget-image-carousel\" data-id=\"e39ac2f\" data-element_type=\"widget\" data-settings=\"{&quot;slides_to_show&quot;:&quot;1&quot;,&quot;navigation&quot;:&quot;arrows&quot;,&quot;autoplay&quot;:&quot;yes&quot;,&quot;autoplay_speed&quot;:5000,&quot;infinite&quot;:&quot;yes&quot;,&quot;effect&quot;:&quot;slide&quot;,&quot;speed&quot;:500}\" data-widget_type=\"image-carousel.default\">\n\t\t\t\t<div class=\"elementor-widget-container\">\n\t\t\t\t\t\t\t<div class=\"elementor-image-carousel-wrapper swiper\" role=\"region\" aria-roledescription=\"carousel\" aria-label=\"Carosello d&#039;immagini\" dir=\"ltr\">\n\t\t\t<div class=\"elementor-image-carousel swiper-wrapper\" aria-live=\"off\">\n\t\t\t\t\t\t\t\t<div class=\"swiper-slide\" role=\"group\" aria-roledescription=\"slide\" aria-label=\"1 sur 2\"><figure class=\"swiper-slide-inner\"><img decoding=\"async\" class=\"swiper-slide-image\" src=\"https:\/\/www.ttengineering.it\/wp-content\/uploads\/2025\/06\/Dettaglio-scarico-CSU-linee-automatiche-1024x790-1.png\" alt=\"Dettaglio scarico CSU\" \/><figcaption class=\"elementor-image-carousel-caption\">Dettaglio scarico CSU<\/figcaption><\/figure><\/div><div class=\"swiper-slide\" role=\"group\" aria-roledescription=\"slide\" aria-label=\"2 sur 2\"><figure class=\"swiper-slide-inner\"><img decoding=\"async\" class=\"swiper-slide-image\" src=\"https:\/\/www.ttengineering.it\/wp-content\/uploads\/2025\/06\/Stella-CSU-linee-automatiche-1024x790-1.jpg\" alt=\"Stella CSU\" \/><figcaption class=\"elementor-image-carousel-caption\">Stella CSU<\/figcaption><\/figure><\/div>\t\t\t<\/div>\n\t\t\t\t\t\t\t\t\t\t\t\t<div class=\"elementor-swiper-button elementor-swiper-button-prev\" role=\"button\" tabindex=\"0\">\n\t\t\t\t\t\t<svg aria-hidden=\"true\" class=\"e-font-icon-svg e-eicon-chevron-left\" viewBox=\"0 0 1000 1000\" xmlns=\"http:\/\/www.w3.org\/2000\/svg\"><path d=\"M646 125C629 125 613 133 604 142L308 442C296 454 292 471 292 487 292 504 296 521 308 533L604 854C617 867 629 875 646 875 663 875 679 871 692 858 704 846 713 829 713 812 713 796 708 779 692 767L438 487 692 225C700 217 708 204 708 187 708 171 704 154 692 142 675 129 663 125 646 125Z\"><\/path><\/svg>\t\t\t\t\t<\/div>\n\t\t\t\t\t<div class=\"elementor-swiper-button elementor-swiper-button-next\" role=\"button\" tabindex=\"0\">\n\t\t\t\t\t\t<svg aria-hidden=\"true\" class=\"e-font-icon-svg e-eicon-chevron-right\" viewBox=\"0 0 1000 1000\" xmlns=\"http:\/\/www.w3.org\/2000\/svg\"><path d=\"M696 533C708 521 713 504 713 487 713 471 708 454 696 446L400 146C388 133 375 125 354 125 338 125 325 129 313 142 300 154 292 171 292 187 292 204 296 221 308 233L563 492 304 771C292 783 288 800 288 817 288 833 296 850 308 863 321 871 338 875 354 875 371 875 388 867 400 854L696 533Z\"><\/path><\/svg>\t\t\t\t\t<\/div>\n\t\t\t\t\n\t\t\t\t\t\t\t\t\t<\/div>\n\t\t\t\t\t\t<\/div>\n\t\t\t\t<\/div>\n\t\t\t\t<\/div>\n\t\t<div class=\"elementor-element elementor-element-e063fef e-con-full e-flex e-con e-child\" data-id=\"e063fef\" data-element_type=\"container\" data-settings=\"{&quot;background_background&quot;:&quot;classic&quot;}\">\n\t\t\t\t<div class=\"elementor-element elementor-element-e4b9ab2 animated-fast elementor-invisible elementor-widget elementor-widget-heading\" data-id=\"e4b9ab2\" data-element_type=\"widget\" data-settings=\"{&quot;_animation&quot;:&quot;slideInUp&quot;}\" data-widget_type=\"heading.default\">\n\t\t\t\t<div class=\"elementor-widget-container\">\n\t\t\t\t\t<h2 class=\"elementor-heading-title elementor-size-default\">TTE<span style=\"color: #FFFFFF\">NGINEERING<\/span><\/h2>\t\t\t\t<\/div>\n\t\t\t\t<\/div>\n\t\t\t\t<div class=\"elementor-element elementor-element-c4b0f7a elementor-widget__width-initial animated-fast elementor-invisible elementor-widget elementor-widget-text-editor\" data-id=\"c4b0f7a\" data-element_type=\"widget\" data-settings=\"{&quot;_animation&quot;:&quot;slideInUp&quot;,&quot;_animation_delay&quot;:200}\" data-widget_type=\"text-editor.default\">\n\t\t\t\t<div class=\"elementor-widget-container\">\n\t\t\t\t\t\t\t\t\t<p>Automatisation et qualit\u00e9<\/p>\t\t\t\t\t\t\t\t<\/div>\n\t\t\t\t<\/div>\n\t\t\t\t<div class=\"elementor-element elementor-element-0bf39e5 elementor-widget__width-initial animated-fast elementor-invisible elementor-widget elementor-widget-text-editor\" data-id=\"0bf39e5\" data-element_type=\"widget\" data-settings=\"{&quot;_animation&quot;:&quot;slideInUp&quot;,&quot;_animation_delay&quot;:200}\" data-widget_type=\"text-editor.default\">\n\t\t\t\t<div class=\"elementor-widget-container\">\n\t\t\t\t\t\t\t\t\t<p>Pour le mod\u00e8le \u201cFull Automatic\u201d, plus r\u00e9cent et compl\u00e8tement automatis\u00e9, il y a un r\u00e9glage automatique de l\u2019unit\u00e9 de soudage selon le diam\u00e8tre.<\/p>\t\t\t\t\t\t\t\t<\/div>\n\t\t\t\t<\/div>\n\t\t\t\t<div class=\"elementor-element elementor-element-4cc18b0 elementor-widget__width-initial animated-fast elementor-invisible elementor-widget elementor-widget-text-editor\" data-id=\"4cc18b0\" data-element_type=\"widget\" data-settings=\"{&quot;_animation&quot;:&quot;slideInUp&quot;,&quot;_animation_delay&quot;:200}\" data-widget_type=\"text-editor.default\">\n\t\t\t\t<div class=\"elementor-widget-container\">\n\t\t\t\t\t\t\t\t\t<p>Le propre de ces lignes automatiques est la technologie de calandrage et soudage du tuyau. Dans l\u2019unit\u00e9 de soudage le tuyau est toujours bloqu\u00e9, alors que la t\u00eate de soudage se d\u00e9place le long de la jonction, m\u00eame avec plusieurs courses. Gr\u00e2ce \u00e0 cette solution, la qualit\u00e9 du r\u00e9sultat est garantie, le processus est r\u00e9p\u00e9table et r\u00e9pond chaque fois \u00e0 des normes de qualit\u00e9 et fiabilit\u00e9 tr\u00e8s \u00e9lev\u00e9es.  <br>TTE offre \u00e9galement des syst\u00e8mes de v\u00e9rification certifi\u00e9s pour le processus de soudage qui transmettent un journal de donn\u00e9es en temps r\u00e9el et assurent la tra\u00e7abilit\u00e9 des param\u00e8tres associ\u00e9s \u00e0 un certain \u00e9l\u00e9ment et \u00e0 un certain processus. On pr\u00e9voit aussi l\u2019int\u00e9gration avec le logiciel de gestion du client pour lui envoyer toutes les donn\u00e9es \u00e9chang\u00e9es avec le contr\u00f4le principal du syst\u00e8me. <\/p>\t\t\t\t\t\t\t\t<\/div>\n\t\t\t\t<\/div>\n\t\t\t\t<\/div>\n\t\t\t\t<\/div>\n\t\t<div class=\"elementor-element elementor-element-869266d e-flex e-con-boxed e-con e-parent\" data-id=\"869266d\" data-element_type=\"container\">\n\t\t\t\t\t<div class=\"e-con-inner\">\n\t\t<div class=\"elementor-element elementor-element-f48fa7b e-con-full e-flex e-con e-child\" data-id=\"f48fa7b\" data-element_type=\"container\">\n\t\t\t\t<div class=\"elementor-element elementor-element-d12fbdc animated-fast elementor-invisible elementor-widget elementor-widget-heading\" data-id=\"d12fbdc\" data-element_type=\"widget\" data-settings=\"{&quot;_animation&quot;:&quot;slideInUp&quot;}\" data-widget_type=\"heading.default\">\n\t\t\t\t<div class=\"elementor-widget-container\">\n\t\t\t\t\t<h2 class=\"elementor-heading-title elementor-size-default\">TTE<span style=\"color: #0D0D0E\">NGINEERING<\/span><\/h2>\t\t\t\t<\/div>\n\t\t\t\t<\/div>\n\t\t\t\t<div class=\"elementor-element elementor-element-bbce618 animated-fast elementor-invisible elementor-widget elementor-widget-heading\" data-id=\"bbce618\" data-element_type=\"widget\" data-settings=\"{&quot;_animation&quot;:&quot;slideInUp&quot;,&quot;_animation_delay&quot;:100}\" data-widget_type=\"heading.default\">\n\t\t\t\t<div class=\"elementor-widget-container\">\n\t\t\t\t\t<h2 class=\"elementor-heading-title elementor-size-default\">Mot d\u2019ordre: flexibilit\u00e9<\/h2>\t\t\t\t<\/div>\n\t\t\t\t<\/div>\n\t\t\t\t<div class=\"elementor-element elementor-element-75012a3 elementor-widget__width-initial animated-fast elementor-invisible elementor-widget elementor-widget-text-editor\" data-id=\"75012a3\" data-element_type=\"widget\" data-settings=\"{&quot;_animation&quot;:&quot;slideInUp&quot;,&quot;_animation_delay&quot;:200}\" data-widget_type=\"text-editor.default\">\n\t\t\t\t<div class=\"elementor-widget-container\">\n\t\t\t\t\t\t\t\t\t<p>Gr\u00e2ce \u00e0 sa grande flexibilit\u00e9, cette solution permet au client de produire des tuyaux multiformes (ronds, ovales, elliptiques, rectangulaires) avec une large choix de diam\u00e8tres et \u00e9paisseurs. Il suffit de rappeler les recettes en m\u00e9moire, sans changer de format et sans temps mort.<\/p>\t\t\t\t\t\t\t\t<\/div>\n\t\t\t\t<\/div>\n\t\t<div class=\"elementor-element elementor-element-cfb8c0d e-con-full e-flex e-con e-child\" data-id=\"cfb8c0d\" data-element_type=\"container\">\n\t\t\t\t<div class=\"elementor-element elementor-element-410d745 elementor-align-justify elementor-widget__width-initial animated-fast elementor-invisible elementor-widget elementor-widget-button\" data-id=\"410d745\" data-element_type=\"widget\" data-settings=\"{&quot;_animation&quot;:&quot;slideInRight&quot;,&quot;_animation_delay&quot;:500}\" data-widget_type=\"button.default\">\n\t\t\t\t<div class=\"elementor-widget-container\">\n\t\t\t\t\t\t\t\t\t<div class=\"elementor-button-wrapper\">\n\t\t\t\t\t<a class=\"elementor-button elementor-button-link elementor-size-sm\" href=\"https:\/\/www.ttengineering.it\/fr\/nous-contacter\/\">\n\t\t\t\t\t\t<span class=\"elementor-button-content-wrapper\">\n\t\t\t\t\t\t\t\t\t<span class=\"elementor-button-text\">CONTACTEZ-NOUS<\/span>\n\t\t\t\t\t<\/span>\n\t\t\t\t\t<\/a>\n\t\t\t\t<\/div>\n\t\t\t\t\t\t\t\t<\/div>\n\t\t\t\t<\/div>\n\t\t\t\t<\/div>\n\t\t\t\t<\/div>\n\t\t<div class=\"elementor-element elementor-element-f6fb687 e-con-full e-flex e-con e-child\" data-id=\"f6fb687\" data-element_type=\"container\" data-settings=\"{&quot;background_background&quot;:&quot;classic&quot;}\">\n\t\t\t\t<div class=\"elementor-element elementor-element-e9810ad elementor-widget elementor-widget-image\" data-id=\"e9810ad\" data-element_type=\"widget\" data-widget_type=\"image.default\">\n\t\t\t\t<div class=\"elementor-widget-container\">\n\t\t\t\t\t\t\t\t\t\t\t\t\t\t\t<img fetchpriority=\"high\" decoding=\"async\" width=\"1024\" height=\"521\" src=\"https:\/\/www.ttengineering.it\/wp-content\/uploads\/2025\/06\/multishape-linee-automatiche-per-produzione-tubo-1024x521.jpg\" class=\"attachment-large size-large wp-image-1096\" alt=\"\" srcset=\"https:\/\/www.ttengineering.it\/wp-content\/uploads\/2025\/06\/multishape-linee-automatiche-per-produzione-tubo-1024x521.jpg 1024w, https:\/\/www.ttengineering.it\/wp-content\/uploads\/2025\/06\/multishape-linee-automatiche-per-produzione-tubo-300x153.jpg 300w, https:\/\/www.ttengineering.it\/wp-content\/uploads\/2025\/06\/multishape-linee-automatiche-per-produzione-tubo-768x391.jpg 768w, https:\/\/www.ttengineering.it\/wp-content\/uploads\/2025\/06\/multishape-linee-automatiche-per-produzione-tubo.jpg 1390w\" sizes=\"(max-width: 1024px) 100vw, 1024px\" \/>\t\t\t\t\t\t\t\t\t\t\t\t\t\t\t<\/div>\n\t\t\t\t<\/div>\n\t\t\t\t<\/div>\n\t\t\t\t\t<\/div>\n\t\t\t\t<\/div>\n\t\t\t\t<\/div>\n\t\t","protected":false},"excerpt":{"rendered":"<p>TTENGINEERING &#8211; produits pour nos clients Lignes automatiques de fabrication de tuyaux Gr\u00e2ce \u00e0 ses comp\u00e9tences en automatisation, TTEngineering propose \u00e9galement des lignes automatiques tr\u00e8s flexibles de fabrication de tuyaux qu\u2019on peut calandrer et souder avec une seule solution. La configuration de base pr\u00e9voit une ou deux tables d\u2019alimentation des t\u00f4les pr\u00e9d\u00e9coup\u00e9es, un syst\u00e8me de [&hellip;]<\/p>\n","protected":false},"author":1,"featured_media":0,"parent":0,"menu_order":0,"comment_status":"closed","ping_status":"closed","template":"","meta":{"footnotes":""},"class_list":["post-1495","page","type-page","status-publish","hentry"],"yoast_head":"<!-- This site is optimized with the Yoast SEO plugin v25.4 - https:\/\/yoast.com\/wordpress\/plugins\/seo\/ -->\n<title>Lignes automatiques de fabrication de tuyaux - TTEngineering - Advanced Solutions for Automation<\/title>\n<meta name=\"robots\" content=\"index, follow, max-snippet:-1, max-image-preview:large, max-video-preview:-1\" \/>\n<link rel=\"canonical\" href=\"https:\/\/www.ttengineering.it\/fr\/lignes-automatiques-de-fabrication-de-tuyaux\/\" \/>\n<meta property=\"og:locale\" content=\"fr_FR\" \/>\n<meta property=\"og:type\" content=\"article\" \/>\n<meta property=\"og:title\" content=\"Lignes automatiques de fabrication de tuyaux - TTEngineering - Advanced Solutions for Automation\" \/>\n<meta property=\"og:description\" content=\"TTENGINEERING &#8211; produits pour nos clients Lignes automatiques de fabrication de tuyaux Gr\u00e2ce \u00e0 ses comp\u00e9tences en automatisation, TTEngineering propose \u00e9galement des lignes automatiques tr\u00e8s flexibles de fabrication de tuyaux qu\u2019on peut calandrer et souder avec une seule solution. La configuration de base pr\u00e9voit une ou deux tables d\u2019alimentation des t\u00f4les pr\u00e9d\u00e9coup\u00e9es, un syst\u00e8me de [&hellip;]\" \/>\n<meta property=\"og:url\" content=\"https:\/\/www.ttengineering.it\/fr\/lignes-automatiques-de-fabrication-de-tuyaux\/\" \/>\n<meta property=\"og:site_name\" content=\"TTEngineering - Advanced Solutions for Automation\" \/>\n<meta property=\"article:modified_time\" content=\"2025-06-18T10:12:31+00:00\" \/>\n<meta property=\"og:image\" content=\"https:\/\/www.ttengineering.it\/wp-content\/uploads\/2025\/06\/Dettaglio-scarico-CSU-linee-automatiche-1024x790-1.png\" \/>\n<meta name=\"twitter:card\" content=\"summary_large_image\" \/>\n<meta name=\"twitter:label1\" content=\"Dur\u00e9e de lecture estim\u00e9e\" \/>\n\t<meta name=\"twitter:data1\" content=\"2 minutes\" \/>\n<script type=\"application\/ld+json\" class=\"yoast-schema-graph\">{\"@context\":\"https:\/\/schema.org\",\"@graph\":[{\"@type\":\"WebPage\",\"@id\":\"https:\/\/www.ttengineering.it\/fr\/lignes-automatiques-de-fabrication-de-tuyaux\/\",\"url\":\"https:\/\/www.ttengineering.it\/fr\/lignes-automatiques-de-fabrication-de-tuyaux\/\",\"name\":\"Lignes automatiques de fabrication de tuyaux - TTEngineering - Advanced Solutions for Automation\",\"isPartOf\":{\"@id\":\"https:\/\/www.ttengineering.it\/fr\/#website\"},\"primaryImageOfPage\":{\"@id\":\"https:\/\/www.ttengineering.it\/fr\/lignes-automatiques-de-fabrication-de-tuyaux\/#primaryimage\"},\"image\":{\"@id\":\"https:\/\/www.ttengineering.it\/fr\/lignes-automatiques-de-fabrication-de-tuyaux\/#primaryimage\"},\"thumbnailUrl\":\"https:\/\/www.ttengineering.it\/wp-content\/uploads\/2025\/06\/Dettaglio-scarico-CSU-linee-automatiche-1024x790-1.png\",\"datePublished\":\"2025-05-27T13:04:39+00:00\",\"dateModified\":\"2025-06-18T10:12:31+00:00\",\"breadcrumb\":{\"@id\":\"https:\/\/www.ttengineering.it\/fr\/lignes-automatiques-de-fabrication-de-tuyaux\/#breadcrumb\"},\"inLanguage\":\"fr-FR\",\"potentialAction\":[{\"@type\":\"ReadAction\",\"target\":[\"https:\/\/www.ttengineering.it\/fr\/lignes-automatiques-de-fabrication-de-tuyaux\/\"]}]},{\"@type\":\"ImageObject\",\"inLanguage\":\"fr-FR\",\"@id\":\"https:\/\/www.ttengineering.it\/fr\/lignes-automatiques-de-fabrication-de-tuyaux\/#primaryimage\",\"url\":\"https:\/\/www.ttengineering.it\/wp-content\/uploads\/2025\/06\/Dettaglio-scarico-CSU-linee-automatiche-1024x790-1.png\",\"contentUrl\":\"https:\/\/www.ttengineering.it\/wp-content\/uploads\/2025\/06\/Dettaglio-scarico-CSU-linee-automatiche-1024x790-1.png\"},{\"@type\":\"BreadcrumbList\",\"@id\":\"https:\/\/www.ttengineering.it\/fr\/lignes-automatiques-de-fabrication-de-tuyaux\/#breadcrumb\",\"itemListElement\":[{\"@type\":\"ListItem\",\"position\":1,\"name\":\"Home\",\"item\":\"https:\/\/www.ttengineering.it\/fr\/\"},{\"@type\":\"ListItem\",\"position\":2,\"name\":\"Lignes automatiques de fabrication de tuyaux\"}]},{\"@type\":\"WebSite\",\"@id\":\"https:\/\/www.ttengineering.it\/fr\/#website\",\"url\":\"https:\/\/www.ttengineering.it\/fr\/\",\"name\":\"TTEngineering - Advanced Solutions for Automation\",\"description\":\"TTEngineering - Advanced Solutions for Automation\",\"publisher\":{\"@id\":\"https:\/\/www.ttengineering.it\/fr\/#organization\"},\"alternateName\":\"TTEngineering - Advanced Solutions for Automation\",\"potentialAction\":[{\"@type\":\"SearchAction\",\"target\":{\"@type\":\"EntryPoint\",\"urlTemplate\":\"https:\/\/www.ttengineering.it\/fr\/?s={search_term_string}\"},\"query-input\":{\"@type\":\"PropertyValueSpecification\",\"valueRequired\":true,\"valueName\":\"search_term_string\"}}],\"inLanguage\":\"fr-FR\"},{\"@type\":\"Organization\",\"@id\":\"https:\/\/www.ttengineering.it\/fr\/#organization\",\"name\":\"TTEngineering - Advanced Solutions for Automation\",\"alternateName\":\"TTEngineering - Advanced Solutions for Automation\",\"url\":\"https:\/\/www.ttengineering.it\/fr\/\",\"logo\":{\"@type\":\"ImageObject\",\"inLanguage\":\"fr-FR\",\"@id\":\"https:\/\/www.ttengineering.it\/fr\/#\/schema\/logo\/image\/\",\"url\":\"https:\/\/www.ttengineering.it\/wp-content\/uploads\/2025\/05\/favicon.png\",\"contentUrl\":\"https:\/\/www.ttengineering.it\/wp-content\/uploads\/2025\/05\/favicon.png\",\"width\":512,\"height\":512,\"caption\":\"TTEngineering - Advanced Solutions for Automation\"},\"image\":{\"@id\":\"https:\/\/www.ttengineering.it\/fr\/#\/schema\/logo\/image\/\"}}]}<\/script>\n<!-- \/ Yoast SEO plugin. -->","yoast_head_json":{"title":"Lignes automatiques de fabrication de tuyaux - TTEngineering - Advanced Solutions for Automation","robots":{"index":"index","follow":"follow","max-snippet":"max-snippet:-1","max-image-preview":"max-image-preview:large","max-video-preview":"max-video-preview:-1"},"canonical":"https:\/\/www.ttengineering.it\/fr\/lignes-automatiques-de-fabrication-de-tuyaux\/","og_locale":"fr_FR","og_type":"article","og_title":"Lignes automatiques de fabrication de tuyaux - TTEngineering - Advanced Solutions for Automation","og_description":"TTENGINEERING &#8211; produits pour nos clients Lignes automatiques de fabrication de tuyaux Gr\u00e2ce \u00e0 ses comp\u00e9tences en automatisation, TTEngineering propose \u00e9galement des lignes automatiques tr\u00e8s flexibles de fabrication de tuyaux qu\u2019on peut calandrer et souder avec une seule solution. La configuration de base pr\u00e9voit une ou deux tables d\u2019alimentation des t\u00f4les pr\u00e9d\u00e9coup\u00e9es, un syst\u00e8me de [&hellip;]","og_url":"https:\/\/www.ttengineering.it\/fr\/lignes-automatiques-de-fabrication-de-tuyaux\/","og_site_name":"TTEngineering - Advanced Solutions for Automation","article_modified_time":"2025-06-18T10:12:31+00:00","og_image":[{"url":"https:\/\/www.ttengineering.it\/wp-content\/uploads\/2025\/06\/Dettaglio-scarico-CSU-linee-automatiche-1024x790-1.png","type":"","width":"","height":""}],"twitter_card":"summary_large_image","twitter_misc":{"Dur\u00e9e de lecture estim\u00e9e":"2 minutes"},"schema":{"@context":"https:\/\/schema.org","@graph":[{"@type":"WebPage","@id":"https:\/\/www.ttengineering.it\/fr\/lignes-automatiques-de-fabrication-de-tuyaux\/","url":"https:\/\/www.ttengineering.it\/fr\/lignes-automatiques-de-fabrication-de-tuyaux\/","name":"Lignes automatiques de fabrication de tuyaux - TTEngineering - Advanced Solutions for Automation","isPartOf":{"@id":"https:\/\/www.ttengineering.it\/fr\/#website"},"primaryImageOfPage":{"@id":"https:\/\/www.ttengineering.it\/fr\/lignes-automatiques-de-fabrication-de-tuyaux\/#primaryimage"},"image":{"@id":"https:\/\/www.ttengineering.it\/fr\/lignes-automatiques-de-fabrication-de-tuyaux\/#primaryimage"},"thumbnailUrl":"https:\/\/www.ttengineering.it\/wp-content\/uploads\/2025\/06\/Dettaglio-scarico-CSU-linee-automatiche-1024x790-1.png","datePublished":"2025-05-27T13:04:39+00:00","dateModified":"2025-06-18T10:12:31+00:00","breadcrumb":{"@id":"https:\/\/www.ttengineering.it\/fr\/lignes-automatiques-de-fabrication-de-tuyaux\/#breadcrumb"},"inLanguage":"fr-FR","potentialAction":[{"@type":"ReadAction","target":["https:\/\/www.ttengineering.it\/fr\/lignes-automatiques-de-fabrication-de-tuyaux\/"]}]},{"@type":"ImageObject","inLanguage":"fr-FR","@id":"https:\/\/www.ttengineering.it\/fr\/lignes-automatiques-de-fabrication-de-tuyaux\/#primaryimage","url":"https:\/\/www.ttengineering.it\/wp-content\/uploads\/2025\/06\/Dettaglio-scarico-CSU-linee-automatiche-1024x790-1.png","contentUrl":"https:\/\/www.ttengineering.it\/wp-content\/uploads\/2025\/06\/Dettaglio-scarico-CSU-linee-automatiche-1024x790-1.png"},{"@type":"BreadcrumbList","@id":"https:\/\/www.ttengineering.it\/fr\/lignes-automatiques-de-fabrication-de-tuyaux\/#breadcrumb","itemListElement":[{"@type":"ListItem","position":1,"name":"Home","item":"https:\/\/www.ttengineering.it\/fr\/"},{"@type":"ListItem","position":2,"name":"Lignes automatiques de fabrication de tuyaux"}]},{"@type":"WebSite","@id":"https:\/\/www.ttengineering.it\/fr\/#website","url":"https:\/\/www.ttengineering.it\/fr\/","name":"TTEngineering - Advanced Solutions for Automation","description":"TTEngineering - Advanced Solutions for Automation","publisher":{"@id":"https:\/\/www.ttengineering.it\/fr\/#organization"},"alternateName":"TTEngineering - Advanced Solutions for Automation","potentialAction":[{"@type":"SearchAction","target":{"@type":"EntryPoint","urlTemplate":"https:\/\/www.ttengineering.it\/fr\/?s={search_term_string}"},"query-input":{"@type":"PropertyValueSpecification","valueRequired":true,"valueName":"search_term_string"}}],"inLanguage":"fr-FR"},{"@type":"Organization","@id":"https:\/\/www.ttengineering.it\/fr\/#organization","name":"TTEngineering - Advanced Solutions for Automation","alternateName":"TTEngineering - Advanced Solutions for Automation","url":"https:\/\/www.ttengineering.it\/fr\/","logo":{"@type":"ImageObject","inLanguage":"fr-FR","@id":"https:\/\/www.ttengineering.it\/fr\/#\/schema\/logo\/image\/","url":"https:\/\/www.ttengineering.it\/wp-content\/uploads\/2025\/05\/favicon.png","contentUrl":"https:\/\/www.ttengineering.it\/wp-content\/uploads\/2025\/05\/favicon.png","width":512,"height":512,"caption":"TTEngineering - Advanced Solutions for Automation"},"image":{"@id":"https:\/\/www.ttengineering.it\/fr\/#\/schema\/logo\/image\/"}}]}},"_links":{"self":[{"href":"https:\/\/www.ttengineering.it\/fr\/wp-json\/wp\/v2\/pages\/1495","targetHints":{"allow":["GET"]}}],"collection":[{"href":"https:\/\/www.ttengineering.it\/fr\/wp-json\/wp\/v2\/pages"}],"about":[{"href":"https:\/\/www.ttengineering.it\/fr\/wp-json\/wp\/v2\/types\/page"}],"author":[{"embeddable":true,"href":"https:\/\/www.ttengineering.it\/fr\/wp-json\/wp\/v2\/users\/1"}],"replies":[{"embeddable":true,"href":"https:\/\/www.ttengineering.it\/fr\/wp-json\/wp\/v2\/comments?post=1495"}],"version-history":[{"count":3,"href":"https:\/\/www.ttengineering.it\/fr\/wp-json\/wp\/v2\/pages\/1495\/revisions"}],"predecessor-version":[{"id":1852,"href":"https:\/\/www.ttengineering.it\/fr\/wp-json\/wp\/v2\/pages\/1495\/revisions\/1852"}],"wp:attachment":[{"href":"https:\/\/www.ttengineering.it\/fr\/wp-json\/wp\/v2\/media?parent=1495"}],"curies":[{"name":"wp","href":"https:\/\/api.w.org\/{rel}","templated":true}]}}