{"id":1493,"date":"2025-05-27T15:00:34","date_gmt":"2025-05-27T13:00:34","guid":{"rendered":"https:\/\/www.ttengineering.it\/machines-pour-la-fabrication-de-conduits-de-ventilation\/"},"modified":"2025-06-18T12:10:38","modified_gmt":"2025-06-18T10:10:38","slug":"machines-pour-la-fabrication-de-conduits-de-ventilation","status":"publish","type":"page","link":"https:\/\/www.ttengineering.it\/fr\/machines-pour-la-fabrication-de-conduits-de-ventilation\/","title":{"rendered":"Machines pour la fabrication de conduits de ventilation"},"content":{"rendered":"\t\t<div data-elementor-type=\"wp-page\" data-elementor-id=\"1493\" class=\"elementor elementor-1493 elementor-18\" data-elementor-post-type=\"page\">\n\t\t\t\t<div class=\"elementor-element elementor-element-f59b31d e-con-full e-flex e-con e-parent\" data-id=\"f59b31d\" data-element_type=\"container\">\n\t\t<div class=\"elementor-element elementor-element-801f68e e-con-full e-flex e-con e-child\" data-id=\"801f68e\" data-element_type=\"container\">\n\t\t\t\t<div class=\"elementor-element elementor-element-19a8c2d animated-fast elementor-invisible elementor-widget elementor-widget-heading\" data-id=\"19a8c2d\" data-element_type=\"widget\" data-settings=\"{&quot;_animation&quot;:&quot;slideInUp&quot;}\" data-widget_type=\"heading.default\">\n\t\t\t\t<div class=\"elementor-widget-container\">\n\t\t\t\t\t<h2 class=\"elementor-heading-title elementor-size-default\">TTE<span style=\"color: #0D0D0E\">NGINEERING<\/span> - Une production plus efficace gr\u00e2ce \u00e0 l\u2019exp\u00e9rience<\/h2>\t\t\t\t<\/div>\n\t\t\t\t<\/div>\n\t\t\t\t<div class=\"elementor-element elementor-element-e9c2f6e animated-fast elementor-invisible elementor-widget elementor-widget-heading\" data-id=\"e9c2f6e\" data-element_type=\"widget\" data-settings=\"{&quot;_animation&quot;:&quot;slideInUp&quot;,&quot;_animation_delay&quot;:100}\" data-widget_type=\"heading.default\">\n\t\t\t\t<div class=\"elementor-widget-container\">\n\t\t\t\t\t<h2 class=\"elementor-heading-title elementor-size-default\">Machines pour la fabrication de conduits de ventilation<\/h2>\t\t\t\t<\/div>\n\t\t\t\t<\/div>\n\t\t\t\t<div class=\"elementor-element elementor-element-f9672e1 elementor-widget__width-initial animated-fast elementor-invisible elementor-widget elementor-widget-text-editor\" data-id=\"f9672e1\" data-element_type=\"widget\" data-settings=\"{&quot;_animation&quot;:&quot;slideInUp&quot;,&quot;_animation_delay&quot;:200}\" data-widget_type=\"text-editor.default\">\n\t\t\t\t<div class=\"elementor-widget-container\">\n\t\t\t\t\t\t\t\t\t<p>Dans le domaine chauffage et ventilation TTEngineering poss\u00e8de des comp\u00e9tences techniques solides pour produire <strong>machines pour la fabrication de conduits de ventilation.<\/strong><\/p><p>Nous choisissons les technologies les plus innovantes \u00e0 partir des exigences productives du client. On peut donc d\u00e9velopper et offrir un vaste choix de machines et syst\u00e8mes, automatiques ou pas, qui permettent de fabriquer des \u00e9l\u00e9ments tubulaires. <\/p>\t\t\t\t\t\t\t\t<\/div>\n\t\t\t\t<\/div>\n\t\t\t\t<\/div>\n\t\t<div class=\"elementor-element elementor-element-65f7a0e e-con-full e-flex e-con e-child\" data-id=\"65f7a0e\" data-element_type=\"container\" data-settings=\"{&quot;background_background&quot;:&quot;classic&quot;}\">\n\t\t\t\t<\/div>\n\t\t\t\t<\/div>\n\t\t<div class=\"elementor-element elementor-element-ea36ba9 e-con-full e-flex e-con e-parent\" data-id=\"ea36ba9\" data-element_type=\"container\" data-settings=\"{&quot;background_background&quot;:&quot;classic&quot;}\">\n\t\t<div class=\"elementor-element elementor-element-585d1f7 e-con-full e-flex e-con e-child\" data-id=\"585d1f7\" data-element_type=\"container\" data-settings=\"{&quot;background_background&quot;:&quot;classic&quot;}\">\n\t\t\t\t<\/div>\n\t\t<div class=\"elementor-element elementor-element-119deb4 e-con-full e-flex e-con e-child\" data-id=\"119deb4\" data-element_type=\"container\" data-settings=\"{&quot;background_background&quot;:&quot;classic&quot;}\">\n\t\t\t\t<div class=\"elementor-element elementor-element-02a49a9 animated-fast elementor-invisible elementor-widget elementor-widget-heading\" data-id=\"02a49a9\" data-element_type=\"widget\" data-settings=\"{&quot;_animation&quot;:&quot;slideInUp&quot;}\" data-widget_type=\"heading.default\">\n\t\t\t\t<div class=\"elementor-widget-container\">\n\t\t\t\t\t<h2 class=\"elementor-heading-title elementor-size-default\">TTE<span style=\"color: #0D0D0E\">NGINEERING<\/span><\/h2>\t\t\t\t<\/div>\n\t\t\t\t<\/div>\n\t\t\t\t<div class=\"elementor-element elementor-element-d8c1a59 elementor-widget__width-initial animated-fast elementor-invisible elementor-widget elementor-widget-text-editor\" data-id=\"d8c1a59\" data-element_type=\"widget\" data-settings=\"{&quot;_animation&quot;:&quot;slideInUp&quot;,&quot;_animation_delay&quot;:200}\" data-widget_type=\"text-editor.default\">\n\t\t\t\t<div class=\"elementor-widget-container\">\n\t\t\t\t\t\t\t\t\t<p>Automation de syst\u00e8mes int\u00e9gr\u00e9s et \u00abdark factory\u00bb<\/p>\t\t\t\t\t\t\t\t<\/div>\n\t\t\t\t<\/div>\n\t\t\t\t<div class=\"elementor-element elementor-element-fe23704 elementor-widget__width-initial animated-fast elementor-invisible elementor-widget elementor-widget-text-editor\" data-id=\"fe23704\" data-element_type=\"widget\" data-settings=\"{&quot;_animation&quot;:&quot;slideInUp&quot;,&quot;_animation_delay&quot;:200}\" data-widget_type=\"text-editor.default\">\n\t\t\t\t<div class=\"elementor-widget-container\">\n\t\t\t\t\t\t\t\t\t<p>Nous proposons des syst\u00e8mes semi-automatiques et automatiques avec une pr\u00e9dilection pour les syst\u00e8mes compl\u00e8tement int\u00e9gr\u00e9s.<\/p>\t\t\t\t\t\t\t\t<\/div>\n\t\t\t\t<\/div>\n\t\t\t\t<div class=\"elementor-element elementor-element-2d18da8 elementor-widget__width-initial animated-fast elementor-invisible elementor-widget elementor-widget-text-editor\" data-id=\"2d18da8\" data-element_type=\"widget\" data-settings=\"{&quot;_animation&quot;:&quot;slideInUp&quot;,&quot;_animation_delay&quot;:200}\" data-widget_type=\"text-editor.default\">\n\t\t\t\t<div class=\"elementor-widget-container\">\n\t\t\t\t\t\t\t\t\t<p>Gr\u00e2ce \u00e0 leur nature performante et flexibles, notre syst\u00e8mes sont parfaits pour r\u00e9pondre \u00e0 la demande d\u2019une production efficace, plus r\u00e9p\u00e9titive du point de vue de la qualit\u00e9 et meilleur march\u00e9.<\/p><p>Le partage des savoir-faire et des solutions technologiques les plus performantes int\u00e9gr\u00e9es dans le <a href=\"https:\/\/www.ttengineering.it\/fr\/systemes-pour-la-fabrication-de-conduits-devacuation-de-fumee\/\">secteur des fum\u00e9es<\/a> assure \u00e0 nos clients une innovation et une fiabilit\u00e9 continues.<\/p>\t\t\t\t\t\t\t\t<\/div>\n\t\t\t\t<\/div>\n\t\t<div class=\"elementor-element elementor-element-710b100 e-con-full e-flex e-con e-child\" data-id=\"710b100\" data-element_type=\"container\">\n\t\t\t\t<div class=\"elementor-element elementor-element-48744aa elementor-align-justify elementor-widget__width-initial animated-fast elementor-invisible elementor-widget elementor-widget-button\" data-id=\"48744aa\" data-element_type=\"widget\" data-settings=\"{&quot;_animation&quot;:&quot;slideInRight&quot;,&quot;_animation_delay&quot;:500}\" data-widget_type=\"button.default\">\n\t\t\t\t<div class=\"elementor-widget-container\">\n\t\t\t\t\t\t\t\t\t<div class=\"elementor-button-wrapper\">\n\t\t\t\t\t<a class=\"elementor-button elementor-button-link elementor-size-sm\" href=\"https:\/\/www.ttengineering.it\/fr\/nous-contacter\/\">\n\t\t\t\t\t\t<span class=\"elementor-button-content-wrapper\">\n\t\t\t\t\t\t\t\t\t<span class=\"elementor-button-text\">CONTACTEZ-NOUS<\/span>\n\t\t\t\t\t<\/span>\n\t\t\t\t\t<\/a>\n\t\t\t\t<\/div>\n\t\t\t\t\t\t\t\t<\/div>\n\t\t\t\t<\/div>\n\t\t\t\t<\/div>\n\t\t\t\t<\/div>\n\t\t\t\t<\/div>\n\t\t\t\t<\/div>\n\t\t","protected":false},"excerpt":{"rendered":"<p>TTENGINEERING &#8211; Une production plus efficace gr\u00e2ce \u00e0 l\u2019exp\u00e9rience Machines pour la fabrication de conduits de ventilation Dans le domaine chauffage et ventilation TTEngineering poss\u00e8de des comp\u00e9tences techniques solides pour produire machines pour la fabrication de conduits de ventilation. Nous choisissons les technologies les plus innovantes \u00e0 partir des exigences productives du client. On peut [&hellip;]<\/p>\n","protected":false},"author":1,"featured_media":0,"parent":0,"menu_order":0,"comment_status":"closed","ping_status":"closed","template":"","meta":{"footnotes":""},"class_list":["post-1493","page","type-page","status-publish","hentry"],"yoast_head":"<!-- This site is optimized with the Yoast SEO plugin v25.4 - https:\/\/yoast.com\/wordpress\/plugins\/seo\/ -->\n<title>Machines pour la fabrication de conduits de ventilation - TTEngineering - Advanced Solutions for Automation<\/title>\n<meta name=\"robots\" content=\"index, follow, max-snippet:-1, max-image-preview:large, max-video-preview:-1\" \/>\n<link rel=\"canonical\" href=\"https:\/\/www.ttengineering.it\/fr\/machines-pour-la-fabrication-de-conduits-de-ventilation\/\" \/>\n<meta property=\"og:locale\" content=\"fr_FR\" \/>\n<meta property=\"og:type\" content=\"article\" \/>\n<meta property=\"og:title\" content=\"Machines pour la fabrication de conduits de ventilation - TTEngineering - Advanced Solutions for Automation\" \/>\n<meta property=\"og:description\" content=\"TTENGINEERING &#8211; Une production plus efficace gr\u00e2ce \u00e0 l\u2019exp\u00e9rience Machines pour la fabrication de conduits de ventilation Dans le domaine chauffage et ventilation TTEngineering poss\u00e8de des comp\u00e9tences techniques solides pour produire machines pour la fabrication de conduits de ventilation. Nous choisissons les technologies les plus innovantes \u00e0 partir des exigences productives du client. On peut [&hellip;]\" \/>\n<meta property=\"og:url\" content=\"https:\/\/www.ttengineering.it\/fr\/machines-pour-la-fabrication-de-conduits-de-ventilation\/\" \/>\n<meta property=\"og:site_name\" content=\"TTEngineering - Advanced Solutions for Automation\" \/>\n<meta property=\"article:modified_time\" content=\"2025-06-18T10:10:38+00:00\" \/>\n<meta property=\"og:image\" content=\"https:\/\/www.ttengineering.it\/wp-content\/uploads\/2025\/05\/favicon.png\" \/>\n\t<meta property=\"og:image:width\" content=\"512\" \/>\n\t<meta property=\"og:image:height\" content=\"512\" \/>\n\t<meta property=\"og:image:type\" content=\"image\/png\" \/>\n<meta name=\"twitter:card\" content=\"summary_large_image\" \/>\n<meta name=\"twitter:label1\" content=\"Dur\u00e9e de lecture estim\u00e9e\" \/>\n\t<meta name=\"twitter:data1\" content=\"1 minute\" \/>\n<script type=\"application\/ld+json\" class=\"yoast-schema-graph\">{\"@context\":\"https:\/\/schema.org\",\"@graph\":[{\"@type\":\"WebPage\",\"@id\":\"https:\/\/www.ttengineering.it\/fr\/machines-pour-la-fabrication-de-conduits-de-ventilation\/\",\"url\":\"https:\/\/www.ttengineering.it\/fr\/machines-pour-la-fabrication-de-conduits-de-ventilation\/\",\"name\":\"Machines pour la fabrication de conduits de ventilation - TTEngineering - Advanced Solutions for Automation\",\"isPartOf\":{\"@id\":\"https:\/\/www.ttengineering.it\/fr\/#website\"},\"datePublished\":\"2025-05-27T13:00:34+00:00\",\"dateModified\":\"2025-06-18T10:10:38+00:00\",\"breadcrumb\":{\"@id\":\"https:\/\/www.ttengineering.it\/fr\/machines-pour-la-fabrication-de-conduits-de-ventilation\/#breadcrumb\"},\"inLanguage\":\"fr-FR\",\"potentialAction\":[{\"@type\":\"ReadAction\",\"target\":[\"https:\/\/www.ttengineering.it\/fr\/machines-pour-la-fabrication-de-conduits-de-ventilation\/\"]}]},{\"@type\":\"BreadcrumbList\",\"@id\":\"https:\/\/www.ttengineering.it\/fr\/machines-pour-la-fabrication-de-conduits-de-ventilation\/#breadcrumb\",\"itemListElement\":[{\"@type\":\"ListItem\",\"position\":1,\"name\":\"Home\",\"item\":\"https:\/\/www.ttengineering.it\/fr\/\"},{\"@type\":\"ListItem\",\"position\":2,\"name\":\"Machines pour la fabrication de conduits de ventilation\"}]},{\"@type\":\"WebSite\",\"@id\":\"https:\/\/www.ttengineering.it\/fr\/#website\",\"url\":\"https:\/\/www.ttengineering.it\/fr\/\",\"name\":\"TTEngineering - Advanced Solutions for Automation\",\"description\":\"TTEngineering - Advanced Solutions for Automation\",\"publisher\":{\"@id\":\"https:\/\/www.ttengineering.it\/fr\/#organization\"},\"alternateName\":\"TTEngineering - Advanced Solutions for Automation\",\"potentialAction\":[{\"@type\":\"SearchAction\",\"target\":{\"@type\":\"EntryPoint\",\"urlTemplate\":\"https:\/\/www.ttengineering.it\/fr\/?s={search_term_string}\"},\"query-input\":{\"@type\":\"PropertyValueSpecification\",\"valueRequired\":true,\"valueName\":\"search_term_string\"}}],\"inLanguage\":\"fr-FR\"},{\"@type\":\"Organization\",\"@id\":\"https:\/\/www.ttengineering.it\/fr\/#organization\",\"name\":\"TTEngineering - Advanced Solutions for Automation\",\"alternateName\":\"TTEngineering - Advanced Solutions for Automation\",\"url\":\"https:\/\/www.ttengineering.it\/fr\/\",\"logo\":{\"@type\":\"ImageObject\",\"inLanguage\":\"fr-FR\",\"@id\":\"https:\/\/www.ttengineering.it\/fr\/#\/schema\/logo\/image\/\",\"url\":\"https:\/\/www.ttengineering.it\/wp-content\/uploads\/2025\/05\/favicon.png\",\"contentUrl\":\"https:\/\/www.ttengineering.it\/wp-content\/uploads\/2025\/05\/favicon.png\",\"width\":512,\"height\":512,\"caption\":\"TTEngineering - Advanced Solutions for Automation\"},\"image\":{\"@id\":\"https:\/\/www.ttengineering.it\/fr\/#\/schema\/logo\/image\/\"}}]}<\/script>\n<!-- \/ Yoast SEO plugin. -->","yoast_head_json":{"title":"Machines pour la fabrication de conduits de ventilation - TTEngineering - Advanced Solutions for Automation","robots":{"index":"index","follow":"follow","max-snippet":"max-snippet:-1","max-image-preview":"max-image-preview:large","max-video-preview":"max-video-preview:-1"},"canonical":"https:\/\/www.ttengineering.it\/fr\/machines-pour-la-fabrication-de-conduits-de-ventilation\/","og_locale":"fr_FR","og_type":"article","og_title":"Machines pour la fabrication de conduits de ventilation - TTEngineering - Advanced Solutions for Automation","og_description":"TTENGINEERING &#8211; Une production plus efficace gr\u00e2ce \u00e0 l\u2019exp\u00e9rience Machines pour la fabrication de conduits de ventilation Dans le domaine chauffage et ventilation TTEngineering poss\u00e8de des comp\u00e9tences techniques solides pour produire machines pour la fabrication de conduits de ventilation. Nous choisissons les technologies les plus innovantes \u00e0 partir des exigences productives du client. On peut [&hellip;]","og_url":"https:\/\/www.ttengineering.it\/fr\/machines-pour-la-fabrication-de-conduits-de-ventilation\/","og_site_name":"TTEngineering - Advanced Solutions for Automation","article_modified_time":"2025-06-18T10:10:38+00:00","og_image":[{"width":512,"height":512,"url":"https:\/\/www.ttengineering.it\/wp-content\/uploads\/2025\/05\/favicon.png","type":"image\/png"}],"twitter_card":"summary_large_image","twitter_misc":{"Dur\u00e9e de lecture estim\u00e9e":"1 minute"},"schema":{"@context":"https:\/\/schema.org","@graph":[{"@type":"WebPage","@id":"https:\/\/www.ttengineering.it\/fr\/machines-pour-la-fabrication-de-conduits-de-ventilation\/","url":"https:\/\/www.ttengineering.it\/fr\/machines-pour-la-fabrication-de-conduits-de-ventilation\/","name":"Machines pour la fabrication de conduits de ventilation - TTEngineering - Advanced Solutions for Automation","isPartOf":{"@id":"https:\/\/www.ttengineering.it\/fr\/#website"},"datePublished":"2025-05-27T13:00:34+00:00","dateModified":"2025-06-18T10:10:38+00:00","breadcrumb":{"@id":"https:\/\/www.ttengineering.it\/fr\/machines-pour-la-fabrication-de-conduits-de-ventilation\/#breadcrumb"},"inLanguage":"fr-FR","potentialAction":[{"@type":"ReadAction","target":["https:\/\/www.ttengineering.it\/fr\/machines-pour-la-fabrication-de-conduits-de-ventilation\/"]}]},{"@type":"BreadcrumbList","@id":"https:\/\/www.ttengineering.it\/fr\/machines-pour-la-fabrication-de-conduits-de-ventilation\/#breadcrumb","itemListElement":[{"@type":"ListItem","position":1,"name":"Home","item":"https:\/\/www.ttengineering.it\/fr\/"},{"@type":"ListItem","position":2,"name":"Machines pour la fabrication de conduits de ventilation"}]},{"@type":"WebSite","@id":"https:\/\/www.ttengineering.it\/fr\/#website","url":"https:\/\/www.ttengineering.it\/fr\/","name":"TTEngineering - Advanced Solutions for Automation","description":"TTEngineering - Advanced Solutions for Automation","publisher":{"@id":"https:\/\/www.ttengineering.it\/fr\/#organization"},"alternateName":"TTEngineering - Advanced Solutions for Automation","potentialAction":[{"@type":"SearchAction","target":{"@type":"EntryPoint","urlTemplate":"https:\/\/www.ttengineering.it\/fr\/?s={search_term_string}"},"query-input":{"@type":"PropertyValueSpecification","valueRequired":true,"valueName":"search_term_string"}}],"inLanguage":"fr-FR"},{"@type":"Organization","@id":"https:\/\/www.ttengineering.it\/fr\/#organization","name":"TTEngineering - Advanced Solutions for Automation","alternateName":"TTEngineering - Advanced Solutions for Automation","url":"https:\/\/www.ttengineering.it\/fr\/","logo":{"@type":"ImageObject","inLanguage":"fr-FR","@id":"https:\/\/www.ttengineering.it\/fr\/#\/schema\/logo\/image\/","url":"https:\/\/www.ttengineering.it\/wp-content\/uploads\/2025\/05\/favicon.png","contentUrl":"https:\/\/www.ttengineering.it\/wp-content\/uploads\/2025\/05\/favicon.png","width":512,"height":512,"caption":"TTEngineering - Advanced Solutions for Automation"},"image":{"@id":"https:\/\/www.ttengineering.it\/fr\/#\/schema\/logo\/image\/"}}]}},"_links":{"self":[{"href":"https:\/\/www.ttengineering.it\/fr\/wp-json\/wp\/v2\/pages\/1493","targetHints":{"allow":["GET"]}}],"collection":[{"href":"https:\/\/www.ttengineering.it\/fr\/wp-json\/wp\/v2\/pages"}],"about":[{"href":"https:\/\/www.ttengineering.it\/fr\/wp-json\/wp\/v2\/types\/page"}],"author":[{"embeddable":true,"href":"https:\/\/www.ttengineering.it\/fr\/wp-json\/wp\/v2\/users\/1"}],"replies":[{"embeddable":true,"href":"https:\/\/www.ttengineering.it\/fr\/wp-json\/wp\/v2\/comments?post=1493"}],"version-history":[{"count":3,"href":"https:\/\/www.ttengineering.it\/fr\/wp-json\/wp\/v2\/pages\/1493\/revisions"}],"predecessor-version":[{"id":1845,"href":"https:\/\/www.ttengineering.it\/fr\/wp-json\/wp\/v2\/pages\/1493\/revisions\/1845"}],"wp:attachment":[{"href":"https:\/\/www.ttengineering.it\/fr\/wp-json\/wp\/v2\/media?parent=1493"}],"curies":[{"name":"wp","href":"https:\/\/api.w.org\/{rel}","templated":true}]}}