{"id":1489,"date":"2025-05-27T15:00:55","date_gmt":"2025-05-27T13:00:55","guid":{"rendered":"https:\/\/www.ttengineering.it\/systemes-dautomatisation-industrielle\/"},"modified":"2025-06-18T12:07:24","modified_gmt":"2025-06-18T10:07:24","slug":"systemes-dautomatisation-industrielle","status":"publish","type":"page","link":"https:\/\/www.ttengineering.it\/fr\/systemes-dautomatisation-industrielle\/","title":{"rendered":"Syst\u00e8mes d\u2019automatisation industrielle"},"content":{"rendered":"\t\t<div data-elementor-type=\"wp-page\" data-elementor-id=\"1489\" class=\"elementor elementor-1489 elementor-22\" data-elementor-post-type=\"page\">\n\t\t\t\t<div class=\"elementor-element elementor-element-4d91785 e-con-full e-flex e-con e-parent\" data-id=\"4d91785\" data-element_type=\"container\">\n\t\t<div class=\"elementor-element elementor-element-577f421 e-con-full e-flex e-con e-child\" data-id=\"577f421\" data-element_type=\"container\">\n\t\t\t\t<div class=\"elementor-element elementor-element-b7bac55 animated-fast elementor-invisible elementor-widget elementor-widget-heading\" data-id=\"b7bac55\" data-element_type=\"widget\" data-settings=\"{&quot;_animation&quot;:&quot;slideInUp&quot;}\" data-widget_type=\"heading.default\">\n\t\t\t\t<div class=\"elementor-widget-container\">\n\t\t\t\t\t<h2 class=\"elementor-heading-title elementor-size-default\">TTE<span style=\"color: #0D0D0E\">NGINEERING<\/span> - Une ing\u00e9nierie innovante au service du client<\/h2>\t\t\t\t<\/div>\n\t\t\t\t<\/div>\n\t\t\t\t<div class=\"elementor-element elementor-element-393f4bb animated-fast elementor-invisible elementor-widget elementor-widget-heading\" data-id=\"393f4bb\" data-element_type=\"widget\" data-settings=\"{&quot;_animation&quot;:&quot;slideInUp&quot;,&quot;_animation_delay&quot;:100}\" data-widget_type=\"heading.default\">\n\t\t\t\t<div class=\"elementor-widget-container\">\n\t\t\t\t\t<h2 class=\"elementor-heading-title elementor-size-default\">Syst\u00e8mes d\u2019automatisation industrielle<\/h2>\t\t\t\t<\/div>\n\t\t\t\t<\/div>\n\t\t\t\t<div class=\"elementor-element elementor-element-3e63076 elementor-widget__width-initial animated-fast elementor-invisible elementor-widget elementor-widget-text-editor\" data-id=\"3e63076\" data-element_type=\"widget\" data-settings=\"{&quot;_animation&quot;:&quot;slideInUp&quot;,&quot;_animation_delay&quot;:200}\" data-widget_type=\"text-editor.default\">\n\t\t\t\t<div class=\"elementor-widget-container\">\n\t\t\t\t\t\t\t\t\t<p>TTEngineering peut fabriquer plusieurs typologies de <strong>syst\u00e8mes d\u2019automatisation industrielle<\/strong> avec un tr\u00e8s haut niveau de personnalisation. Toujours actifs dans l\u2019ing\u00e9nierie des proc\u00e9d\u00e9s, nous sommes en mesure de cr\u00e9er des solutions hautement automatis\u00e9es dans diff\u00e9rents secteurs. <\/p><p>Par exemple nous avons proj\u00e9t\u00e9 et fabriqu\u00e9 des machines et des syst\u00e8mes \u00e0 grande productivit\u00e9 pour la production de crayons \u00e0 dessiner et d\u2019aiguilles \u00e0 usage unique pour le secteur m\u00e9dical, pour l\u2019assemblage de serrures et micro-interrupteurs \u00e9lectriques, pour le dosage et l\u2019enduction du papier ou du bois avec des mati\u00e8res adh\u00e9sives; TTE les int\u00e8gre ensuite avec des syst\u00e8mes d\u2019emballage.<\/p>\t\t\t\t\t\t\t\t<\/div>\n\t\t\t\t<\/div>\n\t\t\t\t<\/div>\n\t\t<div class=\"elementor-element elementor-element-84bc010 e-con-full e-flex e-con e-child\" data-id=\"84bc010\" data-element_type=\"container\" data-settings=\"{&quot;background_background&quot;:&quot;classic&quot;}\">\n\t\t\t\t<\/div>\n\t\t\t\t<\/div>\n\t\t<div class=\"elementor-element elementor-element-5e406d5 e-con-full e-flex e-con e-parent\" data-id=\"5e406d5\" data-element_type=\"container\" data-settings=\"{&quot;background_background&quot;:&quot;classic&quot;}\">\n\t\t<div class=\"elementor-element elementor-element-e8f9b38 e-con-full e-flex e-con e-child\" data-id=\"e8f9b38\" data-element_type=\"container\" data-settings=\"{&quot;background_background&quot;:&quot;classic&quot;}\">\n\t\t\t\t<\/div>\n\t\t<div class=\"elementor-element elementor-element-670dc3a e-con-full e-flex e-con e-child\" data-id=\"670dc3a\" data-element_type=\"container\" data-settings=\"{&quot;background_background&quot;:&quot;classic&quot;}\">\n\t\t\t\t<div class=\"elementor-element elementor-element-d89162a animated-fast elementor-invisible elementor-widget elementor-widget-heading\" data-id=\"d89162a\" data-element_type=\"widget\" data-settings=\"{&quot;_animation&quot;:&quot;slideInUp&quot;}\" data-widget_type=\"heading.default\">\n\t\t\t\t<div class=\"elementor-widget-container\">\n\t\t\t\t\t<h2 class=\"elementor-heading-title elementor-size-default\">TTE<span style=\"color: #0D0D0E\">NGINEERING<\/span><\/h2>\t\t\t\t<\/div>\n\t\t\t\t<\/div>\n\t\t\t\t<div class=\"elementor-element elementor-element-e88fbca elementor-widget__width-initial animated-fast elementor-invisible elementor-widget elementor-widget-text-editor\" data-id=\"e88fbca\" data-element_type=\"widget\" data-settings=\"{&quot;_animation&quot;:&quot;slideInUp&quot;,&quot;_animation_delay&quot;:200}\" data-widget_type=\"text-editor.default\">\n\t\t\t\t<div class=\"elementor-widget-container\">\n\t\t\t\t\t\t\t\t\t<p>Le secteur m\u00e9dical: l\u2019origine de nos comp\u00e9tences<\/p>\t\t\t\t\t\t\t\t<\/div>\n\t\t\t\t<\/div>\n\t\t\t\t<div class=\"elementor-element elementor-element-cef26bf elementor-widget__width-initial animated-fast elementor-invisible elementor-widget elementor-widget-text-editor\" data-id=\"cef26bf\" data-element_type=\"widget\" data-settings=\"{&quot;_animation&quot;:&quot;slideInUp&quot;,&quot;_animation_delay&quot;:200}\" data-widget_type=\"text-editor.default\">\n\t\t\t\t<div class=\"elementor-widget-container\">\n\t\t\t\t\t\t\t\t\t<p class=\"lead\">La premi\u00e8re activit\u00e9 de TTEngineering \u00e9tait la production de lignes automatiques pour assembler et emballer les composants des aiguilles \u00e0 usage unique pour l\u2019administration de l\u2019insuline.<\/p><p class=\"lead\">Il s\u2019agit m\u00eame aujourd\u2019hui de syst\u00e8mes tr\u00e8s productifs, avec une consid\u00e9rable automation de processus et des strictes normes d\u2019efficacit\u00e9 productive et qualitative.<\/p>\t\t\t\t\t\t\t\t<\/div>\n\t\t\t\t<\/div>\n\t\t\t\t<div class=\"elementor-element elementor-element-ab08b11 elementor-widget__width-initial animated-fast elementor-invisible elementor-widget elementor-widget-text-editor\" data-id=\"ab08b11\" data-element_type=\"widget\" data-settings=\"{&quot;_animation&quot;:&quot;slideInUp&quot;,&quot;_animation_delay&quot;:200}\" data-widget_type=\"text-editor.default\">\n\t\t\t\t<div class=\"elementor-widget-container\">\n\t\t\t\t\t\t\t\t\t<p>Il existe de bons exemples de lignes simples et doubles, qui permettent de fabriquer 12 ou bien 24 pi\u00e8ces par seconde. Ce sont des lignes en salle blanche, \u00e9videmment, qui se composent de deux parties: la premi\u00e8re s\u2019occupe des semi-finis sur le rack, alors que la seconde re\u00e7oit le rack avec les seringues et les s\u00e9pare. Le processus continue avec la fermeture de l\u2019aiguille, l\u2019\u00e9tiquetage, les contr\u00f4les de qualit\u00e9 et puis l\u2019emballage du produit fini.  <\/p>\t\t\t\t\t\t\t\t<\/div>\n\t\t\t\t<\/div>\n\t\t\t\t<\/div>\n\t\t\t\t<\/div>\n\t\t<div class=\"elementor-element elementor-element-d06bf8d e-flex e-con-boxed e-con e-parent\" data-id=\"d06bf8d\" data-element_type=\"container\" data-settings=\"{&quot;background_background&quot;:&quot;classic&quot;}\">\n\t\t\t\t\t<div class=\"e-con-inner\">\n\t\t<div class=\"elementor-element elementor-element-d066824 e-con-full e-flex e-con e-child\" data-id=\"d066824\" data-element_type=\"container\" data-settings=\"{&quot;background_background&quot;:&quot;classic&quot;}\">\n\t\t\t\t<div class=\"elementor-element elementor-element-20bc324 animated-fast elementor-invisible elementor-widget elementor-widget-heading\" data-id=\"20bc324\" data-element_type=\"widget\" data-settings=\"{&quot;_animation&quot;:&quot;slideInUp&quot;}\" data-widget_type=\"heading.default\">\n\t\t\t\t<div class=\"elementor-widget-container\">\n\t\t\t\t\t<h2 class=\"elementor-heading-title elementor-size-default\">TTE<span style=\"color: #0D0D0E\">NGINEERING<\/span><\/h2>\t\t\t\t<\/div>\n\t\t\t\t<\/div>\n\t\t\t\t<div class=\"elementor-element elementor-element-5601fd4 elementor-widget__width-initial animated-fast elementor-invisible elementor-widget elementor-widget-text-editor\" data-id=\"5601fd4\" data-element_type=\"widget\" data-settings=\"{&quot;_animation&quot;:&quot;slideInUp&quot;,&quot;_animation_delay&quot;:200}\" data-widget_type=\"text-editor.default\">\n\t\t\t\t<div class=\"elementor-widget-container\">\n\t\t\t\t\t\t\t\t\t<p>Syst\u00e8mes hautement personnalis\u00e9s<\/p>\t\t\t\t\t\t\t\t<\/div>\n\t\t\t\t<\/div>\n\t\t\t\t<div class=\"elementor-element elementor-element-916aa7c elementor-widget__width-initial animated-fast elementor-invisible elementor-widget elementor-widget-text-editor\" data-id=\"916aa7c\" data-element_type=\"widget\" data-settings=\"{&quot;_animation&quot;:&quot;slideInUp&quot;,&quot;_animation_delay&quot;:200}\" data-widget_type=\"text-editor.default\">\n\t\t\t\t<div class=\"elementor-widget-container\">\n\t\t\t\t\t\t\t\t\t<p>Il s\u2019agit de syst\u00e8mes que l\u2019on peut contr\u00f4ler d\u2019une fa\u00e7on \u00e9lectrique ou pneumatique, et qui peuvent int\u00e9grer des tables rotatives, des outils asynchrones et des dispositifs pour l\u2019acheminement automatique (cribles vibrants). Les syst\u00e8mes de l\u2019entreprise pr\u00e9voient ensuite des dispositifs de contr\u00f4le et inspection des produits et des technologies d\u2019assemblage comme palettes flottantes, tables index\u00e9es, syst\u00e8mes avec des robots anthropomorphes, SCARA ou \u00ab pick-and-place \u00bb.  <\/p>\t\t\t\t\t\t\t\t<\/div>\n\t\t\t\t<\/div>\n\t\t<div class=\"elementor-element elementor-element-1aa2cfb e-con-full e-flex e-con e-child\" data-id=\"1aa2cfb\" data-element_type=\"container\">\n\t\t\t\t<div class=\"elementor-element elementor-element-fb7074e elementor-align-justify elementor-widget__width-initial animated-fast elementor-invisible elementor-widget elementor-widget-button\" data-id=\"fb7074e\" data-element_type=\"widget\" data-settings=\"{&quot;_animation&quot;:&quot;slideInRight&quot;,&quot;_animation_delay&quot;:500}\" data-widget_type=\"button.default\">\n\t\t\t\t<div class=\"elementor-widget-container\">\n\t\t\t\t\t\t\t\t\t<div class=\"elementor-button-wrapper\">\n\t\t\t\t\t<a class=\"elementor-button elementor-button-link elementor-size-sm\" href=\"https:\/\/www.ttengineering.it\/fr\/nous-contacter\/\">\n\t\t\t\t\t\t<span class=\"elementor-button-content-wrapper\">\n\t\t\t\t\t\t\t\t\t<span class=\"elementor-button-text\">CONTACTEZ-NOUS<\/span>\n\t\t\t\t\t<\/span>\n\t\t\t\t\t<\/a>\n\t\t\t\t<\/div>\n\t\t\t\t\t\t\t\t<\/div>\n\t\t\t\t<\/div>\n\t\t\t\t<\/div>\n\t\t\t\t<\/div>\n\t\t<div class=\"elementor-element elementor-element-9f9427d e-con-full e-flex e-con e-child\" data-id=\"9f9427d\" data-element_type=\"container\" data-settings=\"{&quot;background_background&quot;:&quot;classic&quot;}\">\n\t\t\t\t<\/div>\n\t\t\t\t\t<\/div>\n\t\t\t\t<\/div>\n\t\t\t\t<\/div>\n\t\t","protected":false},"excerpt":{"rendered":"<p>TTENGINEERING &#8211; Une ing\u00e9nierie innovante au service du client Syst\u00e8mes d\u2019automatisation industrielle TTEngineering peut fabriquer plusieurs typologies de syst\u00e8mes d\u2019automatisation industrielle avec un tr\u00e8s haut niveau de personnalisation. Toujours actifs dans l\u2019ing\u00e9nierie des proc\u00e9d\u00e9s, nous sommes en mesure de cr\u00e9er des solutions hautement automatis\u00e9es dans diff\u00e9rents secteurs. Par exemple nous avons proj\u00e9t\u00e9 et fabriqu\u00e9 des [&hellip;]<\/p>\n","protected":false},"author":1,"featured_media":0,"parent":0,"menu_order":0,"comment_status":"closed","ping_status":"closed","template":"","meta":{"footnotes":""},"class_list":["post-1489","page","type-page","status-publish","hentry"],"yoast_head":"<!-- This site is optimized with the Yoast SEO plugin v25.4 - https:\/\/yoast.com\/wordpress\/plugins\/seo\/ -->\n<title>Syst\u00e8mes d\u2019automatisation industrielle - TTEngineering - Advanced Solutions for Automation<\/title>\n<meta name=\"robots\" content=\"index, follow, max-snippet:-1, max-image-preview:large, max-video-preview:-1\" \/>\n<link rel=\"canonical\" href=\"https:\/\/www.ttengineering.it\/fr\/systemes-dautomatisation-industrielle\/\" \/>\n<meta property=\"og:locale\" content=\"fr_FR\" \/>\n<meta property=\"og:type\" content=\"article\" \/>\n<meta property=\"og:title\" content=\"Syst\u00e8mes d\u2019automatisation industrielle - TTEngineering - Advanced Solutions for Automation\" \/>\n<meta property=\"og:description\" content=\"TTENGINEERING &#8211; Une ing\u00e9nierie innovante au service du client Syst\u00e8mes d\u2019automatisation industrielle TTEngineering peut fabriquer plusieurs typologies de syst\u00e8mes d\u2019automatisation industrielle avec un tr\u00e8s haut niveau de personnalisation. Toujours actifs dans l\u2019ing\u00e9nierie des proc\u00e9d\u00e9s, nous sommes en mesure de cr\u00e9er des solutions hautement automatis\u00e9es dans diff\u00e9rents secteurs. Par exemple nous avons proj\u00e9t\u00e9 et fabriqu\u00e9 des [&hellip;]\" \/>\n<meta property=\"og:url\" content=\"https:\/\/www.ttengineering.it\/fr\/systemes-dautomatisation-industrielle\/\" \/>\n<meta property=\"og:site_name\" content=\"TTEngineering - Advanced Solutions for Automation\" \/>\n<meta property=\"article:modified_time\" content=\"2025-06-18T10:07:24+00:00\" \/>\n<meta property=\"og:image\" content=\"https:\/\/www.ttengineering.it\/wp-content\/uploads\/2025\/05\/favicon.png\" \/>\n\t<meta property=\"og:image:width\" content=\"512\" \/>\n\t<meta property=\"og:image:height\" content=\"512\" \/>\n\t<meta property=\"og:image:type\" content=\"image\/png\" \/>\n<meta name=\"twitter:card\" content=\"summary_large_image\" \/>\n<meta name=\"twitter:label1\" content=\"Dur\u00e9e de lecture estim\u00e9e\" \/>\n\t<meta name=\"twitter:data1\" content=\"2 minutes\" \/>\n<script type=\"application\/ld+json\" class=\"yoast-schema-graph\">{\"@context\":\"https:\/\/schema.org\",\"@graph\":[{\"@type\":\"WebPage\",\"@id\":\"https:\/\/www.ttengineering.it\/fr\/systemes-dautomatisation-industrielle\/\",\"url\":\"https:\/\/www.ttengineering.it\/fr\/systemes-dautomatisation-industrielle\/\",\"name\":\"Syst\u00e8mes d\u2019automatisation industrielle - TTEngineering - Advanced Solutions for Automation\",\"isPartOf\":{\"@id\":\"https:\/\/www.ttengineering.it\/fr\/#website\"},\"datePublished\":\"2025-05-27T13:00:55+00:00\",\"dateModified\":\"2025-06-18T10:07:24+00:00\",\"breadcrumb\":{\"@id\":\"https:\/\/www.ttengineering.it\/fr\/systemes-dautomatisation-industrielle\/#breadcrumb\"},\"inLanguage\":\"fr-FR\",\"potentialAction\":[{\"@type\":\"ReadAction\",\"target\":[\"https:\/\/www.ttengineering.it\/fr\/systemes-dautomatisation-industrielle\/\"]}]},{\"@type\":\"BreadcrumbList\",\"@id\":\"https:\/\/www.ttengineering.it\/fr\/systemes-dautomatisation-industrielle\/#breadcrumb\",\"itemListElement\":[{\"@type\":\"ListItem\",\"position\":1,\"name\":\"Home\",\"item\":\"https:\/\/www.ttengineering.it\/fr\/\"},{\"@type\":\"ListItem\",\"position\":2,\"name\":\"Syst\u00e8mes d\u2019automatisation industrielle\"}]},{\"@type\":\"WebSite\",\"@id\":\"https:\/\/www.ttengineering.it\/fr\/#website\",\"url\":\"https:\/\/www.ttengineering.it\/fr\/\",\"name\":\"TTEngineering - Advanced Solutions for Automation\",\"description\":\"TTEngineering - Advanced Solutions for Automation\",\"publisher\":{\"@id\":\"https:\/\/www.ttengineering.it\/fr\/#organization\"},\"alternateName\":\"TTEngineering - Advanced Solutions for Automation\",\"potentialAction\":[{\"@type\":\"SearchAction\",\"target\":{\"@type\":\"EntryPoint\",\"urlTemplate\":\"https:\/\/www.ttengineering.it\/fr\/?s={search_term_string}\"},\"query-input\":{\"@type\":\"PropertyValueSpecification\",\"valueRequired\":true,\"valueName\":\"search_term_string\"}}],\"inLanguage\":\"fr-FR\"},{\"@type\":\"Organization\",\"@id\":\"https:\/\/www.ttengineering.it\/fr\/#organization\",\"name\":\"TTEngineering - Advanced Solutions for Automation\",\"alternateName\":\"TTEngineering - Advanced Solutions for Automation\",\"url\":\"https:\/\/www.ttengineering.it\/fr\/\",\"logo\":{\"@type\":\"ImageObject\",\"inLanguage\":\"fr-FR\",\"@id\":\"https:\/\/www.ttengineering.it\/fr\/#\/schema\/logo\/image\/\",\"url\":\"https:\/\/www.ttengineering.it\/wp-content\/uploads\/2025\/05\/favicon.png\",\"contentUrl\":\"https:\/\/www.ttengineering.it\/wp-content\/uploads\/2025\/05\/favicon.png\",\"width\":512,\"height\":512,\"caption\":\"TTEngineering - Advanced Solutions for Automation\"},\"image\":{\"@id\":\"https:\/\/www.ttengineering.it\/fr\/#\/schema\/logo\/image\/\"}}]}<\/script>\n<!-- \/ Yoast SEO plugin. -->","yoast_head_json":{"title":"Syst\u00e8mes d\u2019automatisation industrielle - TTEngineering - Advanced Solutions for Automation","robots":{"index":"index","follow":"follow","max-snippet":"max-snippet:-1","max-image-preview":"max-image-preview:large","max-video-preview":"max-video-preview:-1"},"canonical":"https:\/\/www.ttengineering.it\/fr\/systemes-dautomatisation-industrielle\/","og_locale":"fr_FR","og_type":"article","og_title":"Syst\u00e8mes d\u2019automatisation industrielle - TTEngineering - Advanced Solutions for Automation","og_description":"TTENGINEERING &#8211; Une ing\u00e9nierie innovante au service du client Syst\u00e8mes d\u2019automatisation industrielle TTEngineering peut fabriquer plusieurs typologies de syst\u00e8mes d\u2019automatisation industrielle avec un tr\u00e8s haut niveau de personnalisation. Toujours actifs dans l\u2019ing\u00e9nierie des proc\u00e9d\u00e9s, nous sommes en mesure de cr\u00e9er des solutions hautement automatis\u00e9es dans diff\u00e9rents secteurs. Par exemple nous avons proj\u00e9t\u00e9 et fabriqu\u00e9 des [&hellip;]","og_url":"https:\/\/www.ttengineering.it\/fr\/systemes-dautomatisation-industrielle\/","og_site_name":"TTEngineering - Advanced Solutions for Automation","article_modified_time":"2025-06-18T10:07:24+00:00","og_image":[{"width":512,"height":512,"url":"https:\/\/www.ttengineering.it\/wp-content\/uploads\/2025\/05\/favicon.png","type":"image\/png"}],"twitter_card":"summary_large_image","twitter_misc":{"Dur\u00e9e de lecture estim\u00e9e":"2 minutes"},"schema":{"@context":"https:\/\/schema.org","@graph":[{"@type":"WebPage","@id":"https:\/\/www.ttengineering.it\/fr\/systemes-dautomatisation-industrielle\/","url":"https:\/\/www.ttengineering.it\/fr\/systemes-dautomatisation-industrielle\/","name":"Syst\u00e8mes d\u2019automatisation industrielle - TTEngineering - Advanced Solutions for Automation","isPartOf":{"@id":"https:\/\/www.ttengineering.it\/fr\/#website"},"datePublished":"2025-05-27T13:00:55+00:00","dateModified":"2025-06-18T10:07:24+00:00","breadcrumb":{"@id":"https:\/\/www.ttengineering.it\/fr\/systemes-dautomatisation-industrielle\/#breadcrumb"},"inLanguage":"fr-FR","potentialAction":[{"@type":"ReadAction","target":["https:\/\/www.ttengineering.it\/fr\/systemes-dautomatisation-industrielle\/"]}]},{"@type":"BreadcrumbList","@id":"https:\/\/www.ttengineering.it\/fr\/systemes-dautomatisation-industrielle\/#breadcrumb","itemListElement":[{"@type":"ListItem","position":1,"name":"Home","item":"https:\/\/www.ttengineering.it\/fr\/"},{"@type":"ListItem","position":2,"name":"Syst\u00e8mes d\u2019automatisation industrielle"}]},{"@type":"WebSite","@id":"https:\/\/www.ttengineering.it\/fr\/#website","url":"https:\/\/www.ttengineering.it\/fr\/","name":"TTEngineering - Advanced Solutions for Automation","description":"TTEngineering - Advanced Solutions for Automation","publisher":{"@id":"https:\/\/www.ttengineering.it\/fr\/#organization"},"alternateName":"TTEngineering - Advanced Solutions for Automation","potentialAction":[{"@type":"SearchAction","target":{"@type":"EntryPoint","urlTemplate":"https:\/\/www.ttengineering.it\/fr\/?s={search_term_string}"},"query-input":{"@type":"PropertyValueSpecification","valueRequired":true,"valueName":"search_term_string"}}],"inLanguage":"fr-FR"},{"@type":"Organization","@id":"https:\/\/www.ttengineering.it\/fr\/#organization","name":"TTEngineering - Advanced Solutions for Automation","alternateName":"TTEngineering - Advanced Solutions for Automation","url":"https:\/\/www.ttengineering.it\/fr\/","logo":{"@type":"ImageObject","inLanguage":"fr-FR","@id":"https:\/\/www.ttengineering.it\/fr\/#\/schema\/logo\/image\/","url":"https:\/\/www.ttengineering.it\/wp-content\/uploads\/2025\/05\/favicon.png","contentUrl":"https:\/\/www.ttengineering.it\/wp-content\/uploads\/2025\/05\/favicon.png","width":512,"height":512,"caption":"TTEngineering - Advanced Solutions for Automation"},"image":{"@id":"https:\/\/www.ttengineering.it\/fr\/#\/schema\/logo\/image\/"}}]}},"_links":{"self":[{"href":"https:\/\/www.ttengineering.it\/fr\/wp-json\/wp\/v2\/pages\/1489","targetHints":{"allow":["GET"]}}],"collection":[{"href":"https:\/\/www.ttengineering.it\/fr\/wp-json\/wp\/v2\/pages"}],"about":[{"href":"https:\/\/www.ttengineering.it\/fr\/wp-json\/wp\/v2\/types\/page"}],"author":[{"embeddable":true,"href":"https:\/\/www.ttengineering.it\/fr\/wp-json\/wp\/v2\/users\/1"}],"replies":[{"embeddable":true,"href":"https:\/\/www.ttengineering.it\/fr\/wp-json\/wp\/v2\/comments?post=1489"}],"version-history":[{"count":3,"href":"https:\/\/www.ttengineering.it\/fr\/wp-json\/wp\/v2\/pages\/1489\/revisions"}],"predecessor-version":[{"id":1830,"href":"https:\/\/www.ttengineering.it\/fr\/wp-json\/wp\/v2\/pages\/1489\/revisions\/1830"}],"wp:attachment":[{"href":"https:\/\/www.ttengineering.it\/fr\/wp-json\/wp\/v2\/media?parent=1489"}],"curies":[{"name":"wp","href":"https:\/\/api.w.org\/{rel}","templated":true}]}}