{"id":1483,"date":"2025-05-27T15:04:17","date_gmt":"2025-05-27T13:04:17","guid":{"rendered":"https:\/\/www.ttengineering.it\/calandre-a-deux-rouleaux\/"},"modified":"2025-06-18T11:53:41","modified_gmt":"2025-06-18T09:53:41","slug":"calandre-a-deux-rouleaux","status":"publish","type":"page","link":"https:\/\/www.ttengineering.it\/fr\/calandre-a-deux-rouleaux\/","title":{"rendered":"Calandre \u00e0 deux rouleaux"},"content":{"rendered":"\t\t<div data-elementor-type=\"wp-page\" data-elementor-id=\"1483\" class=\"elementor elementor-1483 elementor-24\" data-elementor-post-type=\"page\">\n\t\t\t\t<div class=\"elementor-element elementor-element-6d3dab4 e-flex e-con-boxed e-con e-parent\" data-id=\"6d3dab4\" data-element_type=\"container\">\n\t\t\t\t\t<div class=\"e-con-inner\">\n\t\t<div class=\"elementor-element elementor-element-5bc02c1 e-con-full e-flex e-con e-child\" data-id=\"5bc02c1\" data-element_type=\"container\">\n\t\t\t\t<div class=\"elementor-element elementor-element-487f06f animated-fast elementor-invisible elementor-widget elementor-widget-heading\" data-id=\"487f06f\" data-element_type=\"widget\" data-settings=\"{&quot;_animation&quot;:&quot;slideInUp&quot;}\" data-widget_type=\"heading.default\">\n\t\t\t\t<div class=\"elementor-widget-container\">\n\t\t\t\t\t<h2 class=\"elementor-heading-title elementor-size-default\">TTE<span style=\"color: #0D0D0E\">NGINEERING<\/span> - produits pour nos clients<\/h2>\t\t\t\t<\/div>\n\t\t\t\t<\/div>\n\t\t\t\t<div class=\"elementor-element elementor-element-1a9ace1 animated-fast elementor-invisible elementor-widget elementor-widget-heading\" data-id=\"1a9ace1\" data-element_type=\"widget\" data-settings=\"{&quot;_animation&quot;:&quot;slideInUp&quot;,&quot;_animation_delay&quot;:100}\" data-widget_type=\"heading.default\">\n\t\t\t\t<div class=\"elementor-widget-container\">\n\t\t\t\t\t<h2 class=\"elementor-heading-title elementor-size-default\">Calandre \u00e0 deux rouleaux<\/h2>\t\t\t\t<\/div>\n\t\t\t\t<\/div>\n\t\t\t\t<div class=\"elementor-element elementor-element-e13a296 elementor-widget__width-initial animated-fast elementor-invisible elementor-widget elementor-widget-text-editor\" data-id=\"e13a296\" data-element_type=\"widget\" data-settings=\"{&quot;_animation&quot;:&quot;slideInUp&quot;,&quot;_animation_delay&quot;:200}\" data-widget_type=\"text-editor.default\">\n\t\t\t\t<div class=\"elementor-widget-container\">\n\t\t\t\t\t\t\t\t\t<p>Disponible dans les mod\u00e8les TT2 et TT3, cette <strong>calandre \u00e0 deux rouleaux<\/strong> est le produit de pointe de l\u2019entreprise: gr\u00e2ce au syst\u00e8me brevet\u00e9 Flexformer\u00ae, TTEngineering offre la qualit\u00e9 des viroles qui caract\u00e9rise les calandres \u00e0 deux rouleaux, et au m\u00eame temps la flexibilit\u00e9 qui caract\u00e9rise les calandres \u00e0 trois rouleaux.<\/p><p>En d\u2019autres termes, avec la m\u00eame calandre on peut r\u00e9aliser un intervalle de diam\u00e8tres entre 73 et 400 mm (100-770 mm dans la CSU-XL) ou bien entre 80 et 500 mm (125-770 mm dans la CSU-XL); au lieu de changer d\u2019\u00e9quipement, il suffit de rappeler les recettes de travail appropri\u00e9es.<\/p>\t\t\t\t\t\t\t\t<\/div>\n\t\t\t\t<\/div>\n\t\t\t\t<\/div>\n\t\t<div class=\"elementor-element elementor-element-78a15d0 e-con-full e-flex e-con e-child\" data-id=\"78a15d0\" data-element_type=\"container\" data-settings=\"{&quot;background_background&quot;:&quot;classic&quot;}\">\n\t\t\t\t<div class=\"elementor-element elementor-element-3b36b67 elementor-widget elementor-widget-image\" data-id=\"3b36b67\" data-element_type=\"widget\" data-widget_type=\"image.default\">\n\t\t\t\t<div class=\"elementor-widget-container\">\n\t\t\t\t\t\t\t\t\t\t\t\t\t\t\t<img fetchpriority=\"high\" decoding=\"async\" width=\"1024\" height=\"789\" src=\"https:\/\/www.ttengineering.it\/wp-content\/uploads\/2025\/06\/Calandra-a-2-rulli-1024x789.png\" class=\"attachment-large size-large wp-image-1036\" alt=\"\" srcset=\"https:\/\/www.ttengineering.it\/wp-content\/uploads\/2025\/06\/Calandra-a-2-rulli-1024x789.png 1024w, https:\/\/www.ttengineering.it\/wp-content\/uploads\/2025\/06\/Calandra-a-2-rulli-300x231.png 300w, https:\/\/www.ttengineering.it\/wp-content\/uploads\/2025\/06\/Calandra-a-2-rulli-768x592.png 768w, https:\/\/www.ttengineering.it\/wp-content\/uploads\/2025\/06\/Calandra-a-2-rulli.png 1401w\" sizes=\"(max-width: 1024px) 100vw, 1024px\" \/>\t\t\t\t\t\t\t\t\t\t\t\t\t\t\t<\/div>\n\t\t\t\t<\/div>\n\t\t\t\t<\/div>\n\t\t\t\t\t<\/div>\n\t\t\t\t<\/div>\n\t\t<div class=\"elementor-element elementor-element-3e91ffa e-con-full e-flex e-con e-parent\" data-id=\"3e91ffa\" data-element_type=\"container\" data-settings=\"{&quot;background_background&quot;:&quot;classic&quot;}\">\n\t\t<div class=\"elementor-element elementor-element-e56046b e-con-full e-flex e-con e-child\" data-id=\"e56046b\" data-element_type=\"container\" data-settings=\"{&quot;background_background&quot;:&quot;classic&quot;}\">\n\t\t\t\t<\/div>\n\t\t<div class=\"elementor-element elementor-element-8a41caa e-con-full e-flex e-con e-child\" data-id=\"8a41caa\" data-element_type=\"container\" data-settings=\"{&quot;background_background&quot;:&quot;classic&quot;}\">\n\t\t\t\t<div class=\"elementor-element elementor-element-faaa712 animated-fast elementor-invisible elementor-widget elementor-widget-heading\" data-id=\"faaa712\" data-element_type=\"widget\" data-settings=\"{&quot;_animation&quot;:&quot;slideInUp&quot;}\" data-widget_type=\"heading.default\">\n\t\t\t\t<div class=\"elementor-widget-container\">\n\t\t\t\t\t<h2 class=\"elementor-heading-title elementor-size-default\">TTE<span style=\"color: #FFFFFF\">NGINEERING<\/span><\/h2>\t\t\t\t<\/div>\n\t\t\t\t<\/div>\n\t\t\t\t<div class=\"elementor-element elementor-element-9fff29d elementor-widget__width-initial animated-fast elementor-invisible elementor-widget elementor-widget-text-editor\" data-id=\"9fff29d\" data-element_type=\"widget\" data-settings=\"{&quot;_animation&quot;:&quot;slideInUp&quot;,&quot;_animation_delay&quot;:200}\" data-widget_type=\"text-editor.default\">\n\t\t\t\t<div class=\"elementor-widget-container\">\n\t\t\t\t\t\t\t\t\t<p>Flexformer\u00ae,<br>le syst\u00e8me de calandrage sign\u00e9 par TTE<\/p>\t\t\t\t\t\t\t\t<\/div>\n\t\t\t\t<\/div>\n\t\t\t\t<div class=\"elementor-element elementor-element-87b2b1c elementor-widget__width-initial animated-fast elementor-invisible elementor-widget elementor-widget-text-editor\" data-id=\"87b2b1c\" data-element_type=\"widget\" data-settings=\"{&quot;_animation&quot;:&quot;slideInUp&quot;,&quot;_animation_delay&quot;:200}\" data-widget_type=\"text-editor.default\">\n\t\t\t\t<div class=\"elementor-widget-container\">\n\t\t\t\t\t\t\t\t\t<p>Les \u00e9l\u00e9ments qui caract\u00e9risent les calandres de TTEngineering sont la flexibilit\u00e9 et la qualit\u00e9 pour ce qui concerne la rondeur et la cylindricit\u00e9 du tuyau courb\u00e9. Si le tuyau n\u2019a aucune section plate aux extr\u00e9mit\u00e9s, c\u2019est gr\u00e2ce au brevet et \u00e0 ses cylindres, l\u2019un (inf\u00e9rieur) en caoutchouc et l\u2019autre (sup\u00e9rieur) en m\u00e9tal. Une valeur ajout\u00e9e est repr\u00e9sent\u00e9e par le nouveau mod\u00e8le, qui, statistiquement, ne n\u00e9cessite pas de maintenance. <\/p>\t\t\t\t\t\t\t\t<\/div>\n\t\t\t\t<\/div>\n\t\t\t\t<\/div>\n\t\t\t\t<\/div>\n\t\t<div class=\"elementor-element elementor-element-3fa7c5f e-flex e-con-boxed e-con e-parent\" data-id=\"3fa7c5f\" data-element_type=\"container\" data-settings=\"{&quot;background_background&quot;:&quot;classic&quot;}\">\n\t\t\t\t\t<div class=\"e-con-inner\">\n\t\t<div class=\"elementor-element elementor-element-ec05cbf e-con-full e-flex e-con e-child\" data-id=\"ec05cbf\" data-element_type=\"container\" data-settings=\"{&quot;background_background&quot;:&quot;classic&quot;}\">\n\t\t\t\t<div class=\"elementor-element elementor-element-16d6d58 animated-fast elementor-invisible elementor-widget elementor-widget-heading\" data-id=\"16d6d58\" data-element_type=\"widget\" data-settings=\"{&quot;_animation&quot;:&quot;slideInUp&quot;}\" data-widget_type=\"heading.default\">\n\t\t\t\t<div class=\"elementor-widget-container\">\n\t\t\t\t\t<h2 class=\"elementor-heading-title elementor-size-default\">TTE<span style=\"color: #0D0D0E\">NGINEERING<\/span><\/h2>\t\t\t\t<\/div>\n\t\t\t\t<\/div>\n\t\t\t\t<div class=\"elementor-element elementor-element-d29ef65 elementor-widget__width-initial animated-fast elementor-invisible elementor-widget elementor-widget-text-editor\" data-id=\"d29ef65\" data-element_type=\"widget\" data-settings=\"{&quot;_animation&quot;:&quot;slideInUp&quot;,&quot;_animation_delay&quot;:200}\" data-widget_type=\"text-editor.default\">\n\t\t\t\t<div class=\"elementor-widget-container\">\n\t\t\t\t\t\t\t\t\t<p>Rondeur parfaite<\/p>\t\t\t\t\t\t\t\t<\/div>\n\t\t\t\t<\/div>\n\t\t\t\t<div class=\"elementor-element elementor-element-89314a9 elementor-widget__width-initial animated-fast elementor-invisible elementor-widget elementor-widget-text-editor\" data-id=\"89314a9\" data-element_type=\"widget\" data-settings=\"{&quot;_animation&quot;:&quot;slideInUp&quot;,&quot;_animation_delay&quot;:200}\" data-widget_type=\"text-editor.default\">\n\t\t\t\t<div class=\"elementor-widget-container\">\n\t\t\t\t\t\t\t\t\t<p>Il s\u2019agit d\u2019un avantage non n\u00e9gligeable pour les calandres de TTEngineering, qui couvrent des bobines avec une \u00e9paisseur entre 0,4 et 2 mm et des largeurs typiques des autres syst\u00e8mes de l\u2019entreprise, c\u2019est-\u00e0-dire jusqu\u2019\u00e0 1.550 mm (60 pouces).<\/p>\t\t\t\t\t\t\t\t<\/div>\n\t\t\t\t<\/div>\n\t\t<div class=\"elementor-element elementor-element-9a09698 e-con-full e-flex e-con e-child\" data-id=\"9a09698\" data-element_type=\"container\">\n\t\t\t\t<div class=\"elementor-element elementor-element-49d69cb elementor-align-justify elementor-widget__width-initial animated-fast elementor-invisible elementor-widget elementor-widget-button\" data-id=\"49d69cb\" data-element_type=\"widget\" data-settings=\"{&quot;_animation&quot;:&quot;slideInRight&quot;,&quot;_animation_delay&quot;:500}\" data-widget_type=\"button.default\">\n\t\t\t\t<div class=\"elementor-widget-container\">\n\t\t\t\t\t\t\t\t\t<div class=\"elementor-button-wrapper\">\n\t\t\t\t\t<a class=\"elementor-button elementor-button-link elementor-size-sm\" href=\"https:\/\/www.ttengineering.it\/fr\/nous-contacter\/\">\n\t\t\t\t\t\t<span class=\"elementor-button-content-wrapper\">\n\t\t\t\t\t\t\t\t\t<span class=\"elementor-button-text\">CONTACTEZ-NOUS<\/span>\n\t\t\t\t\t<\/span>\n\t\t\t\t\t<\/a>\n\t\t\t\t<\/div>\n\t\t\t\t\t\t\t\t<\/div>\n\t\t\t\t<\/div>\n\t\t\t\t<\/div>\n\t\t\t\t<\/div>\n\t\t<div class=\"elementor-element elementor-element-4d56f33 e-con-full e-flex e-con e-child\" data-id=\"4d56f33\" data-element_type=\"container\" data-settings=\"{&quot;background_background&quot;:&quot;classic&quot;}\">\n\t\t\t\t<\/div>\n\t\t\t\t\t<\/div>\n\t\t\t\t<\/div>\n\t\t\t\t<\/div>\n\t\t","protected":false},"excerpt":{"rendered":"<p>TTENGINEERING &#8211; produits pour nos clients Calandre \u00e0 deux rouleaux Disponible dans les mod\u00e8les TT2 et TT3, cette calandre \u00e0 deux rouleaux est le produit de pointe de l\u2019entreprise: gr\u00e2ce au syst\u00e8me brevet\u00e9 Flexformer\u00ae, TTEngineering offre la qualit\u00e9 des viroles qui caract\u00e9rise les calandres \u00e0 deux rouleaux, et au m\u00eame temps la flexibilit\u00e9 qui caract\u00e9rise [&hellip;]<\/p>\n","protected":false},"author":1,"featured_media":0,"parent":0,"menu_order":0,"comment_status":"closed","ping_status":"closed","template":"","meta":{"footnotes":""},"class_list":["post-1483","page","type-page","status-publish","hentry"],"yoast_head":"<!-- This site is optimized with the Yoast SEO plugin v25.4 - https:\/\/yoast.com\/wordpress\/plugins\/seo\/ -->\n<title>Calandre \u00e0 deux rouleaux - TTEngineering - Advanced Solutions for Automation<\/title>\n<meta name=\"robots\" content=\"index, follow, max-snippet:-1, max-image-preview:large, max-video-preview:-1\" \/>\n<link rel=\"canonical\" href=\"https:\/\/www.ttengineering.it\/fr\/calandre-a-deux-rouleaux\/\" \/>\n<meta property=\"og:locale\" content=\"fr_FR\" \/>\n<meta property=\"og:type\" content=\"article\" \/>\n<meta property=\"og:title\" content=\"Calandre \u00e0 deux rouleaux - TTEngineering - Advanced Solutions for Automation\" \/>\n<meta property=\"og:description\" content=\"TTENGINEERING &#8211; produits pour nos clients Calandre \u00e0 deux rouleaux Disponible dans les mod\u00e8les TT2 et TT3, cette calandre \u00e0 deux rouleaux est le produit de pointe de l\u2019entreprise: gr\u00e2ce au syst\u00e8me brevet\u00e9 Flexformer\u00ae, TTEngineering offre la qualit\u00e9 des viroles qui caract\u00e9rise les calandres \u00e0 deux rouleaux, et au m\u00eame temps la flexibilit\u00e9 qui caract\u00e9rise [&hellip;]\" \/>\n<meta property=\"og:url\" content=\"https:\/\/www.ttengineering.it\/fr\/calandre-a-deux-rouleaux\/\" \/>\n<meta property=\"og:site_name\" content=\"TTEngineering - Advanced Solutions for Automation\" \/>\n<meta property=\"article:modified_time\" content=\"2025-06-18T09:53:41+00:00\" \/>\n<meta property=\"og:image\" content=\"https:\/\/www.ttengineering.it\/wp-content\/uploads\/2025\/06\/Calandra-a-2-rulli.png\" \/>\n\t<meta property=\"og:image:width\" content=\"1401\" \/>\n\t<meta property=\"og:image:height\" content=\"1080\" \/>\n\t<meta property=\"og:image:type\" content=\"image\/png\" \/>\n<meta name=\"twitter:card\" content=\"summary_large_image\" \/>\n<meta name=\"twitter:label1\" content=\"Dur\u00e9e de lecture estim\u00e9e\" \/>\n\t<meta name=\"twitter:data1\" content=\"1 minute\" \/>\n<script type=\"application\/ld+json\" class=\"yoast-schema-graph\">{\"@context\":\"https:\/\/schema.org\",\"@graph\":[{\"@type\":\"WebPage\",\"@id\":\"https:\/\/www.ttengineering.it\/fr\/calandre-a-deux-rouleaux\/\",\"url\":\"https:\/\/www.ttengineering.it\/fr\/calandre-a-deux-rouleaux\/\",\"name\":\"Calandre \u00e0 deux rouleaux - TTEngineering - Advanced Solutions for Automation\",\"isPartOf\":{\"@id\":\"https:\/\/www.ttengineering.it\/fr\/#website\"},\"primaryImageOfPage\":{\"@id\":\"https:\/\/www.ttengineering.it\/fr\/calandre-a-deux-rouleaux\/#primaryimage\"},\"image\":{\"@id\":\"https:\/\/www.ttengineering.it\/fr\/calandre-a-deux-rouleaux\/#primaryimage\"},\"thumbnailUrl\":\"https:\/\/www.ttengineering.it\/wp-content\/uploads\/2025\/06\/Calandra-a-2-rulli-1024x789.png\",\"datePublished\":\"2025-05-27T13:04:17+00:00\",\"dateModified\":\"2025-06-18T09:53:41+00:00\",\"breadcrumb\":{\"@id\":\"https:\/\/www.ttengineering.it\/fr\/calandre-a-deux-rouleaux\/#breadcrumb\"},\"inLanguage\":\"fr-FR\",\"potentialAction\":[{\"@type\":\"ReadAction\",\"target\":[\"https:\/\/www.ttengineering.it\/fr\/calandre-a-deux-rouleaux\/\"]}]},{\"@type\":\"ImageObject\",\"inLanguage\":\"fr-FR\",\"@id\":\"https:\/\/www.ttengineering.it\/fr\/calandre-a-deux-rouleaux\/#primaryimage\",\"url\":\"https:\/\/www.ttengineering.it\/wp-content\/uploads\/2025\/06\/Calandra-a-2-rulli-1024x789.png\",\"contentUrl\":\"https:\/\/www.ttengineering.it\/wp-content\/uploads\/2025\/06\/Calandra-a-2-rulli-1024x789.png\"},{\"@type\":\"BreadcrumbList\",\"@id\":\"https:\/\/www.ttengineering.it\/fr\/calandre-a-deux-rouleaux\/#breadcrumb\",\"itemListElement\":[{\"@type\":\"ListItem\",\"position\":1,\"name\":\"Home\",\"item\":\"https:\/\/www.ttengineering.it\/fr\/\"},{\"@type\":\"ListItem\",\"position\":2,\"name\":\"Calandre \u00e0 deux rouleaux\"}]},{\"@type\":\"WebSite\",\"@id\":\"https:\/\/www.ttengineering.it\/fr\/#website\",\"url\":\"https:\/\/www.ttengineering.it\/fr\/\",\"name\":\"TTEngineering - Advanced Solutions for Automation\",\"description\":\"TTEngineering - Advanced Solutions for Automation\",\"publisher\":{\"@id\":\"https:\/\/www.ttengineering.it\/fr\/#organization\"},\"alternateName\":\"TTEngineering - Advanced Solutions for Automation\",\"potentialAction\":[{\"@type\":\"SearchAction\",\"target\":{\"@type\":\"EntryPoint\",\"urlTemplate\":\"https:\/\/www.ttengineering.it\/fr\/?s={search_term_string}\"},\"query-input\":{\"@type\":\"PropertyValueSpecification\",\"valueRequired\":true,\"valueName\":\"search_term_string\"}}],\"inLanguage\":\"fr-FR\"},{\"@type\":\"Organization\",\"@id\":\"https:\/\/www.ttengineering.it\/fr\/#organization\",\"name\":\"TTEngineering - Advanced Solutions for Automation\",\"alternateName\":\"TTEngineering - Advanced Solutions for Automation\",\"url\":\"https:\/\/www.ttengineering.it\/fr\/\",\"logo\":{\"@type\":\"ImageObject\",\"inLanguage\":\"fr-FR\",\"@id\":\"https:\/\/www.ttengineering.it\/fr\/#\/schema\/logo\/image\/\",\"url\":\"https:\/\/www.ttengineering.it\/wp-content\/uploads\/2025\/05\/favicon.png\",\"contentUrl\":\"https:\/\/www.ttengineering.it\/wp-content\/uploads\/2025\/05\/favicon.png\",\"width\":512,\"height\":512,\"caption\":\"TTEngineering - Advanced Solutions for Automation\"},\"image\":{\"@id\":\"https:\/\/www.ttengineering.it\/fr\/#\/schema\/logo\/image\/\"}}]}<\/script>\n<!-- \/ Yoast SEO plugin. -->","yoast_head_json":{"title":"Calandre \u00e0 deux rouleaux - TTEngineering - Advanced Solutions for Automation","robots":{"index":"index","follow":"follow","max-snippet":"max-snippet:-1","max-image-preview":"max-image-preview:large","max-video-preview":"max-video-preview:-1"},"canonical":"https:\/\/www.ttengineering.it\/fr\/calandre-a-deux-rouleaux\/","og_locale":"fr_FR","og_type":"article","og_title":"Calandre \u00e0 deux rouleaux - TTEngineering - Advanced Solutions for Automation","og_description":"TTENGINEERING &#8211; produits pour nos clients Calandre \u00e0 deux rouleaux Disponible dans les mod\u00e8les TT2 et TT3, cette calandre \u00e0 deux rouleaux est le produit de pointe de l\u2019entreprise: gr\u00e2ce au syst\u00e8me brevet\u00e9 Flexformer\u00ae, TTEngineering offre la qualit\u00e9 des viroles qui caract\u00e9rise les calandres \u00e0 deux rouleaux, et au m\u00eame temps la flexibilit\u00e9 qui caract\u00e9rise [&hellip;]","og_url":"https:\/\/www.ttengineering.it\/fr\/calandre-a-deux-rouleaux\/","og_site_name":"TTEngineering - Advanced Solutions for Automation","article_modified_time":"2025-06-18T09:53:41+00:00","og_image":[{"width":1401,"height":1080,"url":"https:\/\/www.ttengineering.it\/wp-content\/uploads\/2025\/06\/Calandra-a-2-rulli.png","type":"image\/png"}],"twitter_card":"summary_large_image","twitter_misc":{"Dur\u00e9e de lecture estim\u00e9e":"1 minute"},"schema":{"@context":"https:\/\/schema.org","@graph":[{"@type":"WebPage","@id":"https:\/\/www.ttengineering.it\/fr\/calandre-a-deux-rouleaux\/","url":"https:\/\/www.ttengineering.it\/fr\/calandre-a-deux-rouleaux\/","name":"Calandre \u00e0 deux rouleaux - TTEngineering - Advanced Solutions for Automation","isPartOf":{"@id":"https:\/\/www.ttengineering.it\/fr\/#website"},"primaryImageOfPage":{"@id":"https:\/\/www.ttengineering.it\/fr\/calandre-a-deux-rouleaux\/#primaryimage"},"image":{"@id":"https:\/\/www.ttengineering.it\/fr\/calandre-a-deux-rouleaux\/#primaryimage"},"thumbnailUrl":"https:\/\/www.ttengineering.it\/wp-content\/uploads\/2025\/06\/Calandra-a-2-rulli-1024x789.png","datePublished":"2025-05-27T13:04:17+00:00","dateModified":"2025-06-18T09:53:41+00:00","breadcrumb":{"@id":"https:\/\/www.ttengineering.it\/fr\/calandre-a-deux-rouleaux\/#breadcrumb"},"inLanguage":"fr-FR","potentialAction":[{"@type":"ReadAction","target":["https:\/\/www.ttengineering.it\/fr\/calandre-a-deux-rouleaux\/"]}]},{"@type":"ImageObject","inLanguage":"fr-FR","@id":"https:\/\/www.ttengineering.it\/fr\/calandre-a-deux-rouleaux\/#primaryimage","url":"https:\/\/www.ttengineering.it\/wp-content\/uploads\/2025\/06\/Calandra-a-2-rulli-1024x789.png","contentUrl":"https:\/\/www.ttengineering.it\/wp-content\/uploads\/2025\/06\/Calandra-a-2-rulli-1024x789.png"},{"@type":"BreadcrumbList","@id":"https:\/\/www.ttengineering.it\/fr\/calandre-a-deux-rouleaux\/#breadcrumb","itemListElement":[{"@type":"ListItem","position":1,"name":"Home","item":"https:\/\/www.ttengineering.it\/fr\/"},{"@type":"ListItem","position":2,"name":"Calandre \u00e0 deux rouleaux"}]},{"@type":"WebSite","@id":"https:\/\/www.ttengineering.it\/fr\/#website","url":"https:\/\/www.ttengineering.it\/fr\/","name":"TTEngineering - Advanced Solutions for Automation","description":"TTEngineering - Advanced Solutions for Automation","publisher":{"@id":"https:\/\/www.ttengineering.it\/fr\/#organization"},"alternateName":"TTEngineering - Advanced Solutions for Automation","potentialAction":[{"@type":"SearchAction","target":{"@type":"EntryPoint","urlTemplate":"https:\/\/www.ttengineering.it\/fr\/?s={search_term_string}"},"query-input":{"@type":"PropertyValueSpecification","valueRequired":true,"valueName":"search_term_string"}}],"inLanguage":"fr-FR"},{"@type":"Organization","@id":"https:\/\/www.ttengineering.it\/fr\/#organization","name":"TTEngineering - Advanced Solutions for Automation","alternateName":"TTEngineering - Advanced Solutions for Automation","url":"https:\/\/www.ttengineering.it\/fr\/","logo":{"@type":"ImageObject","inLanguage":"fr-FR","@id":"https:\/\/www.ttengineering.it\/fr\/#\/schema\/logo\/image\/","url":"https:\/\/www.ttengineering.it\/wp-content\/uploads\/2025\/05\/favicon.png","contentUrl":"https:\/\/www.ttengineering.it\/wp-content\/uploads\/2025\/05\/favicon.png","width":512,"height":512,"caption":"TTEngineering - Advanced Solutions for Automation"},"image":{"@id":"https:\/\/www.ttengineering.it\/fr\/#\/schema\/logo\/image\/"}}]}},"_links":{"self":[{"href":"https:\/\/www.ttengineering.it\/fr\/wp-json\/wp\/v2\/pages\/1483","targetHints":{"allow":["GET"]}}],"collection":[{"href":"https:\/\/www.ttengineering.it\/fr\/wp-json\/wp\/v2\/pages"}],"about":[{"href":"https:\/\/www.ttengineering.it\/fr\/wp-json\/wp\/v2\/types\/page"}],"author":[{"embeddable":true,"href":"https:\/\/www.ttengineering.it\/fr\/wp-json\/wp\/v2\/users\/1"}],"replies":[{"embeddable":true,"href":"https:\/\/www.ttengineering.it\/fr\/wp-json\/wp\/v2\/comments?post=1483"}],"version-history":[{"count":3,"href":"https:\/\/www.ttengineering.it\/fr\/wp-json\/wp\/v2\/pages\/1483\/revisions"}],"predecessor-version":[{"id":1823,"href":"https:\/\/www.ttengineering.it\/fr\/wp-json\/wp\/v2\/pages\/1483\/revisions\/1823"}],"wp:attachment":[{"href":"https:\/\/www.ttengineering.it\/fr\/wp-json\/wp\/v2\/media?parent=1483"}],"curies":[{"name":"wp","href":"https:\/\/api.w.org\/{rel}","templated":true}]}}