{"id":1479,"date":"2025-05-27T15:00:46","date_gmt":"2025-05-27T13:00:46","guid":{"rendered":"https:\/\/www.ttengineering.it\/automobile\/"},"modified":"2025-06-18T11:44:39","modified_gmt":"2025-06-18T09:44:39","slug":"machines-pour-fabriquer-les-systemes-dechappement-des-voitures","status":"publish","type":"page","link":"https:\/\/www.ttengineering.it\/fr\/machines-pour-fabriquer-les-systemes-dechappement-des-voitures\/","title":{"rendered":"Automobile"},"content":{"rendered":"\t\t<div data-elementor-type=\"wp-page\" data-elementor-id=\"1479\" class=\"elementor elementor-1479 elementor-20\" data-elementor-post-type=\"page\">\n\t\t\t\t<div class=\"elementor-element elementor-element-8eb7fab e-con-full e-flex e-con e-parent\" data-id=\"8eb7fab\" data-element_type=\"container\">\n\t\t<div class=\"elementor-element elementor-element-584c770 e-con-full e-flex e-con e-child\" data-id=\"584c770\" data-element_type=\"container\">\n\t\t\t\t<div class=\"elementor-element elementor-element-042727a animated-fast elementor-invisible elementor-widget elementor-widget-heading\" data-id=\"042727a\" data-element_type=\"widget\" data-settings=\"{&quot;_animation&quot;:&quot;slideInUp&quot;}\" data-widget_type=\"heading.default\">\n\t\t\t\t<div class=\"elementor-widget-container\">\n\t\t\t\t\t<h2 class=\"elementor-heading-title elementor-size-default\">TTE<span style=\"color: #0D0D0E\">NGINEERING<\/span> - L\u2019innovation au service de la fiabilit\u00e9<\/h2>\t\t\t\t<\/div>\n\t\t\t\t<\/div>\n\t\t\t\t<div class=\"elementor-element elementor-element-9a80b38 animated-fast elementor-invisible elementor-widget elementor-widget-heading\" data-id=\"9a80b38\" data-element_type=\"widget\" data-settings=\"{&quot;_animation&quot;:&quot;slideInUp&quot;,&quot;_animation_delay&quot;:100}\" data-widget_type=\"heading.default\">\n\t\t\t\t<div class=\"elementor-widget-container\">\n\t\t\t\t\t<h2 class=\"elementor-heading-title elementor-size-default\">Automobile<\/h2>\t\t\t\t<\/div>\n\t\t\t\t<\/div>\n\t\t\t\t<div class=\"elementor-element elementor-element-9f2a560 elementor-widget__width-initial animated-fast elementor-invisible elementor-widget elementor-widget-text-editor\" data-id=\"9f2a560\" data-element_type=\"widget\" data-settings=\"{&quot;_animation&quot;:&quot;slideInUp&quot;,&quot;_animation_delay&quot;:200}\" data-widget_type=\"text-editor.default\">\n\t\t\t\t<div class=\"elementor-widget-container\">\n\t\t\t\t\t\t\t\t\t<p>M\u00eame s\u2019il s\u2019agit d\u2019un des secteurs les plus contraignants et les plus complexes du point de vue de l\u2019innovation technologique et des performances n\u00e9cessaires, depuis des ann\u00e9es TTEngineering s\u2019engage \u00e0 produire des <strong>machines pour fabriquer les syst\u00e8mes d\u2019\u00e9chappement<\/strong> des voitures en introduisant la technologie laser pour souder et couper.<\/p><p>Avec ses machines et technologies sp\u00e9ciales, l\u2019entreprise fabrique des catalyseurs pour les syst\u00e8mes d\u2019\u00e9chappement des voitures \u00e0 partir des t\u00f4les pr\u00e9d\u00e9coup\u00e9es que l\u2019on calandre, soude et d\u00e9charge \u00e0 travers un processus automatis\u00e9. L\u2019objectif est de r\u00e9aliser une production optimale et conforme aux sp\u00e9cifications techniques indiqu\u00e9es dans le cahier des charges.<\/p>\t\t\t\t\t\t\t\t<\/div>\n\t\t\t\t<\/div>\n\t\t\t\t<\/div>\n\t\t<div class=\"elementor-element elementor-element-75b8f2e e-con-full e-flex e-con e-child\" data-id=\"75b8f2e\" data-element_type=\"container\" data-settings=\"{&quot;background_background&quot;:&quot;classic&quot;}\">\n\t\t\t\t<\/div>\n\t\t\t\t<\/div>\n\t\t<div class=\"elementor-element elementor-element-99a8d8e e-con-full e-flex e-con e-parent\" data-id=\"99a8d8e\" data-element_type=\"container\" data-settings=\"{&quot;background_background&quot;:&quot;classic&quot;}\">\n\t\t<div class=\"elementor-element elementor-element-91d6ab2 e-con-full e-flex e-con e-child\" data-id=\"91d6ab2\" data-element_type=\"container\" data-settings=\"{&quot;background_background&quot;:&quot;classic&quot;}\">\n\t\t\t\t<div class=\"elementor-element elementor-element-95a8817 elementor-widget elementor-widget-image\" data-id=\"95a8817\" data-element_type=\"widget\" data-widget_type=\"image.default\">\n\t\t\t\t<div class=\"elementor-widget-container\">\n\t\t\t\t\t\t\t\t\t\t\t\t\t\t\t<img fetchpriority=\"high\" decoding=\"async\" width=\"400\" height=\"533\" src=\"https:\/\/www.ttengineering.it\/wp-content\/uploads\/2025\/06\/macchine-per-produrre-catalizzatori-per-auto-CATALIZZATORE-e1593685439779.jpg\" class=\"attachment-large size-large wp-image-1016\" alt=\"\" srcset=\"https:\/\/www.ttengineering.it\/wp-content\/uploads\/2025\/06\/macchine-per-produrre-catalizzatori-per-auto-CATALIZZATORE-e1593685439779.jpg 400w, https:\/\/www.ttengineering.it\/wp-content\/uploads\/2025\/06\/macchine-per-produrre-catalizzatori-per-auto-CATALIZZATORE-e1593685439779-225x300.jpg 225w\" sizes=\"(max-width: 400px) 100vw, 400px\" \/>\t\t\t\t\t\t\t\t\t\t\t\t\t\t\t<\/div>\n\t\t\t\t<\/div>\n\t\t\t\t<\/div>\n\t\t<div class=\"elementor-element elementor-element-c4b7799 e-con-full e-flex e-con e-child\" data-id=\"c4b7799\" data-element_type=\"container\" data-settings=\"{&quot;background_background&quot;:&quot;classic&quot;}\">\n\t\t\t\t<div class=\"elementor-element elementor-element-0dbf9eb animated-fast elementor-invisible elementor-widget elementor-widget-heading\" data-id=\"0dbf9eb\" data-element_type=\"widget\" data-settings=\"{&quot;_animation&quot;:&quot;slideInUp&quot;}\" data-widget_type=\"heading.default\">\n\t\t\t\t<div class=\"elementor-widget-container\">\n\t\t\t\t\t<h2 class=\"elementor-heading-title elementor-size-default\">TTE<span style=\"color: #0D0D0E\">NGINEERING<\/span><\/h2>\t\t\t\t<\/div>\n\t\t\t\t<\/div>\n\t\t\t\t<div class=\"elementor-element elementor-element-750cf37 elementor-widget__width-initial animated-fast elementor-invisible elementor-widget elementor-widget-text-editor\" data-id=\"750cf37\" data-element_type=\"widget\" data-settings=\"{&quot;_animation&quot;:&quot;slideInUp&quot;,&quot;_animation_delay&quot;:200}\" data-widget_type=\"text-editor.default\">\n\t\t\t\t<div class=\"elementor-widget-container\">\n\t\t\t\t\t\t\t\t\t<p>Contr\u00f4le de la qualit\u00e9 garanti<\/p>\t\t\t\t\t\t\t\t<\/div>\n\t\t\t\t<\/div>\n\t\t\t\t<div class=\"elementor-element elementor-element-0c613ae elementor-widget__width-initial animated-fast elementor-invisible elementor-widget elementor-widget-text-editor\" data-id=\"0c613ae\" data-element_type=\"widget\" data-settings=\"{&quot;_animation&quot;:&quot;slideInUp&quot;,&quot;_animation_delay&quot;:200}\" data-widget_type=\"text-editor.default\">\n\t\t\t\t<div class=\"elementor-widget-container\">\n\t\t\t\t\t\t\t\t\t<p>Une caract\u00e9ristique des lignes automatiques de TTEngineering dans ce domaine est la pr\u00e9sence de dispositifs int\u00e9gr\u00e9s que l\u2019entreprise a d\u00e9velopp\u00e9 et optimis\u00e9 sur ses syst\u00e8mes afin d\u2019effectuer un contr\u00f4le efficace de la qualit\u00e9.<\/p>\t\t\t\t\t\t\t\t<\/div>\n\t\t\t\t<\/div>\n\t\t\t\t<div class=\"elementor-element elementor-element-15f400d elementor-widget__width-initial animated-fast elementor-invisible elementor-widget elementor-widget-text-editor\" data-id=\"15f400d\" data-element_type=\"widget\" data-settings=\"{&quot;_animation&quot;:&quot;slideInUp&quot;,&quot;_animation_delay&quot;:200}\" data-widget_type=\"text-editor.default\">\n\t\t\t\t<div class=\"elementor-widget-container\">\n\t\t\t\t\t\t\t\t\t<p>Le programme de production pr\u00e9voit des solutions \u00ab tout-en-un \u00bb avec lesquelles on peut r\u00e9pondre aux besoins de l\u2019industrie automobile pour les v\u00e9hicules priv\u00e9s et industriels; en fonction du d\u00e9bouch\u00e9, l\u2019entreprise produit des tuyaux avec un diam\u00e8tre entre 80 et 400 mm, g\u00e9n\u00e9ralement en mat\u00e9riaux ferriques.<\/p>\t\t\t\t\t\t\t\t<\/div>\n\t\t\t\t<\/div>\n\t\t<div class=\"elementor-element elementor-element-c955d7a e-con-full e-flex e-con e-child\" data-id=\"c955d7a\" data-element_type=\"container\">\n\t\t\t\t<div class=\"elementor-element elementor-element-3d1891c elementor-align-justify elementor-widget__width-initial animated-fast elementor-invisible elementor-widget elementor-widget-button\" data-id=\"3d1891c\" data-element_type=\"widget\" data-settings=\"{&quot;_animation&quot;:&quot;slideInRight&quot;,&quot;_animation_delay&quot;:500}\" data-widget_type=\"button.default\">\n\t\t\t\t<div class=\"elementor-widget-container\">\n\t\t\t\t\t\t\t\t\t<div class=\"elementor-button-wrapper\">\n\t\t\t\t\t<a class=\"elementor-button elementor-button-link elementor-size-sm\" href=\"https:\/\/www.ttengineering.it\/fr\/nous-contacter\/\">\n\t\t\t\t\t\t<span class=\"elementor-button-content-wrapper\">\n\t\t\t\t\t\t\t\t\t<span class=\"elementor-button-text\">CONTACTEZ-NOUS<\/span>\n\t\t\t\t\t<\/span>\n\t\t\t\t\t<\/a>\n\t\t\t\t<\/div>\n\t\t\t\t\t\t\t\t<\/div>\n\t\t\t\t<\/div>\n\t\t\t\t<\/div>\n\t\t\t\t<\/div>\n\t\t\t\t<\/div>\n\t\t\t\t<\/div>\n\t\t","protected":false},"excerpt":{"rendered":"<p>TTENGINEERING &#8211; L\u2019innovation au service de la fiabilit\u00e9 Automobile M\u00eame s\u2019il s\u2019agit d\u2019un des secteurs les plus contraignants et les plus complexes du point de vue de l\u2019innovation technologique et des performances n\u00e9cessaires, depuis des ann\u00e9es TTEngineering s\u2019engage \u00e0 produire des machines pour fabriquer les syst\u00e8mes d\u2019\u00e9chappement des voitures en introduisant la technologie laser pour [&hellip;]<\/p>\n","protected":false},"author":1,"featured_media":0,"parent":0,"menu_order":0,"comment_status":"closed","ping_status":"closed","template":"","meta":{"footnotes":""},"class_list":["post-1479","page","type-page","status-publish","hentry"],"yoast_head":"<!-- This site is optimized with the Yoast SEO plugin v25.4 - https:\/\/yoast.com\/wordpress\/plugins\/seo\/ -->\n<title>Automobile - TTEngineering - Advanced Solutions for Automation<\/title>\n<meta name=\"robots\" content=\"index, follow, max-snippet:-1, max-image-preview:large, max-video-preview:-1\" \/>\n<link rel=\"canonical\" href=\"https:\/\/www.ttengineering.it\/fr\/machines-pour-fabriquer-les-systemes-dechappement-des-voitures\/\" \/>\n<meta property=\"og:locale\" content=\"fr_FR\" \/>\n<meta property=\"og:type\" content=\"article\" \/>\n<meta property=\"og:title\" content=\"Automobile - TTEngineering - Advanced Solutions for Automation\" \/>\n<meta property=\"og:description\" content=\"TTENGINEERING &#8211; L\u2019innovation au service de la fiabilit\u00e9 Automobile M\u00eame s\u2019il s\u2019agit d\u2019un des secteurs les plus contraignants et les plus complexes du point de vue de l\u2019innovation technologique et des performances n\u00e9cessaires, depuis des ann\u00e9es TTEngineering s\u2019engage \u00e0 produire des machines pour fabriquer les syst\u00e8mes d\u2019\u00e9chappement des voitures en introduisant la technologie laser pour [&hellip;]\" \/>\n<meta property=\"og:url\" content=\"https:\/\/www.ttengineering.it\/fr\/machines-pour-fabriquer-les-systemes-dechappement-des-voitures\/\" \/>\n<meta property=\"og:site_name\" content=\"TTEngineering - Advanced Solutions for Automation\" \/>\n<meta property=\"article:modified_time\" content=\"2025-06-18T09:44:39+00:00\" \/>\n<meta property=\"og:image\" content=\"https:\/\/www.ttengineering.it\/wp-content\/uploads\/2025\/06\/macchine-per-produrre-catalizzatori-per-auto-CATALIZZATORE-e1593685439779.jpg\" \/>\n\t<meta property=\"og:image:width\" content=\"400\" \/>\n\t<meta property=\"og:image:height\" content=\"533\" \/>\n\t<meta property=\"og:image:type\" content=\"image\/jpeg\" \/>\n<meta name=\"twitter:card\" content=\"summary_large_image\" \/>\n<meta name=\"twitter:label1\" content=\"Dur\u00e9e de lecture estim\u00e9e\" \/>\n\t<meta name=\"twitter:data1\" content=\"1 minute\" \/>\n<script type=\"application\/ld+json\" class=\"yoast-schema-graph\">{\"@context\":\"https:\/\/schema.org\",\"@graph\":[{\"@type\":\"WebPage\",\"@id\":\"https:\/\/www.ttengineering.it\/fr\/machines-pour-fabriquer-les-systemes-dechappement-des-voitures\/\",\"url\":\"https:\/\/www.ttengineering.it\/fr\/machines-pour-fabriquer-les-systemes-dechappement-des-voitures\/\",\"name\":\"Automobile - TTEngineering - Advanced Solutions for Automation\",\"isPartOf\":{\"@id\":\"https:\/\/www.ttengineering.it\/fr\/#website\"},\"primaryImageOfPage\":{\"@id\":\"https:\/\/www.ttengineering.it\/fr\/machines-pour-fabriquer-les-systemes-dechappement-des-voitures\/#primaryimage\"},\"image\":{\"@id\":\"https:\/\/www.ttengineering.it\/fr\/machines-pour-fabriquer-les-systemes-dechappement-des-voitures\/#primaryimage\"},\"thumbnailUrl\":\"https:\/\/www.ttengineering.it\/wp-content\/uploads\/2025\/06\/macchine-per-produrre-catalizzatori-per-auto-CATALIZZATORE-e1593685439779.jpg\",\"datePublished\":\"2025-05-27T13:00:46+00:00\",\"dateModified\":\"2025-06-18T09:44:39+00:00\",\"breadcrumb\":{\"@id\":\"https:\/\/www.ttengineering.it\/fr\/machines-pour-fabriquer-les-systemes-dechappement-des-voitures\/#breadcrumb\"},\"inLanguage\":\"fr-FR\",\"potentialAction\":[{\"@type\":\"ReadAction\",\"target\":[\"https:\/\/www.ttengineering.it\/fr\/machines-pour-fabriquer-les-systemes-dechappement-des-voitures\/\"]}]},{\"@type\":\"ImageObject\",\"inLanguage\":\"fr-FR\",\"@id\":\"https:\/\/www.ttengineering.it\/fr\/machines-pour-fabriquer-les-systemes-dechappement-des-voitures\/#primaryimage\",\"url\":\"https:\/\/www.ttengineering.it\/wp-content\/uploads\/2025\/06\/macchine-per-produrre-catalizzatori-per-auto-CATALIZZATORE-e1593685439779.jpg\",\"contentUrl\":\"https:\/\/www.ttengineering.it\/wp-content\/uploads\/2025\/06\/macchine-per-produrre-catalizzatori-per-auto-CATALIZZATORE-e1593685439779.jpg\"},{\"@type\":\"BreadcrumbList\",\"@id\":\"https:\/\/www.ttengineering.it\/fr\/machines-pour-fabriquer-les-systemes-dechappement-des-voitures\/#breadcrumb\",\"itemListElement\":[{\"@type\":\"ListItem\",\"position\":1,\"name\":\"Home\",\"item\":\"https:\/\/www.ttengineering.it\/fr\/\"},{\"@type\":\"ListItem\",\"position\":2,\"name\":\"Automobile\"}]},{\"@type\":\"WebSite\",\"@id\":\"https:\/\/www.ttengineering.it\/fr\/#website\",\"url\":\"https:\/\/www.ttengineering.it\/fr\/\",\"name\":\"TTEngineering - Advanced Solutions for Automation\",\"description\":\"TTEngineering - Advanced Solutions for Automation\",\"publisher\":{\"@id\":\"https:\/\/www.ttengineering.it\/fr\/#organization\"},\"alternateName\":\"TTEngineering - Advanced Solutions for Automation\",\"potentialAction\":[{\"@type\":\"SearchAction\",\"target\":{\"@type\":\"EntryPoint\",\"urlTemplate\":\"https:\/\/www.ttengineering.it\/fr\/?s={search_term_string}\"},\"query-input\":{\"@type\":\"PropertyValueSpecification\",\"valueRequired\":true,\"valueName\":\"search_term_string\"}}],\"inLanguage\":\"fr-FR\"},{\"@type\":\"Organization\",\"@id\":\"https:\/\/www.ttengineering.it\/fr\/#organization\",\"name\":\"TTEngineering - Advanced Solutions for Automation\",\"alternateName\":\"TTEngineering - Advanced Solutions for Automation\",\"url\":\"https:\/\/www.ttengineering.it\/fr\/\",\"logo\":{\"@type\":\"ImageObject\",\"inLanguage\":\"fr-FR\",\"@id\":\"https:\/\/www.ttengineering.it\/fr\/#\/schema\/logo\/image\/\",\"url\":\"https:\/\/www.ttengineering.it\/wp-content\/uploads\/2025\/05\/favicon.png\",\"contentUrl\":\"https:\/\/www.ttengineering.it\/wp-content\/uploads\/2025\/05\/favicon.png\",\"width\":512,\"height\":512,\"caption\":\"TTEngineering - Advanced Solutions for Automation\"},\"image\":{\"@id\":\"https:\/\/www.ttengineering.it\/fr\/#\/schema\/logo\/image\/\"}}]}<\/script>\n<!-- \/ Yoast SEO plugin. -->","yoast_head_json":{"title":"Automobile - TTEngineering - Advanced Solutions for Automation","robots":{"index":"index","follow":"follow","max-snippet":"max-snippet:-1","max-image-preview":"max-image-preview:large","max-video-preview":"max-video-preview:-1"},"canonical":"https:\/\/www.ttengineering.it\/fr\/machines-pour-fabriquer-les-systemes-dechappement-des-voitures\/","og_locale":"fr_FR","og_type":"article","og_title":"Automobile - TTEngineering - Advanced Solutions for Automation","og_description":"TTENGINEERING &#8211; L\u2019innovation au service de la fiabilit\u00e9 Automobile M\u00eame s\u2019il s\u2019agit d\u2019un des secteurs les plus contraignants et les plus complexes du point de vue de l\u2019innovation technologique et des performances n\u00e9cessaires, depuis des ann\u00e9es TTEngineering s\u2019engage \u00e0 produire des machines pour fabriquer les syst\u00e8mes d\u2019\u00e9chappement des voitures en introduisant la technologie laser pour [&hellip;]","og_url":"https:\/\/www.ttengineering.it\/fr\/machines-pour-fabriquer-les-systemes-dechappement-des-voitures\/","og_site_name":"TTEngineering - Advanced Solutions for Automation","article_modified_time":"2025-06-18T09:44:39+00:00","og_image":[{"width":400,"height":533,"url":"https:\/\/www.ttengineering.it\/wp-content\/uploads\/2025\/06\/macchine-per-produrre-catalizzatori-per-auto-CATALIZZATORE-e1593685439779.jpg","type":"image\/jpeg"}],"twitter_card":"summary_large_image","twitter_misc":{"Dur\u00e9e de lecture estim\u00e9e":"1 minute"},"schema":{"@context":"https:\/\/schema.org","@graph":[{"@type":"WebPage","@id":"https:\/\/www.ttengineering.it\/fr\/machines-pour-fabriquer-les-systemes-dechappement-des-voitures\/","url":"https:\/\/www.ttengineering.it\/fr\/machines-pour-fabriquer-les-systemes-dechappement-des-voitures\/","name":"Automobile - TTEngineering - Advanced Solutions for Automation","isPartOf":{"@id":"https:\/\/www.ttengineering.it\/fr\/#website"},"primaryImageOfPage":{"@id":"https:\/\/www.ttengineering.it\/fr\/machines-pour-fabriquer-les-systemes-dechappement-des-voitures\/#primaryimage"},"image":{"@id":"https:\/\/www.ttengineering.it\/fr\/machines-pour-fabriquer-les-systemes-dechappement-des-voitures\/#primaryimage"},"thumbnailUrl":"https:\/\/www.ttengineering.it\/wp-content\/uploads\/2025\/06\/macchine-per-produrre-catalizzatori-per-auto-CATALIZZATORE-e1593685439779.jpg","datePublished":"2025-05-27T13:00:46+00:00","dateModified":"2025-06-18T09:44:39+00:00","breadcrumb":{"@id":"https:\/\/www.ttengineering.it\/fr\/machines-pour-fabriquer-les-systemes-dechappement-des-voitures\/#breadcrumb"},"inLanguage":"fr-FR","potentialAction":[{"@type":"ReadAction","target":["https:\/\/www.ttengineering.it\/fr\/machines-pour-fabriquer-les-systemes-dechappement-des-voitures\/"]}]},{"@type":"ImageObject","inLanguage":"fr-FR","@id":"https:\/\/www.ttengineering.it\/fr\/machines-pour-fabriquer-les-systemes-dechappement-des-voitures\/#primaryimage","url":"https:\/\/www.ttengineering.it\/wp-content\/uploads\/2025\/06\/macchine-per-produrre-catalizzatori-per-auto-CATALIZZATORE-e1593685439779.jpg","contentUrl":"https:\/\/www.ttengineering.it\/wp-content\/uploads\/2025\/06\/macchine-per-produrre-catalizzatori-per-auto-CATALIZZATORE-e1593685439779.jpg"},{"@type":"BreadcrumbList","@id":"https:\/\/www.ttengineering.it\/fr\/machines-pour-fabriquer-les-systemes-dechappement-des-voitures\/#breadcrumb","itemListElement":[{"@type":"ListItem","position":1,"name":"Home","item":"https:\/\/www.ttengineering.it\/fr\/"},{"@type":"ListItem","position":2,"name":"Automobile"}]},{"@type":"WebSite","@id":"https:\/\/www.ttengineering.it\/fr\/#website","url":"https:\/\/www.ttengineering.it\/fr\/","name":"TTEngineering - Advanced Solutions for Automation","description":"TTEngineering - Advanced Solutions for Automation","publisher":{"@id":"https:\/\/www.ttengineering.it\/fr\/#organization"},"alternateName":"TTEngineering - Advanced Solutions for Automation","potentialAction":[{"@type":"SearchAction","target":{"@type":"EntryPoint","urlTemplate":"https:\/\/www.ttengineering.it\/fr\/?s={search_term_string}"},"query-input":{"@type":"PropertyValueSpecification","valueRequired":true,"valueName":"search_term_string"}}],"inLanguage":"fr-FR"},{"@type":"Organization","@id":"https:\/\/www.ttengineering.it\/fr\/#organization","name":"TTEngineering - Advanced Solutions for Automation","alternateName":"TTEngineering - Advanced Solutions for Automation","url":"https:\/\/www.ttengineering.it\/fr\/","logo":{"@type":"ImageObject","inLanguage":"fr-FR","@id":"https:\/\/www.ttengineering.it\/fr\/#\/schema\/logo\/image\/","url":"https:\/\/www.ttengineering.it\/wp-content\/uploads\/2025\/05\/favicon.png","contentUrl":"https:\/\/www.ttengineering.it\/wp-content\/uploads\/2025\/05\/favicon.png","width":512,"height":512,"caption":"TTEngineering - Advanced Solutions for Automation"},"image":{"@id":"https:\/\/www.ttengineering.it\/fr\/#\/schema\/logo\/image\/"}}]}},"_links":{"self":[{"href":"https:\/\/www.ttengineering.it\/fr\/wp-json\/wp\/v2\/pages\/1479","targetHints":{"allow":["GET"]}}],"collection":[{"href":"https:\/\/www.ttengineering.it\/fr\/wp-json\/wp\/v2\/pages"}],"about":[{"href":"https:\/\/www.ttengineering.it\/fr\/wp-json\/wp\/v2\/types\/page"}],"author":[{"embeddable":true,"href":"https:\/\/www.ttengineering.it\/fr\/wp-json\/wp\/v2\/users\/1"}],"replies":[{"embeddable":true,"href":"https:\/\/www.ttengineering.it\/fr\/wp-json\/wp\/v2\/comments?post=1479"}],"version-history":[{"count":3,"href":"https:\/\/www.ttengineering.it\/fr\/wp-json\/wp\/v2\/pages\/1479\/revisions"}],"predecessor-version":[{"id":1810,"href":"https:\/\/www.ttengineering.it\/fr\/wp-json\/wp\/v2\/pages\/1479\/revisions\/1810"}],"wp:attachment":[{"href":"https:\/\/www.ttengineering.it\/fr\/wp-json\/wp\/v2\/media?parent=1479"}],"curies":[{"name":"wp","href":"https:\/\/api.w.org\/{rel}","templated":true}]}}