{"id":1557,"date":"2025-05-27T15:04:32","date_gmt":"2025-05-27T13:04:32","guid":{"rendered":"https:\/\/www.ttengineering.it\/maschinen-zum-3d-rohrschneiden\/"},"modified":"2025-06-18T12:18:32","modified_gmt":"2025-06-18T10:18:32","slug":"maschinen-zum-3d-rohrschneiden","status":"publish","type":"page","link":"https:\/\/www.ttengineering.it\/de\/maschinen-zum-3d-rohrschneiden\/","title":{"rendered":"Maschinen zum 3D-Rohrschneiden"},"content":{"rendered":"\t\t<div data-elementor-type=\"wp-page\" data-elementor-id=\"1557\" class=\"elementor elementor-1557 elementor-28\" data-elementor-post-type=\"page\">\n\t\t\t\t<div class=\"elementor-element elementor-element-42a96e1 e-con-full e-flex e-con e-parent\" data-id=\"42a96e1\" data-element_type=\"container\">\n\t\t<div class=\"elementor-element elementor-element-7bba14c e-con-full e-flex e-con e-child\" data-id=\"7bba14c\" data-element_type=\"container\">\n\t\t\t\t<div class=\"elementor-element elementor-element-8a54df6 animated-fast elementor-invisible elementor-widget elementor-widget-heading\" data-id=\"8a54df6\" data-element_type=\"widget\" data-settings=\"{&quot;_animation&quot;:&quot;slideInUp&quot;}\" data-widget_type=\"heading.default\">\n\t\t\t\t<div class=\"elementor-widget-container\">\n\t\t\t\t\t<h2 class=\"elementor-heading-title elementor-size-default\">TTE<span style=\"color: #0D0D0E\">NGINEERING<\/span> - Produkte f\u00fcr unsere Kunden<\/h2>\t\t\t\t<\/div>\n\t\t\t\t<\/div>\n\t\t\t\t<div class=\"elementor-element elementor-element-6f7ab18 animated-fast elementor-invisible elementor-widget elementor-widget-heading\" data-id=\"6f7ab18\" data-element_type=\"widget\" data-settings=\"{&quot;_animation&quot;:&quot;slideInUp&quot;,&quot;_animation_delay&quot;:100}\" data-widget_type=\"heading.default\">\n\t\t\t\t<div class=\"elementor-widget-container\">\n\t\t\t\t\t<h2 class=\"elementor-heading-title elementor-size-default\">Maschinen zum 3D-Rohrschneiden<\/h2>\t\t\t\t<\/div>\n\t\t\t\t<\/div>\n\t\t\t\t<div class=\"elementor-element elementor-element-de582fe elementor-widget__width-initial animated-fast elementor-invisible elementor-widget elementor-widget-text-editor\" data-id=\"de582fe\" data-element_type=\"widget\" data-settings=\"{&quot;_animation&quot;:&quot;slideInUp&quot;,&quot;_animation_delay&quot;:200}\" data-widget_type=\"text-editor.default\">\n\t\t\t\t<div class=\"elementor-widget-container\">\n\t\t\t\t\t\t\t\t\t<p>TTEngineering entwickelte diese speziellen <strong>Maschinen zum 3D-Rohrschneiden<\/strong> von Rohrschnitten mit einem Durchmesser von bis zu 820 mm mittels Lasertechnologie. Je nach Bed\u00fcrfnis sind sie eigenst\u00e4ndig bzw. in einer robotisierten Insel verf\u00fcgbar.<\/p>\t\t\t\t\t\t\t\t<\/div>\n\t\t\t\t<\/div>\n\t\t\t\t<\/div>\n\t\t<div class=\"elementor-element elementor-element-999921d e-con-full e-flex e-con e-child\" data-id=\"999921d\" data-element_type=\"container\" data-settings=\"{&quot;background_background&quot;:&quot;classic&quot;}\">\n\t\t\t\t<\/div>\n\t\t\t\t<\/div>\n\t\t<div class=\"elementor-element elementor-element-8880120 e-con-full e-flex e-con e-parent\" data-id=\"8880120\" data-element_type=\"container\" data-settings=\"{&quot;background_background&quot;:&quot;classic&quot;}\">\n\t\t<div class=\"elementor-element elementor-element-3a95379 e-con-full e-flex e-con e-child\" data-id=\"3a95379\" data-element_type=\"container\" data-settings=\"{&quot;background_background&quot;:&quot;classic&quot;}\">\n\t\t\t\t<div class=\"elementor-element elementor-element-6af2c4d elementor-arrows-position-outside elementor-widget elementor-widget-image-carousel\" data-id=\"6af2c4d\" data-element_type=\"widget\" data-settings=\"{&quot;slides_to_show&quot;:&quot;1&quot;,&quot;navigation&quot;:&quot;arrows&quot;,&quot;autoplay&quot;:&quot;yes&quot;,&quot;autoplay_speed&quot;:5000,&quot;infinite&quot;:&quot;yes&quot;,&quot;effect&quot;:&quot;slide&quot;,&quot;speed&quot;:500}\" data-widget_type=\"image-carousel.default\">\n\t\t\t\t<div class=\"elementor-widget-container\">\n\t\t\t\t\t\t\t<div class=\"elementor-image-carousel-wrapper swiper\" role=\"region\" aria-roledescription=\"carousel\" aria-label=\"Carosello d&#039;immagini\" dir=\"ltr\">\n\t\t\t<div class=\"elementor-image-carousel swiper-wrapper\" aria-live=\"off\">\n\t\t\t\t\t\t\t\t<div class=\"swiper-slide\" role=\"group\" aria-roledescription=\"slide\" aria-label=\"1 von 2\"><figure class=\"swiper-slide-inner\"><img decoding=\"async\" class=\"swiper-slide-image\" src=\"https:\/\/www.ttengineering.it\/wp-content\/uploads\/2025\/06\/TOP-S-XL-2022-1024x768-1.webp\" alt=\"TOP-S XL\" \/><figcaption class=\"elementor-image-carousel-caption\">TOP-S XL<\/figcaption><\/figure><\/div><div class=\"swiper-slide\" role=\"group\" aria-roledescription=\"slide\" aria-label=\"2 von 2\"><figure class=\"swiper-slide-inner\"><img decoding=\"async\" class=\"swiper-slide-image\" src=\"https:\/\/www.ttengineering.it\/wp-content\/uploads\/2025\/06\/TOP-S-2022-R1-bis.webp\" alt=\"TOP-S\" \/><figcaption class=\"elementor-image-carousel-caption\">TOP-S<\/figcaption><\/figure><\/div>\t\t\t<\/div>\n\t\t\t\t\t\t\t\t\t\t\t\t<div class=\"elementor-swiper-button elementor-swiper-button-prev\" role=\"button\" tabindex=\"0\">\n\t\t\t\t\t\t<svg aria-hidden=\"true\" class=\"e-font-icon-svg e-eicon-chevron-left\" viewBox=\"0 0 1000 1000\" xmlns=\"http:\/\/www.w3.org\/2000\/svg\"><path d=\"M646 125C629 125 613 133 604 142L308 442C296 454 292 471 292 487 292 504 296 521 308 533L604 854C617 867 629 875 646 875 663 875 679 871 692 858 704 846 713 829 713 812 713 796 708 779 692 767L438 487 692 225C700 217 708 204 708 187 708 171 704 154 692 142 675 129 663 125 646 125Z\"><\/path><\/svg>\t\t\t\t\t<\/div>\n\t\t\t\t\t<div class=\"elementor-swiper-button elementor-swiper-button-next\" role=\"button\" tabindex=\"0\">\n\t\t\t\t\t\t<svg aria-hidden=\"true\" class=\"e-font-icon-svg e-eicon-chevron-right\" viewBox=\"0 0 1000 1000\" xmlns=\"http:\/\/www.w3.org\/2000\/svg\"><path d=\"M696 533C708 521 713 504 713 487 713 471 708 454 696 446L400 146C388 133 375 125 354 125 338 125 325 129 313 142 300 154 292 171 292 187 292 204 296 221 308 233L563 492 304 771C292 783 288 800 288 817 288 833 296 850 308 863 321 871 338 875 354 875 371 875 388 867 400 854L696 533Z\"><\/path><\/svg>\t\t\t\t\t<\/div>\n\t\t\t\t\n\t\t\t\t\t\t\t\t\t<\/div>\n\t\t\t\t\t\t<\/div>\n\t\t\t\t<\/div>\n\t\t\t\t<\/div>\n\t\t<div class=\"elementor-element elementor-element-f9b94a9 e-con-full e-flex e-con e-child\" data-id=\"f9b94a9\" data-element_type=\"container\" data-settings=\"{&quot;background_background&quot;:&quot;classic&quot;}\">\n\t\t\t\t<div class=\"elementor-element elementor-element-aa1866d animated-fast elementor-invisible elementor-widget elementor-widget-heading\" data-id=\"aa1866d\" data-element_type=\"widget\" data-settings=\"{&quot;_animation&quot;:&quot;slideInUp&quot;}\" data-widget_type=\"heading.default\">\n\t\t\t\t<div class=\"elementor-widget-container\">\n\t\t\t\t\t<h2 class=\"elementor-heading-title elementor-size-default\">TTE<span style=\"color: #FFFFFF\">NGINEERING<\/span><\/h2>\t\t\t\t<\/div>\n\t\t\t\t<\/div>\n\t\t\t\t<div class=\"elementor-element elementor-element-3924ead elementor-widget__width-initial animated-fast elementor-invisible elementor-widget elementor-widget-text-editor\" data-id=\"3924ead\" data-element_type=\"widget\" data-settings=\"{&quot;_animation&quot;:&quot;slideInUp&quot;,&quot;_animation_delay&quot;:200}\" data-widget_type=\"text-editor.default\">\n\t\t\t\t<div class=\"elementor-widget-container\">\n\t\t\t\t\t\t\t\t\t<p>Innovation und Kosteneinsparung<\/p>\t\t\t\t\t\t\t\t<\/div>\n\t\t\t\t<\/div>\n\t\t\t\t<div class=\"elementor-element elementor-element-94e8a80 elementor-widget__width-initial animated-fast elementor-invisible elementor-widget elementor-widget-text-editor\" data-id=\"94e8a80\" data-element_type=\"widget\" data-settings=\"{&quot;_animation&quot;:&quot;slideInUp&quot;,&quot;_animation_delay&quot;:200}\" data-widget_type=\"text-editor.default\">\n\t\t\t\t<div class=\"elementor-widget-container\">\n\t\t\t\t\t\t\t\t\t<p>TTE bietet heute eine vollst\u00e4ndig erneuerte Version der traditionellen Schneidemaschine, die nur als eigenst\u00e4ndige Anwendung verf\u00fcgbar ist. Pr\u00e4zision und Produktivit\u00e4t bleiben ihre Hauptmerkmale, ihr Design ist sehr moderner und es gibt erhebliche wirtschaftliche Vorteile.<\/p>\t\t\t\t\t\t\t\t<\/div>\n\t\t\t\t<\/div>\n\t\t\t\t<div class=\"elementor-element elementor-element-6e55001 elementor-widget__width-initial animated-fast elementor-invisible elementor-widget elementor-widget-text-editor\" data-id=\"6e55001\" data-element_type=\"widget\" data-settings=\"{&quot;_animation&quot;:&quot;slideInUp&quot;,&quot;_animation_delay&quot;:200}\" data-widget_type=\"text-editor.default\">\n\t\t\t\t<div class=\"elementor-widget-container\">\n\t\t\t\t\t\t\t\t\t<p>Erh\u00e4ltlich in 2 Versionen:<\/p><ul><li>TOP-S: f\u00fcr Durchmesser bis 600 mm.<\/li><li>TOP-S XL: f\u00fcr Durchmesser bis 770 mm.<\/li><\/ul>\t\t\t\t\t\t\t\t<\/div>\n\t\t\t\t<\/div>\n\t\t\t\t<\/div>\n\t\t\t\t<\/div>\n\t\t<div class=\"elementor-element elementor-element-426edb7 e-con-full e-flex e-con e-parent\" data-id=\"426edb7\" data-element_type=\"container\" data-settings=\"{&quot;background_background&quot;:&quot;classic&quot;}\">\n\t\t<div class=\"elementor-element elementor-element-92fe637 e-con-full e-flex e-con e-child\" data-id=\"92fe637\" data-element_type=\"container\" data-settings=\"{&quot;background_background&quot;:&quot;classic&quot;}\">\n\t\t\t\t<div class=\"elementor-element elementor-element-d1d9240 animated-fast elementor-invisible elementor-widget elementor-widget-heading\" data-id=\"d1d9240\" data-element_type=\"widget\" data-settings=\"{&quot;_animation&quot;:&quot;slideInUp&quot;}\" data-widget_type=\"heading.default\">\n\t\t\t\t<div class=\"elementor-widget-container\">\n\t\t\t\t\t<h2 class=\"elementor-heading-title elementor-size-default\">TTE<span style=\"color: #0D0D0E\">NGINEERING<\/span><\/h2>\t\t\t\t<\/div>\n\t\t\t\t<\/div>\n\t\t\t\t<div class=\"elementor-element elementor-element-86d7ab8 elementor-widget__width-initial animated-fast elementor-invisible elementor-widget elementor-widget-text-editor\" data-id=\"86d7ab8\" data-element_type=\"widget\" data-settings=\"{&quot;_animation&quot;:&quot;slideInUp&quot;,&quot;_animation_delay&quot;:200}\" data-widget_type=\"text-editor.default\">\n\t\t\t\t<div class=\"elementor-widget-container\">\n\t\t\t\t\t\t\t\t\t<p>Die Software der Firma TTE<\/p>\t\t\t\t\t\t\t\t<\/div>\n\t\t\t\t<\/div>\n\t\t\t\t<div class=\"elementor-element elementor-element-96c0a38 elementor-widget__width-initial animated-fast elementor-invisible elementor-widget elementor-widget-text-editor\" data-id=\"96c0a38\" data-element_type=\"widget\" data-settings=\"{&quot;_animation&quot;:&quot;slideInUp&quot;,&quot;_animation_delay&quot;:200}\" data-widget_type=\"text-editor.default\">\n\t\t\t\t<div class=\"elementor-widget-container\">\n\t\t\t\t\t\t\t\t\t<p>Unsere Schneidemaschinen sind vollautomatisch und setzen auf die fortschrittlichen Funktionen von der Programmiersoftware TTE-Cutting, die von unserem Internen Technischen Abteilung entwickelt wurde, um den Anforderungen unserer Kunden nachzukommen. Diese Software wurde aktualisiert und integriert jetzt alle Schnittarten, die TTE seit \u00fcber 20 Jahren in Zusammenarbeit mit seinen Kunden entwickelt hat: <\/p>\t\t\t\t\t\t\t\t<\/div>\n\t\t\t\t<\/div>\n\t\t\t\t<div class=\"elementor-element elementor-element-a3de5c5 elementor-widget elementor-widget-image\" data-id=\"a3de5c5\" data-element_type=\"widget\" data-widget_type=\"image.default\">\n\t\t\t\t<div class=\"elementor-widget-container\">\n\t\t\t\t\t\t\t\t\t\t\t\t\t\t\t<img fetchpriority=\"high\" decoding=\"async\" width=\"719\" height=\"170\" src=\"https:\/\/www.ttengineering.it\/wp-content\/uploads\/2025\/06\/esempi-di-taglio-tubo-3d.jpg\" class=\"attachment-large size-large wp-image-1081\" alt=\"\" srcset=\"https:\/\/www.ttengineering.it\/wp-content\/uploads\/2025\/06\/esempi-di-taglio-tubo-3d.jpg 719w, https:\/\/www.ttengineering.it\/wp-content\/uploads\/2025\/06\/esempi-di-taglio-tubo-3d-300x71.jpg 300w\" sizes=\"(max-width: 719px) 100vw, 719px\" \/>\t\t\t\t\t\t\t\t\t\t\t\t\t\t\t<\/div>\n\t\t\t\t<\/div>\n\t\t<div class=\"elementor-element elementor-element-8986973 e-con-full e-flex e-con e-child\" data-id=\"8986973\" data-element_type=\"container\">\n\t\t\t\t<div class=\"elementor-element elementor-element-9045b51 elementor-align-justify elementor-widget__width-initial animated-fast elementor-invisible elementor-widget elementor-widget-button\" data-id=\"9045b51\" data-element_type=\"widget\" data-settings=\"{&quot;_animation&quot;:&quot;slideInRight&quot;,&quot;_animation_delay&quot;:500}\" data-widget_type=\"button.default\">\n\t\t\t\t<div class=\"elementor-widget-container\">\n\t\t\t\t\t\t\t\t\t<div class=\"elementor-button-wrapper\">\n\t\t\t\t\t<a class=\"elementor-button elementor-button-link elementor-size-sm\" href=\"https:\/\/www.ttengineering.it\/de\/kontakte\/\">\n\t\t\t\t\t\t<span class=\"elementor-button-content-wrapper\">\n\t\t\t\t\t\t\t\t\t<span class=\"elementor-button-text\">KONTAKTIEREN SIE UNS<\/span>\n\t\t\t\t\t<\/span>\n\t\t\t\t\t<\/a>\n\t\t\t\t<\/div>\n\t\t\t\t\t\t\t\t<\/div>\n\t\t\t\t<\/div>\n\t\t\t\t<\/div>\n\t\t\t\t<\/div>\n\t\t<div class=\"elementor-element elementor-element-b5627b5 e-con-full e-flex e-con e-child\" data-id=\"b5627b5\" data-element_type=\"container\" data-settings=\"{&quot;background_background&quot;:&quot;slideshow&quot;,&quot;background_slideshow_gallery&quot;:[{&quot;id&quot;:1069,&quot;url&quot;:&quot;https:\\\/\\\/www.ttengineering.it\\\/wp-content\\\/uploads\\\/2025\\\/06\\\/taglio-r1-1024x683-1.webp&quot;},{&quot;id&quot;:1065,&quot;url&quot;:&quot;https:\\\/\\\/www.ttengineering.it\\\/wp-content\\\/uploads\\\/2025\\\/06\\\/taglio-2-scaled-1.webp&quot;}],&quot;background_slideshow_loop&quot;:&quot;yes&quot;,&quot;background_slideshow_slide_duration&quot;:5000,&quot;background_slideshow_slide_transition&quot;:&quot;fade&quot;,&quot;background_slideshow_transition_duration&quot;:500}\">\n\t\t\t\t<\/div>\n\t\t\t\t<\/div>\n\t\t\t\t<\/div>\n\t\t","protected":false},"excerpt":{"rendered":"<p>TTENGINEERING &#8211; Produkte f\u00fcr unsere Kunden Maschinen zum 3D-Rohrschneiden TTEngineering entwickelte diese speziellen Maschinen zum 3D-Rohrschneiden von Rohrschnitten mit einem Durchmesser von bis zu 820 mm mittels Lasertechnologie. Je nach Bed\u00fcrfnis sind sie eigenst\u00e4ndig bzw. in einer robotisierten Insel verf\u00fcgbar. TOP-S XL TOP-S TTENGINEERING Innovation und Kosteneinsparung TTE bietet heute eine vollst\u00e4ndig erneuerte Version der [&hellip;]<\/p>\n","protected":false},"author":1,"featured_media":0,"parent":0,"menu_order":0,"comment_status":"closed","ping_status":"closed","template":"","meta":{"footnotes":""},"class_list":["post-1557","page","type-page","status-publish","hentry"],"yoast_head":"<!-- This site is optimized with the Yoast SEO plugin v25.4 - https:\/\/yoast.com\/wordpress\/plugins\/seo\/ -->\n<title>Maschinen zum 3D-Rohrschneiden - TTEngineering - Advanced Solutions for Automation<\/title>\n<meta name=\"robots\" content=\"index, follow, max-snippet:-1, max-image-preview:large, max-video-preview:-1\" \/>\n<link rel=\"canonical\" href=\"https:\/\/www.ttengineering.it\/de\/maschinen-zum-3d-rohrschneiden\/\" \/>\n<meta property=\"og:locale\" content=\"de_DE\" \/>\n<meta property=\"og:type\" content=\"article\" \/>\n<meta property=\"og:title\" content=\"Maschinen zum 3D-Rohrschneiden - TTEngineering - Advanced Solutions for Automation\" \/>\n<meta property=\"og:description\" content=\"TTENGINEERING &#8211; Produkte f\u00fcr unsere Kunden Maschinen zum 3D-Rohrschneiden TTEngineering entwickelte diese speziellen Maschinen zum 3D-Rohrschneiden von Rohrschnitten mit einem Durchmesser von bis zu 820 mm mittels Lasertechnologie. Je nach Bed\u00fcrfnis sind sie eigenst\u00e4ndig bzw. in einer robotisierten Insel verf\u00fcgbar. TOP-S XL TOP-S TTENGINEERING Innovation und Kosteneinsparung TTE bietet heute eine vollst\u00e4ndig erneuerte Version der [&hellip;]\" \/>\n<meta property=\"og:url\" content=\"https:\/\/www.ttengineering.it\/de\/maschinen-zum-3d-rohrschneiden\/\" \/>\n<meta property=\"og:site_name\" content=\"TTEngineering - Advanced Solutions for Automation\" \/>\n<meta property=\"article:modified_time\" content=\"2025-06-18T10:18:32+00:00\" \/>\n<meta property=\"og:image\" content=\"https:\/\/www.ttengineering.it\/wp-content\/uploads\/2025\/06\/TOP-S-XL-2022-1024x768-1.webp\" \/>\n<meta name=\"twitter:card\" content=\"summary_large_image\" \/>\n<meta name=\"twitter:label1\" content=\"Gesch\u00e4tzte Lesezeit\" \/>\n\t<meta name=\"twitter:data1\" content=\"1\u00a0Minute\" \/>\n<script type=\"application\/ld+json\" class=\"yoast-schema-graph\">{\"@context\":\"https:\/\/schema.org\",\"@graph\":[{\"@type\":\"WebPage\",\"@id\":\"https:\/\/www.ttengineering.it\/de\/maschinen-zum-3d-rohrschneiden\/\",\"url\":\"https:\/\/www.ttengineering.it\/de\/maschinen-zum-3d-rohrschneiden\/\",\"name\":\"Maschinen zum 3D-Rohrschneiden - TTEngineering - Advanced Solutions for Automation\",\"isPartOf\":{\"@id\":\"https:\/\/www.ttengineering.it\/de\/#website\"},\"primaryImageOfPage\":{\"@id\":\"https:\/\/www.ttengineering.it\/de\/maschinen-zum-3d-rohrschneiden\/#primaryimage\"},\"image\":{\"@id\":\"https:\/\/www.ttengineering.it\/de\/maschinen-zum-3d-rohrschneiden\/#primaryimage\"},\"thumbnailUrl\":\"https:\/\/www.ttengineering.it\/wp-content\/uploads\/2025\/06\/TOP-S-XL-2022-1024x768-1.webp\",\"datePublished\":\"2025-05-27T13:04:32+00:00\",\"dateModified\":\"2025-06-18T10:18:32+00:00\",\"breadcrumb\":{\"@id\":\"https:\/\/www.ttengineering.it\/de\/maschinen-zum-3d-rohrschneiden\/#breadcrumb\"},\"inLanguage\":\"de\",\"potentialAction\":[{\"@type\":\"ReadAction\",\"target\":[\"https:\/\/www.ttengineering.it\/de\/maschinen-zum-3d-rohrschneiden\/\"]}]},{\"@type\":\"ImageObject\",\"inLanguage\":\"de\",\"@id\":\"https:\/\/www.ttengineering.it\/de\/maschinen-zum-3d-rohrschneiden\/#primaryimage\",\"url\":\"https:\/\/www.ttengineering.it\/wp-content\/uploads\/2025\/06\/TOP-S-XL-2022-1024x768-1.webp\",\"contentUrl\":\"https:\/\/www.ttengineering.it\/wp-content\/uploads\/2025\/06\/TOP-S-XL-2022-1024x768-1.webp\"},{\"@type\":\"BreadcrumbList\",\"@id\":\"https:\/\/www.ttengineering.it\/de\/maschinen-zum-3d-rohrschneiden\/#breadcrumb\",\"itemListElement\":[{\"@type\":\"ListItem\",\"position\":1,\"name\":\"Home\",\"item\":\"https:\/\/www.ttengineering.it\/de\/\"},{\"@type\":\"ListItem\",\"position\":2,\"name\":\"Maschinen zum 3D-Rohrschneiden\"}]},{\"@type\":\"WebSite\",\"@id\":\"https:\/\/www.ttengineering.it\/de\/#website\",\"url\":\"https:\/\/www.ttengineering.it\/de\/\",\"name\":\"TTEngineering - Advanced Solutions for Automation\",\"description\":\"TTEngineering - Advanced Solutions for Automation\",\"publisher\":{\"@id\":\"https:\/\/www.ttengineering.it\/de\/#organization\"},\"alternateName\":\"TTEngineering - Advanced Solutions for Automation\",\"potentialAction\":[{\"@type\":\"SearchAction\",\"target\":{\"@type\":\"EntryPoint\",\"urlTemplate\":\"https:\/\/www.ttengineering.it\/de\/?s={search_term_string}\"},\"query-input\":{\"@type\":\"PropertyValueSpecification\",\"valueRequired\":true,\"valueName\":\"search_term_string\"}}],\"inLanguage\":\"de\"},{\"@type\":\"Organization\",\"@id\":\"https:\/\/www.ttengineering.it\/de\/#organization\",\"name\":\"TTEngineering - Advanced Solutions for Automation\",\"alternateName\":\"TTEngineering - Advanced Solutions for Automation\",\"url\":\"https:\/\/www.ttengineering.it\/de\/\",\"logo\":{\"@type\":\"ImageObject\",\"inLanguage\":\"de\",\"@id\":\"https:\/\/www.ttengineering.it\/de\/#\/schema\/logo\/image\/\",\"url\":\"https:\/\/www.ttengineering.it\/wp-content\/uploads\/2025\/05\/favicon.png\",\"contentUrl\":\"https:\/\/www.ttengineering.it\/wp-content\/uploads\/2025\/05\/favicon.png\",\"width\":512,\"height\":512,\"caption\":\"TTEngineering - Advanced Solutions for Automation\"},\"image\":{\"@id\":\"https:\/\/www.ttengineering.it\/de\/#\/schema\/logo\/image\/\"}}]}<\/script>\n<!-- \/ Yoast SEO plugin. -->","yoast_head_json":{"title":"Maschinen zum 3D-Rohrschneiden - TTEngineering - Advanced Solutions for Automation","robots":{"index":"index","follow":"follow","max-snippet":"max-snippet:-1","max-image-preview":"max-image-preview:large","max-video-preview":"max-video-preview:-1"},"canonical":"https:\/\/www.ttengineering.it\/de\/maschinen-zum-3d-rohrschneiden\/","og_locale":"de_DE","og_type":"article","og_title":"Maschinen zum 3D-Rohrschneiden - TTEngineering - Advanced Solutions for Automation","og_description":"TTENGINEERING &#8211; Produkte f\u00fcr unsere Kunden Maschinen zum 3D-Rohrschneiden TTEngineering entwickelte diese speziellen Maschinen zum 3D-Rohrschneiden von Rohrschnitten mit einem Durchmesser von bis zu 820 mm mittels Lasertechnologie. Je nach Bed\u00fcrfnis sind sie eigenst\u00e4ndig bzw. in einer robotisierten Insel verf\u00fcgbar. TOP-S XL TOP-S TTENGINEERING Innovation und Kosteneinsparung TTE bietet heute eine vollst\u00e4ndig erneuerte Version der [&hellip;]","og_url":"https:\/\/www.ttengineering.it\/de\/maschinen-zum-3d-rohrschneiden\/","og_site_name":"TTEngineering - Advanced Solutions for Automation","article_modified_time":"2025-06-18T10:18:32+00:00","og_image":[{"url":"https:\/\/www.ttengineering.it\/wp-content\/uploads\/2025\/06\/TOP-S-XL-2022-1024x768-1.webp","type":"","width":"","height":""}],"twitter_card":"summary_large_image","twitter_misc":{"Gesch\u00e4tzte Lesezeit":"1\u00a0Minute"},"schema":{"@context":"https:\/\/schema.org","@graph":[{"@type":"WebPage","@id":"https:\/\/www.ttengineering.it\/de\/maschinen-zum-3d-rohrschneiden\/","url":"https:\/\/www.ttengineering.it\/de\/maschinen-zum-3d-rohrschneiden\/","name":"Maschinen zum 3D-Rohrschneiden - TTEngineering - Advanced Solutions for Automation","isPartOf":{"@id":"https:\/\/www.ttengineering.it\/de\/#website"},"primaryImageOfPage":{"@id":"https:\/\/www.ttengineering.it\/de\/maschinen-zum-3d-rohrschneiden\/#primaryimage"},"image":{"@id":"https:\/\/www.ttengineering.it\/de\/maschinen-zum-3d-rohrschneiden\/#primaryimage"},"thumbnailUrl":"https:\/\/www.ttengineering.it\/wp-content\/uploads\/2025\/06\/TOP-S-XL-2022-1024x768-1.webp","datePublished":"2025-05-27T13:04:32+00:00","dateModified":"2025-06-18T10:18:32+00:00","breadcrumb":{"@id":"https:\/\/www.ttengineering.it\/de\/maschinen-zum-3d-rohrschneiden\/#breadcrumb"},"inLanguage":"de","potentialAction":[{"@type":"ReadAction","target":["https:\/\/www.ttengineering.it\/de\/maschinen-zum-3d-rohrschneiden\/"]}]},{"@type":"ImageObject","inLanguage":"de","@id":"https:\/\/www.ttengineering.it\/de\/maschinen-zum-3d-rohrschneiden\/#primaryimage","url":"https:\/\/www.ttengineering.it\/wp-content\/uploads\/2025\/06\/TOP-S-XL-2022-1024x768-1.webp","contentUrl":"https:\/\/www.ttengineering.it\/wp-content\/uploads\/2025\/06\/TOP-S-XL-2022-1024x768-1.webp"},{"@type":"BreadcrumbList","@id":"https:\/\/www.ttengineering.it\/de\/maschinen-zum-3d-rohrschneiden\/#breadcrumb","itemListElement":[{"@type":"ListItem","position":1,"name":"Home","item":"https:\/\/www.ttengineering.it\/de\/"},{"@type":"ListItem","position":2,"name":"Maschinen zum 3D-Rohrschneiden"}]},{"@type":"WebSite","@id":"https:\/\/www.ttengineering.it\/de\/#website","url":"https:\/\/www.ttengineering.it\/de\/","name":"TTEngineering - Advanced Solutions for Automation","description":"TTEngineering - Advanced Solutions for Automation","publisher":{"@id":"https:\/\/www.ttengineering.it\/de\/#organization"},"alternateName":"TTEngineering - Advanced Solutions for Automation","potentialAction":[{"@type":"SearchAction","target":{"@type":"EntryPoint","urlTemplate":"https:\/\/www.ttengineering.it\/de\/?s={search_term_string}"},"query-input":{"@type":"PropertyValueSpecification","valueRequired":true,"valueName":"search_term_string"}}],"inLanguage":"de"},{"@type":"Organization","@id":"https:\/\/www.ttengineering.it\/de\/#organization","name":"TTEngineering - Advanced Solutions for Automation","alternateName":"TTEngineering - Advanced Solutions for Automation","url":"https:\/\/www.ttengineering.it\/de\/","logo":{"@type":"ImageObject","inLanguage":"de","@id":"https:\/\/www.ttengineering.it\/de\/#\/schema\/logo\/image\/","url":"https:\/\/www.ttengineering.it\/wp-content\/uploads\/2025\/05\/favicon.png","contentUrl":"https:\/\/www.ttengineering.it\/wp-content\/uploads\/2025\/05\/favicon.png","width":512,"height":512,"caption":"TTEngineering - Advanced Solutions for Automation"},"image":{"@id":"https:\/\/www.ttengineering.it\/de\/#\/schema\/logo\/image\/"}}]}},"_links":{"self":[{"href":"https:\/\/www.ttengineering.it\/de\/wp-json\/wp\/v2\/pages\/1557","targetHints":{"allow":["GET"]}}],"collection":[{"href":"https:\/\/www.ttengineering.it\/de\/wp-json\/wp\/v2\/pages"}],"about":[{"href":"https:\/\/www.ttengineering.it\/de\/wp-json\/wp\/v2\/types\/page"}],"author":[{"embeddable":true,"href":"https:\/\/www.ttengineering.it\/de\/wp-json\/wp\/v2\/users\/1"}],"replies":[{"embeddable":true,"href":"https:\/\/www.ttengineering.it\/de\/wp-json\/wp\/v2\/comments?post=1557"}],"version-history":[{"count":4,"href":"https:\/\/www.ttengineering.it\/de\/wp-json\/wp\/v2\/pages\/1557\/revisions"}],"predecessor-version":[{"id":1893,"href":"https:\/\/www.ttengineering.it\/de\/wp-json\/wp\/v2\/pages\/1557\/revisions\/1893"}],"wp:attachment":[{"href":"https:\/\/www.ttengineering.it\/de\/wp-json\/wp\/v2\/media?parent=1557"}],"curies":[{"name":"wp","href":"https:\/\/api.w.org\/{rel}","templated":true}]}}