{"id":1551,"date":"2025-05-27T15:04:39","date_gmt":"2025-05-27T13:04:39","guid":{"rendered":"https:\/\/www.ttengineering.it\/automatische-linien-zur-herstellung-von-rohren\/"},"modified":"2025-06-18T12:12:31","modified_gmt":"2025-06-18T10:12:31","slug":"automatische-linien-zur-herstellung-von-rohren","status":"publish","type":"page","link":"https:\/\/www.ttengineering.it\/de\/automatische-linien-zur-herstellung-von-rohren\/","title":{"rendered":"Automatische Linien zur Herstellung von Rohren"},"content":{"rendered":"\t\t<div data-elementor-type=\"wp-page\" data-elementor-id=\"1551\" class=\"elementor elementor-1551 elementor-30\" data-elementor-post-type=\"page\">\n\t\t\t\t<div class=\"elementor-element elementor-element-9bc2c59 e-con-full e-flex e-con e-parent\" data-id=\"9bc2c59\" data-element_type=\"container\">\n\t\t<div class=\"elementor-element elementor-element-354de9b e-con-full e-flex e-con e-child\" data-id=\"354de9b\" data-element_type=\"container\">\n\t\t\t\t<div class=\"elementor-element elementor-element-1dbd4d6 animated-fast elementor-invisible elementor-widget elementor-widget-heading\" data-id=\"1dbd4d6\" data-element_type=\"widget\" data-settings=\"{&quot;_animation&quot;:&quot;slideInUp&quot;}\" data-widget_type=\"heading.default\">\n\t\t\t\t<div class=\"elementor-widget-container\">\n\t\t\t\t\t<h2 class=\"elementor-heading-title elementor-size-default\">TTE<span style=\"color: #0D0D0E\">NGINEERING<\/span> - Produkte f\u00fcr unsere Kunden<\/h2>\t\t\t\t<\/div>\n\t\t\t\t<\/div>\n\t\t\t\t<div class=\"elementor-element elementor-element-028ede5 animated-fast elementor-invisible elementor-widget elementor-widget-heading\" data-id=\"028ede5\" data-element_type=\"widget\" data-settings=\"{&quot;_animation&quot;:&quot;slideInUp&quot;,&quot;_animation_delay&quot;:100}\" data-widget_type=\"heading.default\">\n\t\t\t\t<div class=\"elementor-widget-container\">\n\t\t\t\t\t<h2 class=\"elementor-heading-title elementor-size-default\">Automatische Linien zur Herstellung von Rohren<\/h2>\t\t\t\t<\/div>\n\t\t\t\t<\/div>\n\t\t\t\t<div class=\"elementor-element elementor-element-aa4cf56 elementor-widget__width-initial animated-fast elementor-invisible elementor-widget elementor-widget-text-editor\" data-id=\"aa4cf56\" data-element_type=\"widget\" data-settings=\"{&quot;_animation&quot;:&quot;slideInUp&quot;,&quot;_animation_delay&quot;:200}\" data-widget_type=\"text-editor.default\">\n\t\t\t\t<div class=\"elementor-widget-container\">\n\t\t\t\t\t\t\t\t\t<p>Dank seiner Kompetenzen im Bereich der Automatisierung, TTEngineering kann auch <strong>automatische Linien zur Herstellung von Rohren<\/strong> anbieten; es handelt sich um flexible Linien zum Kalandrieren und Schwei\u00dfen.<\/p><p>Standardm\u00e4\u00dfig umfasst die typische Ausf\u00fchrung eins bzw. zwei Zuf\u00fchrungstische, das System zum Kalandrieren mit \u201eFlexFormer\u201c\u00ae, das automatisierte Transportsystem zur Schwei\u00dfstation, die Schwei\u00dfeinheit (auch in der Multiprozess- Ausf\u00fchrung) und das Entladungssystem f\u00fcr die Fertigrohre.<\/p>\t\t\t\t\t\t\t\t<\/div>\n\t\t\t\t<\/div>\n\t\t\t\t<\/div>\n\t\t<div class=\"elementor-element elementor-element-6a4efb8 e-con-full e-flex e-con e-child\" data-id=\"6a4efb8\" data-element_type=\"container\" data-settings=\"{&quot;background_background&quot;:&quot;classic&quot;}\">\n\t\t\t\t<\/div>\n\t\t\t\t<\/div>\n\t\t<div class=\"elementor-element elementor-element-e4a1e06 e-con-full e-flex e-con e-parent\" data-id=\"e4a1e06\" data-element_type=\"container\" data-settings=\"{&quot;background_background&quot;:&quot;classic&quot;}\">\n\t\t<div class=\"elementor-element elementor-element-78ac072 e-con-full e-flex e-con e-child\" data-id=\"78ac072\" data-element_type=\"container\" data-settings=\"{&quot;background_background&quot;:&quot;classic&quot;}\">\n\t\t\t\t<div class=\"elementor-element elementor-element-e39ac2f elementor-arrows-position-outside elementor-widget elementor-widget-image-carousel\" data-id=\"e39ac2f\" data-element_type=\"widget\" data-settings=\"{&quot;slides_to_show&quot;:&quot;1&quot;,&quot;navigation&quot;:&quot;arrows&quot;,&quot;autoplay&quot;:&quot;yes&quot;,&quot;autoplay_speed&quot;:5000,&quot;infinite&quot;:&quot;yes&quot;,&quot;effect&quot;:&quot;slide&quot;,&quot;speed&quot;:500}\" data-widget_type=\"image-carousel.default\">\n\t\t\t\t<div class=\"elementor-widget-container\">\n\t\t\t\t\t\t\t<div class=\"elementor-image-carousel-wrapper swiper\" role=\"region\" aria-roledescription=\"carousel\" aria-label=\"Carosello d&#039;immagini\" dir=\"ltr\">\n\t\t\t<div class=\"elementor-image-carousel swiper-wrapper\" aria-live=\"off\">\n\t\t\t\t\t\t\t\t<div class=\"swiper-slide\" role=\"group\" aria-roledescription=\"slide\" aria-label=\"1 von 2\"><figure class=\"swiper-slide-inner\"><img decoding=\"async\" class=\"swiper-slide-image\" src=\"https:\/\/www.ttengineering.it\/wp-content\/uploads\/2025\/06\/Dettaglio-scarico-CSU-linee-automatiche-1024x790-1.png\" alt=\"Dettaglio scarico CSU\" \/><figcaption class=\"elementor-image-carousel-caption\">Dettaglio scarico CSU<\/figcaption><\/figure><\/div><div class=\"swiper-slide\" role=\"group\" aria-roledescription=\"slide\" aria-label=\"2 von 2\"><figure class=\"swiper-slide-inner\"><img decoding=\"async\" class=\"swiper-slide-image\" src=\"https:\/\/www.ttengineering.it\/wp-content\/uploads\/2025\/06\/Stella-CSU-linee-automatiche-1024x790-1.jpg\" alt=\"Stella CSU\" \/><figcaption class=\"elementor-image-carousel-caption\">Stella CSU<\/figcaption><\/figure><\/div>\t\t\t<\/div>\n\t\t\t\t\t\t\t\t\t\t\t\t<div class=\"elementor-swiper-button elementor-swiper-button-prev\" role=\"button\" tabindex=\"0\">\n\t\t\t\t\t\t<svg aria-hidden=\"true\" class=\"e-font-icon-svg e-eicon-chevron-left\" viewBox=\"0 0 1000 1000\" xmlns=\"http:\/\/www.w3.org\/2000\/svg\"><path d=\"M646 125C629 125 613 133 604 142L308 442C296 454 292 471 292 487 292 504 296 521 308 533L604 854C617 867 629 875 646 875 663 875 679 871 692 858 704 846 713 829 713 812 713 796 708 779 692 767L438 487 692 225C700 217 708 204 708 187 708 171 704 154 692 142 675 129 663 125 646 125Z\"><\/path><\/svg>\t\t\t\t\t<\/div>\n\t\t\t\t\t<div class=\"elementor-swiper-button elementor-swiper-button-next\" role=\"button\" tabindex=\"0\">\n\t\t\t\t\t\t<svg aria-hidden=\"true\" class=\"e-font-icon-svg e-eicon-chevron-right\" viewBox=\"0 0 1000 1000\" xmlns=\"http:\/\/www.w3.org\/2000\/svg\"><path d=\"M696 533C708 521 713 504 713 487 713 471 708 454 696 446L400 146C388 133 375 125 354 125 338 125 325 129 313 142 300 154 292 171 292 187 292 204 296 221 308 233L563 492 304 771C292 783 288 800 288 817 288 833 296 850 308 863 321 871 338 875 354 875 371 875 388 867 400 854L696 533Z\"><\/path><\/svg>\t\t\t\t\t<\/div>\n\t\t\t\t\n\t\t\t\t\t\t\t\t\t<\/div>\n\t\t\t\t\t\t<\/div>\n\t\t\t\t<\/div>\n\t\t\t\t<\/div>\n\t\t<div class=\"elementor-element elementor-element-e063fef e-con-full e-flex e-con e-child\" data-id=\"e063fef\" data-element_type=\"container\" data-settings=\"{&quot;background_background&quot;:&quot;classic&quot;}\">\n\t\t\t\t<div class=\"elementor-element elementor-element-e4b9ab2 animated-fast elementor-invisible elementor-widget elementor-widget-heading\" data-id=\"e4b9ab2\" data-element_type=\"widget\" data-settings=\"{&quot;_animation&quot;:&quot;slideInUp&quot;}\" data-widget_type=\"heading.default\">\n\t\t\t\t<div class=\"elementor-widget-container\">\n\t\t\t\t\t<h2 class=\"elementor-heading-title elementor-size-default\">TTE<span style=\"color: #FFFFFF\">NGINEERING<\/span><\/h2>\t\t\t\t<\/div>\n\t\t\t\t<\/div>\n\t\t\t\t<div class=\"elementor-element elementor-element-c4b0f7a elementor-widget__width-initial animated-fast elementor-invisible elementor-widget elementor-widget-text-editor\" data-id=\"c4b0f7a\" data-element_type=\"widget\" data-settings=\"{&quot;_animation&quot;:&quot;slideInUp&quot;,&quot;_animation_delay&quot;:200}\" data-widget_type=\"text-editor.default\">\n\t\t\t\t<div class=\"elementor-widget-container\">\n\t\t\t\t\t\t\t\t\t<p>Automation und Qualit\u00e4t<\/p>\t\t\t\t\t\t\t\t<\/div>\n\t\t\t\t<\/div>\n\t\t\t\t<div class=\"elementor-element elementor-element-0bf39e5 elementor-widget__width-initial animated-fast elementor-invisible elementor-widget elementor-widget-text-editor\" data-id=\"0bf39e5\" data-element_type=\"widget\" data-settings=\"{&quot;_animation&quot;:&quot;slideInUp&quot;,&quot;_animation_delay&quot;:200}\" data-widget_type=\"text-editor.default\">\n\t\t\t\t<div class=\"elementor-widget-container\">\n\t\t\t\t\t\t\t\t\t<p>F\u00fcr die neuen und flexiblen Linien \u201eFull Automatic\u201c ist die notwendige Anpassung der Schwei\u00dfeinheit zum Durchmesser vollautomatisch.<\/p>\t\t\t\t\t\t\t\t<\/div>\n\t\t\t\t<\/div>\n\t\t\t\t<div class=\"elementor-element elementor-element-4cc18b0 elementor-widget__width-initial animated-fast elementor-invisible elementor-widget elementor-widget-text-editor\" data-id=\"4cc18b0\" data-element_type=\"widget\" data-settings=\"{&quot;_animation&quot;:&quot;slideInUp&quot;,&quot;_animation_delay&quot;:200}\" data-widget_type=\"text-editor.default\">\n\t\t\t\t<div class=\"elementor-widget-container\">\n\t\t\t\t\t\t\t\t\t<p>Das wichtigste Merkmal dieser automatischen Linien ist die neue Technologie zum Kalandrieren und Schwei\u00dfen der Rohre. In der Schwei\u00dfeinheit wird das Rohr in einer spezifischen Position gehalten, w\u00e4hrend sich der Schwei\u00dfkopf entlang der Schwei\u00dfpunkte auch auf mehreren H\u00fcben bewegt. Mit dieser L\u00f6sung wird der Prozess wiederholbar, was wiederum zu erheblichen Qualit\u00e4ts- und Zuverl\u00e4ssigkeitsstandards f\u00fchrt.  <br>TTE bietet auch zertifizierte Verifizierungssysteme f\u00fcr den Schwei\u00dfprozess an: Diese Systeme arbeiten in Echtzeit, geben ein Datenregister zur\u00fcck und bieten eine hohe R\u00fcckverfolgbarkeit der Parameter f\u00fcr den einzelnen Artikel und den zugeh\u00f6rigen Prozess. Die Integration in die Verwaltungssoftware des Kunden erfolgt zusammen mit allen Daten, die mit der Hauptsteuerung des Systems ausgetauscht werden. <\/p>\t\t\t\t\t\t\t\t<\/div>\n\t\t\t\t<\/div>\n\t\t\t\t<\/div>\n\t\t\t\t<\/div>\n\t\t<div class=\"elementor-element elementor-element-869266d e-flex e-con-boxed e-con e-parent\" data-id=\"869266d\" data-element_type=\"container\">\n\t\t\t\t\t<div class=\"e-con-inner\">\n\t\t<div class=\"elementor-element elementor-element-f48fa7b e-con-full e-flex e-con e-child\" data-id=\"f48fa7b\" data-element_type=\"container\">\n\t\t\t\t<div class=\"elementor-element elementor-element-d12fbdc animated-fast elementor-invisible elementor-widget elementor-widget-heading\" data-id=\"d12fbdc\" data-element_type=\"widget\" data-settings=\"{&quot;_animation&quot;:&quot;slideInUp&quot;}\" data-widget_type=\"heading.default\">\n\t\t\t\t<div class=\"elementor-widget-container\">\n\t\t\t\t\t<h2 class=\"elementor-heading-title elementor-size-default\">TTE<span style=\"color: #0D0D0E\">NGINEERING<\/span><\/h2>\t\t\t\t<\/div>\n\t\t\t\t<\/div>\n\t\t\t\t<div class=\"elementor-element elementor-element-bbce618 animated-fast elementor-invisible elementor-widget elementor-widget-heading\" data-id=\"bbce618\" data-element_type=\"widget\" data-settings=\"{&quot;_animation&quot;:&quot;slideInUp&quot;,&quot;_animation_delay&quot;:100}\" data-widget_type=\"heading.default\">\n\t\t\t\t<div class=\"elementor-widget-container\">\n\t\t\t\t\t<h2 class=\"elementor-heading-title elementor-size-default\">Flexibilit\u00e4t ist unseres Kennwort<\/h2>\t\t\t\t<\/div>\n\t\t\t\t<\/div>\n\t\t\t\t<div class=\"elementor-element elementor-element-75012a3 elementor-widget__width-initial animated-fast elementor-invisible elementor-widget elementor-widget-text-editor\" data-id=\"75012a3\" data-element_type=\"widget\" data-settings=\"{&quot;_animation&quot;:&quot;slideInUp&quot;,&quot;_animation_delay&quot;:200}\" data-widget_type=\"text-editor.default\">\n\t\t\t\t<div class=\"elementor-widget-container\">\n\t\t\t\t\t\t\t\t\t<p>Die extreme Flexibilit\u00e4t dieser L\u00f6sung gibt dem Kunden die M\u00f6glichkeit, vielgestaltige R\u00f6hren (rund, oval, elliptisch, rechteckig) herzustellen. Man kann mit einer Vielzahl von Durchmessern und St\u00e4rken arbeiten und es reicht nur, die Rezepte im Speicher ohne Pausen \u2013 d.h. ohne Format\u00e4nderungen und ohne Ausfallzeiten \u2013 abzurufen.<\/p>\t\t\t\t\t\t\t\t<\/div>\n\t\t\t\t<\/div>\n\t\t<div class=\"elementor-element elementor-element-cfb8c0d e-con-full e-flex e-con e-child\" data-id=\"cfb8c0d\" data-element_type=\"container\">\n\t\t\t\t<div class=\"elementor-element elementor-element-410d745 elementor-align-justify elementor-widget__width-initial animated-fast elementor-invisible elementor-widget elementor-widget-button\" data-id=\"410d745\" data-element_type=\"widget\" data-settings=\"{&quot;_animation&quot;:&quot;slideInRight&quot;,&quot;_animation_delay&quot;:500}\" data-widget_type=\"button.default\">\n\t\t\t\t<div class=\"elementor-widget-container\">\n\t\t\t\t\t\t\t\t\t<div class=\"elementor-button-wrapper\">\n\t\t\t\t\t<a class=\"elementor-button elementor-button-link elementor-size-sm\" href=\"https:\/\/www.ttengineering.it\/de\/kontakte\/\">\n\t\t\t\t\t\t<span class=\"elementor-button-content-wrapper\">\n\t\t\t\t\t\t\t\t\t<span class=\"elementor-button-text\">KONTAKTIEREN SIE UNS<\/span>\n\t\t\t\t\t<\/span>\n\t\t\t\t\t<\/a>\n\t\t\t\t<\/div>\n\t\t\t\t\t\t\t\t<\/div>\n\t\t\t\t<\/div>\n\t\t\t\t<\/div>\n\t\t\t\t<\/div>\n\t\t<div class=\"elementor-element elementor-element-f6fb687 e-con-full e-flex e-con e-child\" data-id=\"f6fb687\" data-element_type=\"container\" data-settings=\"{&quot;background_background&quot;:&quot;classic&quot;}\">\n\t\t\t\t<div class=\"elementor-element elementor-element-e9810ad elementor-widget elementor-widget-image\" data-id=\"e9810ad\" data-element_type=\"widget\" data-widget_type=\"image.default\">\n\t\t\t\t<div class=\"elementor-widget-container\">\n\t\t\t\t\t\t\t\t\t\t\t\t\t\t\t<img fetchpriority=\"high\" decoding=\"async\" width=\"1024\" height=\"521\" src=\"https:\/\/www.ttengineering.it\/wp-content\/uploads\/2025\/06\/multishape-linee-automatiche-per-produzione-tubo-1024x521.jpg\" class=\"attachment-large size-large wp-image-1097\" alt=\"\" srcset=\"https:\/\/www.ttengineering.it\/wp-content\/uploads\/2025\/06\/multishape-linee-automatiche-per-produzione-tubo-1024x521.jpg 1024w, https:\/\/www.ttengineering.it\/wp-content\/uploads\/2025\/06\/multishape-linee-automatiche-per-produzione-tubo-300x153.jpg 300w, https:\/\/www.ttengineering.it\/wp-content\/uploads\/2025\/06\/multishape-linee-automatiche-per-produzione-tubo-768x391.jpg 768w, https:\/\/www.ttengineering.it\/wp-content\/uploads\/2025\/06\/multishape-linee-automatiche-per-produzione-tubo.jpg 1390w\" sizes=\"(max-width: 1024px) 100vw, 1024px\" \/>\t\t\t\t\t\t\t\t\t\t\t\t\t\t\t<\/div>\n\t\t\t\t<\/div>\n\t\t\t\t<\/div>\n\t\t\t\t\t<\/div>\n\t\t\t\t<\/div>\n\t\t\t\t<\/div>\n\t\t","protected":false},"excerpt":{"rendered":"<p>TTENGINEERING &#8211; Produkte f\u00fcr unsere Kunden Automatische Linien zur Herstellung von Rohren Dank seiner Kompetenzen im Bereich der Automatisierung, TTEngineering kann auch automatische Linien zur Herstellung von Rohren anbieten; es handelt sich um flexible Linien zum Kalandrieren und Schwei\u00dfen. Standardm\u00e4\u00dfig umfasst die typische Ausf\u00fchrung eins bzw. zwei Zuf\u00fchrungstische, das System zum Kalandrieren mit \u201eFlexFormer\u201c\u00ae, das [&hellip;]<\/p>\n","protected":false},"author":1,"featured_media":0,"parent":0,"menu_order":0,"comment_status":"closed","ping_status":"closed","template":"","meta":{"footnotes":""},"class_list":["post-1551","page","type-page","status-publish","hentry"],"yoast_head":"<!-- This site is optimized with the Yoast SEO plugin v25.4 - https:\/\/yoast.com\/wordpress\/plugins\/seo\/ -->\n<title>Automatische Linien zur Herstellung von Rohren - TTEngineering - Advanced Solutions for Automation<\/title>\n<meta name=\"robots\" content=\"index, follow, max-snippet:-1, max-image-preview:large, max-video-preview:-1\" \/>\n<link rel=\"canonical\" href=\"https:\/\/www.ttengineering.it\/de\/automatische-linien-zur-herstellung-von-rohren\/\" \/>\n<meta property=\"og:locale\" content=\"de_DE\" \/>\n<meta property=\"og:type\" content=\"article\" \/>\n<meta property=\"og:title\" content=\"Automatische Linien zur Herstellung von Rohren - TTEngineering - Advanced Solutions for Automation\" \/>\n<meta property=\"og:description\" content=\"TTENGINEERING &#8211; Produkte f\u00fcr unsere Kunden Automatische Linien zur Herstellung von Rohren Dank seiner Kompetenzen im Bereich der Automatisierung, TTEngineering kann auch automatische Linien zur Herstellung von Rohren anbieten; es handelt sich um flexible Linien zum Kalandrieren und Schwei\u00dfen. Standardm\u00e4\u00dfig umfasst die typische Ausf\u00fchrung eins bzw. zwei Zuf\u00fchrungstische, das System zum Kalandrieren mit \u201eFlexFormer\u201c\u00ae, das [&hellip;]\" \/>\n<meta property=\"og:url\" content=\"https:\/\/www.ttengineering.it\/de\/automatische-linien-zur-herstellung-von-rohren\/\" \/>\n<meta property=\"og:site_name\" content=\"TTEngineering - Advanced Solutions for Automation\" \/>\n<meta property=\"article:modified_time\" content=\"2025-06-18T10:12:31+00:00\" \/>\n<meta property=\"og:image\" content=\"https:\/\/www.ttengineering.it\/wp-content\/uploads\/2025\/06\/Dettaglio-scarico-CSU-linee-automatiche-1024x790-1.png\" \/>\n<meta name=\"twitter:card\" content=\"summary_large_image\" \/>\n<meta name=\"twitter:label1\" content=\"Gesch\u00e4tzte Lesezeit\" \/>\n\t<meta name=\"twitter:data1\" content=\"1\u00a0Minute\" \/>\n<script type=\"application\/ld+json\" class=\"yoast-schema-graph\">{\"@context\":\"https:\/\/schema.org\",\"@graph\":[{\"@type\":\"WebPage\",\"@id\":\"https:\/\/www.ttengineering.it\/de\/automatische-linien-zur-herstellung-von-rohren\/\",\"url\":\"https:\/\/www.ttengineering.it\/de\/automatische-linien-zur-herstellung-von-rohren\/\",\"name\":\"Automatische Linien zur Herstellung von Rohren - TTEngineering - Advanced Solutions for Automation\",\"isPartOf\":{\"@id\":\"https:\/\/www.ttengineering.it\/de\/#website\"},\"primaryImageOfPage\":{\"@id\":\"https:\/\/www.ttengineering.it\/de\/automatische-linien-zur-herstellung-von-rohren\/#primaryimage\"},\"image\":{\"@id\":\"https:\/\/www.ttengineering.it\/de\/automatische-linien-zur-herstellung-von-rohren\/#primaryimage\"},\"thumbnailUrl\":\"https:\/\/www.ttengineering.it\/wp-content\/uploads\/2025\/06\/Dettaglio-scarico-CSU-linee-automatiche-1024x790-1.png\",\"datePublished\":\"2025-05-27T13:04:39+00:00\",\"dateModified\":\"2025-06-18T10:12:31+00:00\",\"breadcrumb\":{\"@id\":\"https:\/\/www.ttengineering.it\/de\/automatische-linien-zur-herstellung-von-rohren\/#breadcrumb\"},\"inLanguage\":\"de\",\"potentialAction\":[{\"@type\":\"ReadAction\",\"target\":[\"https:\/\/www.ttengineering.it\/de\/automatische-linien-zur-herstellung-von-rohren\/\"]}]},{\"@type\":\"ImageObject\",\"inLanguage\":\"de\",\"@id\":\"https:\/\/www.ttengineering.it\/de\/automatische-linien-zur-herstellung-von-rohren\/#primaryimage\",\"url\":\"https:\/\/www.ttengineering.it\/wp-content\/uploads\/2025\/06\/Dettaglio-scarico-CSU-linee-automatiche-1024x790-1.png\",\"contentUrl\":\"https:\/\/www.ttengineering.it\/wp-content\/uploads\/2025\/06\/Dettaglio-scarico-CSU-linee-automatiche-1024x790-1.png\"},{\"@type\":\"BreadcrumbList\",\"@id\":\"https:\/\/www.ttengineering.it\/de\/automatische-linien-zur-herstellung-von-rohren\/#breadcrumb\",\"itemListElement\":[{\"@type\":\"ListItem\",\"position\":1,\"name\":\"Home\",\"item\":\"https:\/\/www.ttengineering.it\/de\/\"},{\"@type\":\"ListItem\",\"position\":2,\"name\":\"Automatische Linien zur Herstellung von Rohren\"}]},{\"@type\":\"WebSite\",\"@id\":\"https:\/\/www.ttengineering.it\/de\/#website\",\"url\":\"https:\/\/www.ttengineering.it\/de\/\",\"name\":\"TTEngineering - Advanced Solutions for Automation\",\"description\":\"TTEngineering - Advanced Solutions for Automation\",\"publisher\":{\"@id\":\"https:\/\/www.ttengineering.it\/de\/#organization\"},\"alternateName\":\"TTEngineering - Advanced Solutions for Automation\",\"potentialAction\":[{\"@type\":\"SearchAction\",\"target\":{\"@type\":\"EntryPoint\",\"urlTemplate\":\"https:\/\/www.ttengineering.it\/de\/?s={search_term_string}\"},\"query-input\":{\"@type\":\"PropertyValueSpecification\",\"valueRequired\":true,\"valueName\":\"search_term_string\"}}],\"inLanguage\":\"de\"},{\"@type\":\"Organization\",\"@id\":\"https:\/\/www.ttengineering.it\/de\/#organization\",\"name\":\"TTEngineering - Advanced Solutions for Automation\",\"alternateName\":\"TTEngineering - Advanced Solutions for Automation\",\"url\":\"https:\/\/www.ttengineering.it\/de\/\",\"logo\":{\"@type\":\"ImageObject\",\"inLanguage\":\"de\",\"@id\":\"https:\/\/www.ttengineering.it\/de\/#\/schema\/logo\/image\/\",\"url\":\"https:\/\/www.ttengineering.it\/wp-content\/uploads\/2025\/05\/favicon.png\",\"contentUrl\":\"https:\/\/www.ttengineering.it\/wp-content\/uploads\/2025\/05\/favicon.png\",\"width\":512,\"height\":512,\"caption\":\"TTEngineering - Advanced Solutions for Automation\"},\"image\":{\"@id\":\"https:\/\/www.ttengineering.it\/de\/#\/schema\/logo\/image\/\"}}]}<\/script>\n<!-- \/ Yoast SEO plugin. -->","yoast_head_json":{"title":"Automatische Linien zur Herstellung von Rohren - TTEngineering - Advanced Solutions for Automation","robots":{"index":"index","follow":"follow","max-snippet":"max-snippet:-1","max-image-preview":"max-image-preview:large","max-video-preview":"max-video-preview:-1"},"canonical":"https:\/\/www.ttengineering.it\/de\/automatische-linien-zur-herstellung-von-rohren\/","og_locale":"de_DE","og_type":"article","og_title":"Automatische Linien zur Herstellung von Rohren - TTEngineering - Advanced Solutions for Automation","og_description":"TTENGINEERING &#8211; Produkte f\u00fcr unsere Kunden Automatische Linien zur Herstellung von Rohren Dank seiner Kompetenzen im Bereich der Automatisierung, TTEngineering kann auch automatische Linien zur Herstellung von Rohren anbieten; es handelt sich um flexible Linien zum Kalandrieren und Schwei\u00dfen. Standardm\u00e4\u00dfig umfasst die typische Ausf\u00fchrung eins bzw. zwei Zuf\u00fchrungstische, das System zum Kalandrieren mit \u201eFlexFormer\u201c\u00ae, das [&hellip;]","og_url":"https:\/\/www.ttengineering.it\/de\/automatische-linien-zur-herstellung-von-rohren\/","og_site_name":"TTEngineering - Advanced Solutions for Automation","article_modified_time":"2025-06-18T10:12:31+00:00","og_image":[{"url":"https:\/\/www.ttengineering.it\/wp-content\/uploads\/2025\/06\/Dettaglio-scarico-CSU-linee-automatiche-1024x790-1.png","type":"","width":"","height":""}],"twitter_card":"summary_large_image","twitter_misc":{"Gesch\u00e4tzte Lesezeit":"1\u00a0Minute"},"schema":{"@context":"https:\/\/schema.org","@graph":[{"@type":"WebPage","@id":"https:\/\/www.ttengineering.it\/de\/automatische-linien-zur-herstellung-von-rohren\/","url":"https:\/\/www.ttengineering.it\/de\/automatische-linien-zur-herstellung-von-rohren\/","name":"Automatische Linien zur Herstellung von Rohren - TTEngineering - Advanced Solutions for Automation","isPartOf":{"@id":"https:\/\/www.ttengineering.it\/de\/#website"},"primaryImageOfPage":{"@id":"https:\/\/www.ttengineering.it\/de\/automatische-linien-zur-herstellung-von-rohren\/#primaryimage"},"image":{"@id":"https:\/\/www.ttengineering.it\/de\/automatische-linien-zur-herstellung-von-rohren\/#primaryimage"},"thumbnailUrl":"https:\/\/www.ttengineering.it\/wp-content\/uploads\/2025\/06\/Dettaglio-scarico-CSU-linee-automatiche-1024x790-1.png","datePublished":"2025-05-27T13:04:39+00:00","dateModified":"2025-06-18T10:12:31+00:00","breadcrumb":{"@id":"https:\/\/www.ttengineering.it\/de\/automatische-linien-zur-herstellung-von-rohren\/#breadcrumb"},"inLanguage":"de","potentialAction":[{"@type":"ReadAction","target":["https:\/\/www.ttengineering.it\/de\/automatische-linien-zur-herstellung-von-rohren\/"]}]},{"@type":"ImageObject","inLanguage":"de","@id":"https:\/\/www.ttengineering.it\/de\/automatische-linien-zur-herstellung-von-rohren\/#primaryimage","url":"https:\/\/www.ttengineering.it\/wp-content\/uploads\/2025\/06\/Dettaglio-scarico-CSU-linee-automatiche-1024x790-1.png","contentUrl":"https:\/\/www.ttengineering.it\/wp-content\/uploads\/2025\/06\/Dettaglio-scarico-CSU-linee-automatiche-1024x790-1.png"},{"@type":"BreadcrumbList","@id":"https:\/\/www.ttengineering.it\/de\/automatische-linien-zur-herstellung-von-rohren\/#breadcrumb","itemListElement":[{"@type":"ListItem","position":1,"name":"Home","item":"https:\/\/www.ttengineering.it\/de\/"},{"@type":"ListItem","position":2,"name":"Automatische Linien zur Herstellung von Rohren"}]},{"@type":"WebSite","@id":"https:\/\/www.ttengineering.it\/de\/#website","url":"https:\/\/www.ttengineering.it\/de\/","name":"TTEngineering - Advanced Solutions for Automation","description":"TTEngineering - Advanced Solutions for Automation","publisher":{"@id":"https:\/\/www.ttengineering.it\/de\/#organization"},"alternateName":"TTEngineering - Advanced Solutions for Automation","potentialAction":[{"@type":"SearchAction","target":{"@type":"EntryPoint","urlTemplate":"https:\/\/www.ttengineering.it\/de\/?s={search_term_string}"},"query-input":{"@type":"PropertyValueSpecification","valueRequired":true,"valueName":"search_term_string"}}],"inLanguage":"de"},{"@type":"Organization","@id":"https:\/\/www.ttengineering.it\/de\/#organization","name":"TTEngineering - Advanced Solutions for Automation","alternateName":"TTEngineering - Advanced Solutions for Automation","url":"https:\/\/www.ttengineering.it\/de\/","logo":{"@type":"ImageObject","inLanguage":"de","@id":"https:\/\/www.ttengineering.it\/de\/#\/schema\/logo\/image\/","url":"https:\/\/www.ttengineering.it\/wp-content\/uploads\/2025\/05\/favicon.png","contentUrl":"https:\/\/www.ttengineering.it\/wp-content\/uploads\/2025\/05\/favicon.png","width":512,"height":512,"caption":"TTEngineering - Advanced Solutions for Automation"},"image":{"@id":"https:\/\/www.ttengineering.it\/de\/#\/schema\/logo\/image\/"}}]}},"_links":{"self":[{"href":"https:\/\/www.ttengineering.it\/de\/wp-json\/wp\/v2\/pages\/1551","targetHints":{"allow":["GET"]}}],"collection":[{"href":"https:\/\/www.ttengineering.it\/de\/wp-json\/wp\/v2\/pages"}],"about":[{"href":"https:\/\/www.ttengineering.it\/de\/wp-json\/wp\/v2\/types\/page"}],"author":[{"embeddable":true,"href":"https:\/\/www.ttengineering.it\/de\/wp-json\/wp\/v2\/users\/1"}],"replies":[{"embeddable":true,"href":"https:\/\/www.ttengineering.it\/de\/wp-json\/wp\/v2\/comments?post=1551"}],"version-history":[{"count":4,"href":"https:\/\/www.ttengineering.it\/de\/wp-json\/wp\/v2\/pages\/1551\/revisions"}],"predecessor-version":[{"id":1851,"href":"https:\/\/www.ttengineering.it\/de\/wp-json\/wp\/v2\/pages\/1551\/revisions\/1851"}],"wp:attachment":[{"href":"https:\/\/www.ttengineering.it\/de\/wp-json\/wp\/v2\/media?parent=1551"}],"curies":[{"name":"wp","href":"https:\/\/api.w.org\/{rel}","templated":true}]}}