{"id":1549,"date":"2025-05-27T15:04:17","date_gmt":"2025-05-27T13:04:17","guid":{"rendered":"https:\/\/www.ttengineering.it\/rundbiegemaschine-mit-zwei-walzen\/"},"modified":"2025-06-18T11:53:53","modified_gmt":"2025-06-18T09:53:53","slug":"rundbiegemaschine-mit-zwei-walzen","status":"publish","type":"page","link":"https:\/\/www.ttengineering.it\/de\/rundbiegemaschine-mit-zwei-walzen\/","title":{"rendered":"Rundbiegemaschine mit zwei Walzen"},"content":{"rendered":"\t\t<div data-elementor-type=\"wp-page\" data-elementor-id=\"1549\" class=\"elementor elementor-1549 elementor-24\" data-elementor-post-type=\"page\">\n\t\t\t\t<div class=\"elementor-element elementor-element-6d3dab4 e-flex e-con-boxed e-con e-parent\" data-id=\"6d3dab4\" data-element_type=\"container\">\n\t\t\t\t\t<div class=\"e-con-inner\">\n\t\t<div class=\"elementor-element elementor-element-5bc02c1 e-con-full e-flex e-con e-child\" data-id=\"5bc02c1\" data-element_type=\"container\">\n\t\t\t\t<div class=\"elementor-element elementor-element-487f06f animated-fast elementor-invisible elementor-widget elementor-widget-heading\" data-id=\"487f06f\" data-element_type=\"widget\" data-settings=\"{&quot;_animation&quot;:&quot;slideInUp&quot;}\" data-widget_type=\"heading.default\">\n\t\t\t\t<div class=\"elementor-widget-container\">\n\t\t\t\t\t<h2 class=\"elementor-heading-title elementor-size-default\">TTE<span style=\"color: #0D0D0E\">NGINEERING<\/span> - Produkte f\u00fcr unsere Kunden<\/h2>\t\t\t\t<\/div>\n\t\t\t\t<\/div>\n\t\t\t\t<div class=\"elementor-element elementor-element-1a9ace1 animated-fast elementor-invisible elementor-widget elementor-widget-heading\" data-id=\"1a9ace1\" data-element_type=\"widget\" data-settings=\"{&quot;_animation&quot;:&quot;slideInUp&quot;,&quot;_animation_delay&quot;:100}\" data-widget_type=\"heading.default\">\n\t\t\t\t<div class=\"elementor-widget-container\">\n\t\t\t\t\t<h2 class=\"elementor-heading-title elementor-size-default\">Rundbiegemaschine mit zwei Walzen<\/h2>\t\t\t\t<\/div>\n\t\t\t\t<\/div>\n\t\t\t\t<div class=\"elementor-element elementor-element-e13a296 elementor-widget__width-initial animated-fast elementor-invisible elementor-widget elementor-widget-text-editor\" data-id=\"e13a296\" data-element_type=\"widget\" data-settings=\"{&quot;_animation&quot;:&quot;slideInUp&quot;,&quot;_animation_delay&quot;:200}\" data-widget_type=\"text-editor.default\">\n\t\t\t\t<div class=\"elementor-widget-container\">\n\t\t\t\t\t\t\t\t\t<p>Die Ausf\u00fchrungen TT2 und TT3 dieser <strong>Rundbiegemaschine mit zwei Walzen<\/strong> sind die wichtigsten Produkte von TTEngineering. Dank dem bewahrten und patentierten Kalandrieren \u201eFlexformer\u201c\u00ae k\u00f6nnen die Kunden die f\u00fcr Rundbiegemaschinen mit zwei Walzen typische Qualit\u00e4t der Gewinde und die f\u00fcr Rundbiegemaschinen mit drei Walzen typische Flexibilit\u00e4t haben.<\/p><p>Das hei\u00dft, dass der Bediener je nach spezifischen Einstellungen mit derselben Rundbiegemaschine ein Minimal-\/Maximalbereich von 73\/400 mm (100-770 mm auf der CSU-XL) bzw. 80\/500 mm (125-770 mm auf der CSU-XL) erzielen kann. Ohne die Ger\u00e4te zu wechseln, kann der Bediener die entsprechende Arbeitsrezepte abrufen.<\/p>\t\t\t\t\t\t\t\t<\/div>\n\t\t\t\t<\/div>\n\t\t\t\t<\/div>\n\t\t<div class=\"elementor-element elementor-element-78a15d0 e-con-full e-flex e-con e-child\" data-id=\"78a15d0\" data-element_type=\"container\" data-settings=\"{&quot;background_background&quot;:&quot;classic&quot;}\">\n\t\t\t\t<div class=\"elementor-element elementor-element-3b36b67 elementor-widget elementor-widget-image\" data-id=\"3b36b67\" data-element_type=\"widget\" data-widget_type=\"image.default\">\n\t\t\t\t<div class=\"elementor-widget-container\">\n\t\t\t\t\t\t\t\t\t\t\t\t\t\t\t<img fetchpriority=\"high\" decoding=\"async\" width=\"1024\" height=\"789\" src=\"https:\/\/www.ttengineering.it\/wp-content\/uploads\/2025\/06\/Calandra-a-2-rulli-1024x789.png\" class=\"attachment-large size-large wp-image-1037\" alt=\"\" srcset=\"https:\/\/www.ttengineering.it\/wp-content\/uploads\/2025\/06\/Calandra-a-2-rulli-1024x789.png 1024w, https:\/\/www.ttengineering.it\/wp-content\/uploads\/2025\/06\/Calandra-a-2-rulli-300x231.png 300w, https:\/\/www.ttengineering.it\/wp-content\/uploads\/2025\/06\/Calandra-a-2-rulli-768x592.png 768w, https:\/\/www.ttengineering.it\/wp-content\/uploads\/2025\/06\/Calandra-a-2-rulli.png 1401w\" sizes=\"(max-width: 1024px) 100vw, 1024px\" \/>\t\t\t\t\t\t\t\t\t\t\t\t\t\t\t<\/div>\n\t\t\t\t<\/div>\n\t\t\t\t<\/div>\n\t\t\t\t\t<\/div>\n\t\t\t\t<\/div>\n\t\t<div class=\"elementor-element elementor-element-3e91ffa e-con-full e-flex e-con e-parent\" data-id=\"3e91ffa\" data-element_type=\"container\" data-settings=\"{&quot;background_background&quot;:&quot;classic&quot;}\">\n\t\t<div class=\"elementor-element elementor-element-e56046b e-con-full e-flex e-con e-child\" data-id=\"e56046b\" data-element_type=\"container\" data-settings=\"{&quot;background_background&quot;:&quot;classic&quot;}\">\n\t\t\t\t<\/div>\n\t\t<div class=\"elementor-element elementor-element-8a41caa e-con-full e-flex e-con e-child\" data-id=\"8a41caa\" data-element_type=\"container\" data-settings=\"{&quot;background_background&quot;:&quot;classic&quot;}\">\n\t\t\t\t<div class=\"elementor-element elementor-element-faaa712 animated-fast elementor-invisible elementor-widget elementor-widget-heading\" data-id=\"faaa712\" data-element_type=\"widget\" data-settings=\"{&quot;_animation&quot;:&quot;slideInUp&quot;}\" data-widget_type=\"heading.default\">\n\t\t\t\t<div class=\"elementor-widget-container\">\n\t\t\t\t\t<h2 class=\"elementor-heading-title elementor-size-default\">TTE<span style=\"color: #FFFFFF\">NGINEERING<\/span><\/h2>\t\t\t\t<\/div>\n\t\t\t\t<\/div>\n\t\t\t\t<div class=\"elementor-element elementor-element-9fff29d elementor-widget__width-initial animated-fast elementor-invisible elementor-widget elementor-widget-text-editor\" data-id=\"9fff29d\" data-element_type=\"widget\" data-settings=\"{&quot;_animation&quot;:&quot;slideInUp&quot;,&quot;_animation_delay&quot;:200}\" data-widget_type=\"text-editor.default\">\n\t\t\t\t<div class=\"elementor-widget-container\">\n\t\t\t\t\t\t\t\t\t<p>Flexformer\u00ae,das patentierte Kalandrieren der firma TTE<\/p>\t\t\t\t\t\t\t\t<\/div>\n\t\t\t\t<\/div>\n\t\t\t\t<div class=\"elementor-element elementor-element-87b2b1c elementor-widget__width-initial animated-fast elementor-invisible elementor-widget elementor-widget-text-editor\" data-id=\"87b2b1c\" data-element_type=\"widget\" data-settings=\"{&quot;_animation&quot;:&quot;slideInUp&quot;,&quot;_animation_delay&quot;:200}\" data-widget_type=\"text-editor.default\">\n\t\t\t\t<div class=\"elementor-widget-container\">\n\t\t\t\t\t\t\t\t\t<p>Die wichtigsten Merkmale der Rundbiegemaschinen von TTEngineering sind daher die Flexibilit\u00e4t und die Qualit\u00e4t hinsichtlich Rundheit und Zylindrizit\u00e4t des Rohres, das keinen flachen Endteil aufweist. Das Patent setzt auf eine untere Walze aus Gummi und auf eine obere Walze aus Metall. Ein zus\u00e4tzlicher Mehrwert ergibt sich aus der extremen Zuverl\u00e4ssigkeit des neuen Modells, das statistisch gesehen keine Wartung erfordert. <\/p>\t\t\t\t\t\t\t\t<\/div>\n\t\t\t\t<\/div>\n\t\t\t\t<\/div>\n\t\t\t\t<\/div>\n\t\t<div class=\"elementor-element elementor-element-3fa7c5f e-flex e-con-boxed e-con e-parent\" data-id=\"3fa7c5f\" data-element_type=\"container\" data-settings=\"{&quot;background_background&quot;:&quot;classic&quot;}\">\n\t\t\t\t\t<div class=\"e-con-inner\">\n\t\t<div class=\"elementor-element elementor-element-ec05cbf e-con-full e-flex e-con e-child\" data-id=\"ec05cbf\" data-element_type=\"container\" data-settings=\"{&quot;background_background&quot;:&quot;classic&quot;}\">\n\t\t\t\t<div class=\"elementor-element elementor-element-16d6d58 animated-fast elementor-invisible elementor-widget elementor-widget-heading\" data-id=\"16d6d58\" data-element_type=\"widget\" data-settings=\"{&quot;_animation&quot;:&quot;slideInUp&quot;}\" data-widget_type=\"heading.default\">\n\t\t\t\t<div class=\"elementor-widget-container\">\n\t\t\t\t\t<h2 class=\"elementor-heading-title elementor-size-default\">TTE<span style=\"color: #0D0D0E\">NGINEERING<\/span><\/h2>\t\t\t\t<\/div>\n\t\t\t\t<\/div>\n\t\t\t\t<div class=\"elementor-element elementor-element-d29ef65 elementor-widget__width-initial animated-fast elementor-invisible elementor-widget elementor-widget-text-editor\" data-id=\"d29ef65\" data-element_type=\"widget\" data-settings=\"{&quot;_animation&quot;:&quot;slideInUp&quot;,&quot;_animation_delay&quot;:200}\" data-widget_type=\"text-editor.default\">\n\t\t\t\t<div class=\"elementor-widget-container\">\n\t\t\t\t\t\t\t\t\t<p>Perfekte Rundheit<\/p>\t\t\t\t\t\t\t\t<\/div>\n\t\t\t\t<\/div>\n\t\t\t\t<div class=\"elementor-element elementor-element-89314a9 elementor-widget__width-initial animated-fast elementor-invisible elementor-widget elementor-widget-text-editor\" data-id=\"89314a9\" data-element_type=\"widget\" data-settings=\"{&quot;_animation&quot;:&quot;slideInUp&quot;,&quot;_animation_delay&quot;:200}\" data-widget_type=\"text-editor.default\">\n\t\t\t\t<div class=\"elementor-widget-container\">\n\t\t\t\t\t\t\t\t\t<p>Das ist das wichtigste Merkmal der Einrollmaschinen von TTEngineering, die normalerweise St\u00e4rken von 0,4 \u2013 2 mm und Breiten bis zu 1.550 mm (60\u201d) bearbeiten k\u00f6nnen.<\/p>\t\t\t\t\t\t\t\t<\/div>\n\t\t\t\t<\/div>\n\t\t<div class=\"elementor-element elementor-element-9a09698 e-con-full e-flex e-con e-child\" data-id=\"9a09698\" data-element_type=\"container\">\n\t\t\t\t<div class=\"elementor-element elementor-element-49d69cb elementor-align-justify elementor-widget__width-initial animated-fast elementor-invisible elementor-widget elementor-widget-button\" data-id=\"49d69cb\" data-element_type=\"widget\" data-settings=\"{&quot;_animation&quot;:&quot;slideInRight&quot;,&quot;_animation_delay&quot;:500}\" data-widget_type=\"button.default\">\n\t\t\t\t<div class=\"elementor-widget-container\">\n\t\t\t\t\t\t\t\t\t<div class=\"elementor-button-wrapper\">\n\t\t\t\t\t<a class=\"elementor-button elementor-button-link elementor-size-sm\" href=\"https:\/\/www.ttengineering.it\/de\/kontakte\/\">\n\t\t\t\t\t\t<span class=\"elementor-button-content-wrapper\">\n\t\t\t\t\t\t\t\t\t<span class=\"elementor-button-text\">KONTAKTIEREN SIE UNS<\/span>\n\t\t\t\t\t<\/span>\n\t\t\t\t\t<\/a>\n\t\t\t\t<\/div>\n\t\t\t\t\t\t\t\t<\/div>\n\t\t\t\t<\/div>\n\t\t\t\t<\/div>\n\t\t\t\t<\/div>\n\t\t<div class=\"elementor-element elementor-element-4d56f33 e-con-full e-flex e-con e-child\" data-id=\"4d56f33\" data-element_type=\"container\" data-settings=\"{&quot;background_background&quot;:&quot;classic&quot;}\">\n\t\t\t\t<\/div>\n\t\t\t\t\t<\/div>\n\t\t\t\t<\/div>\n\t\t\t\t<\/div>\n\t\t","protected":false},"excerpt":{"rendered":"<p>TTENGINEERING &#8211; Produkte f\u00fcr unsere Kunden Rundbiegemaschine mit zwei Walzen Die Ausf\u00fchrungen TT2 und TT3 dieser Rundbiegemaschine mit zwei Walzen sind die wichtigsten Produkte von TTEngineering. Dank dem bewahrten und patentierten Kalandrieren \u201eFlexformer\u201c\u00ae k\u00f6nnen die Kunden die f\u00fcr Rundbiegemaschinen mit zwei Walzen typische Qualit\u00e4t der Gewinde und die f\u00fcr Rundbiegemaschinen mit drei Walzen typische Flexibilit\u00e4t [&hellip;]<\/p>\n","protected":false},"author":1,"featured_media":0,"parent":0,"menu_order":0,"comment_status":"closed","ping_status":"closed","template":"","meta":{"footnotes":""},"class_list":["post-1549","page","type-page","status-publish","hentry"],"yoast_head":"<!-- This site is optimized with the Yoast SEO plugin v25.4 - https:\/\/yoast.com\/wordpress\/plugins\/seo\/ -->\n<title>Rundbiegemaschine mit zwei Walzen - TTEngineering - Advanced Solutions for Automation<\/title>\n<meta name=\"robots\" content=\"index, follow, max-snippet:-1, max-image-preview:large, max-video-preview:-1\" \/>\n<link rel=\"canonical\" href=\"https:\/\/www.ttengineering.it\/de\/rundbiegemaschine-mit-zwei-walzen\/\" \/>\n<meta property=\"og:locale\" content=\"de_DE\" \/>\n<meta property=\"og:type\" content=\"article\" \/>\n<meta property=\"og:title\" content=\"Rundbiegemaschine mit zwei Walzen - TTEngineering - Advanced Solutions for Automation\" \/>\n<meta property=\"og:description\" content=\"TTENGINEERING &#8211; Produkte f\u00fcr unsere Kunden Rundbiegemaschine mit zwei Walzen Die Ausf\u00fchrungen TT2 und TT3 dieser Rundbiegemaschine mit zwei Walzen sind die wichtigsten Produkte von TTEngineering. Dank dem bewahrten und patentierten Kalandrieren \u201eFlexformer\u201c\u00ae k\u00f6nnen die Kunden die f\u00fcr Rundbiegemaschinen mit zwei Walzen typische Qualit\u00e4t der Gewinde und die f\u00fcr Rundbiegemaschinen mit drei Walzen typische Flexibilit\u00e4t [&hellip;]\" \/>\n<meta property=\"og:url\" content=\"https:\/\/www.ttengineering.it\/de\/rundbiegemaschine-mit-zwei-walzen\/\" \/>\n<meta property=\"og:site_name\" content=\"TTEngineering - Advanced Solutions for Automation\" \/>\n<meta property=\"article:modified_time\" content=\"2025-06-18T09:53:53+00:00\" \/>\n<meta property=\"og:image\" content=\"https:\/\/www.ttengineering.it\/wp-content\/uploads\/2025\/06\/Calandra-a-2-rulli.png\" \/>\n\t<meta property=\"og:image:width\" content=\"1401\" \/>\n\t<meta property=\"og:image:height\" content=\"1080\" \/>\n\t<meta property=\"og:image:type\" content=\"image\/png\" \/>\n<meta name=\"twitter:card\" content=\"summary_large_image\" \/>\n<meta name=\"twitter:label1\" content=\"Gesch\u00e4tzte Lesezeit\" \/>\n\t<meta name=\"twitter:data1\" content=\"1\u00a0Minute\" \/>\n<script type=\"application\/ld+json\" class=\"yoast-schema-graph\">{\"@context\":\"https:\/\/schema.org\",\"@graph\":[{\"@type\":\"WebPage\",\"@id\":\"https:\/\/www.ttengineering.it\/de\/rundbiegemaschine-mit-zwei-walzen\/\",\"url\":\"https:\/\/www.ttengineering.it\/de\/rundbiegemaschine-mit-zwei-walzen\/\",\"name\":\"Rundbiegemaschine mit zwei Walzen - TTEngineering - Advanced Solutions for Automation\",\"isPartOf\":{\"@id\":\"https:\/\/www.ttengineering.it\/de\/#website\"},\"primaryImageOfPage\":{\"@id\":\"https:\/\/www.ttengineering.it\/de\/rundbiegemaschine-mit-zwei-walzen\/#primaryimage\"},\"image\":{\"@id\":\"https:\/\/www.ttengineering.it\/de\/rundbiegemaschine-mit-zwei-walzen\/#primaryimage\"},\"thumbnailUrl\":\"https:\/\/www.ttengineering.it\/wp-content\/uploads\/2025\/06\/Calandra-a-2-rulli-1024x789.png\",\"datePublished\":\"2025-05-27T13:04:17+00:00\",\"dateModified\":\"2025-06-18T09:53:53+00:00\",\"breadcrumb\":{\"@id\":\"https:\/\/www.ttengineering.it\/de\/rundbiegemaschine-mit-zwei-walzen\/#breadcrumb\"},\"inLanguage\":\"de\",\"potentialAction\":[{\"@type\":\"ReadAction\",\"target\":[\"https:\/\/www.ttengineering.it\/de\/rundbiegemaschine-mit-zwei-walzen\/\"]}]},{\"@type\":\"ImageObject\",\"inLanguage\":\"de\",\"@id\":\"https:\/\/www.ttengineering.it\/de\/rundbiegemaschine-mit-zwei-walzen\/#primaryimage\",\"url\":\"https:\/\/www.ttengineering.it\/wp-content\/uploads\/2025\/06\/Calandra-a-2-rulli-1024x789.png\",\"contentUrl\":\"https:\/\/www.ttengineering.it\/wp-content\/uploads\/2025\/06\/Calandra-a-2-rulli-1024x789.png\"},{\"@type\":\"BreadcrumbList\",\"@id\":\"https:\/\/www.ttengineering.it\/de\/rundbiegemaschine-mit-zwei-walzen\/#breadcrumb\",\"itemListElement\":[{\"@type\":\"ListItem\",\"position\":1,\"name\":\"Home\",\"item\":\"https:\/\/www.ttengineering.it\/de\/\"},{\"@type\":\"ListItem\",\"position\":2,\"name\":\"Rundbiegemaschine mit zwei Walzen\"}]},{\"@type\":\"WebSite\",\"@id\":\"https:\/\/www.ttengineering.it\/de\/#website\",\"url\":\"https:\/\/www.ttengineering.it\/de\/\",\"name\":\"TTEngineering - Advanced Solutions for Automation\",\"description\":\"TTEngineering - Advanced Solutions for Automation\",\"publisher\":{\"@id\":\"https:\/\/www.ttengineering.it\/de\/#organization\"},\"alternateName\":\"TTEngineering - Advanced Solutions for Automation\",\"potentialAction\":[{\"@type\":\"SearchAction\",\"target\":{\"@type\":\"EntryPoint\",\"urlTemplate\":\"https:\/\/www.ttengineering.it\/de\/?s={search_term_string}\"},\"query-input\":{\"@type\":\"PropertyValueSpecification\",\"valueRequired\":true,\"valueName\":\"search_term_string\"}}],\"inLanguage\":\"de\"},{\"@type\":\"Organization\",\"@id\":\"https:\/\/www.ttengineering.it\/de\/#organization\",\"name\":\"TTEngineering - Advanced Solutions for Automation\",\"alternateName\":\"TTEngineering - Advanced Solutions for Automation\",\"url\":\"https:\/\/www.ttengineering.it\/de\/\",\"logo\":{\"@type\":\"ImageObject\",\"inLanguage\":\"de\",\"@id\":\"https:\/\/www.ttengineering.it\/de\/#\/schema\/logo\/image\/\",\"url\":\"https:\/\/www.ttengineering.it\/wp-content\/uploads\/2025\/05\/favicon.png\",\"contentUrl\":\"https:\/\/www.ttengineering.it\/wp-content\/uploads\/2025\/05\/favicon.png\",\"width\":512,\"height\":512,\"caption\":\"TTEngineering - Advanced Solutions for Automation\"},\"image\":{\"@id\":\"https:\/\/www.ttengineering.it\/de\/#\/schema\/logo\/image\/\"}}]}<\/script>\n<!-- \/ Yoast SEO plugin. -->","yoast_head_json":{"title":"Rundbiegemaschine mit zwei Walzen - TTEngineering - Advanced Solutions for Automation","robots":{"index":"index","follow":"follow","max-snippet":"max-snippet:-1","max-image-preview":"max-image-preview:large","max-video-preview":"max-video-preview:-1"},"canonical":"https:\/\/www.ttengineering.it\/de\/rundbiegemaschine-mit-zwei-walzen\/","og_locale":"de_DE","og_type":"article","og_title":"Rundbiegemaschine mit zwei Walzen - TTEngineering - Advanced Solutions for Automation","og_description":"TTENGINEERING &#8211; Produkte f\u00fcr unsere Kunden Rundbiegemaschine mit zwei Walzen Die Ausf\u00fchrungen TT2 und TT3 dieser Rundbiegemaschine mit zwei Walzen sind die wichtigsten Produkte von TTEngineering. Dank dem bewahrten und patentierten Kalandrieren \u201eFlexformer\u201c\u00ae k\u00f6nnen die Kunden die f\u00fcr Rundbiegemaschinen mit zwei Walzen typische Qualit\u00e4t der Gewinde und die f\u00fcr Rundbiegemaschinen mit drei Walzen typische Flexibilit\u00e4t [&hellip;]","og_url":"https:\/\/www.ttengineering.it\/de\/rundbiegemaschine-mit-zwei-walzen\/","og_site_name":"TTEngineering - Advanced Solutions for Automation","article_modified_time":"2025-06-18T09:53:53+00:00","og_image":[{"width":1401,"height":1080,"url":"https:\/\/www.ttengineering.it\/wp-content\/uploads\/2025\/06\/Calandra-a-2-rulli.png","type":"image\/png"}],"twitter_card":"summary_large_image","twitter_misc":{"Gesch\u00e4tzte Lesezeit":"1\u00a0Minute"},"schema":{"@context":"https:\/\/schema.org","@graph":[{"@type":"WebPage","@id":"https:\/\/www.ttengineering.it\/de\/rundbiegemaschine-mit-zwei-walzen\/","url":"https:\/\/www.ttengineering.it\/de\/rundbiegemaschine-mit-zwei-walzen\/","name":"Rundbiegemaschine mit zwei Walzen - TTEngineering - Advanced Solutions for Automation","isPartOf":{"@id":"https:\/\/www.ttengineering.it\/de\/#website"},"primaryImageOfPage":{"@id":"https:\/\/www.ttengineering.it\/de\/rundbiegemaschine-mit-zwei-walzen\/#primaryimage"},"image":{"@id":"https:\/\/www.ttengineering.it\/de\/rundbiegemaschine-mit-zwei-walzen\/#primaryimage"},"thumbnailUrl":"https:\/\/www.ttengineering.it\/wp-content\/uploads\/2025\/06\/Calandra-a-2-rulli-1024x789.png","datePublished":"2025-05-27T13:04:17+00:00","dateModified":"2025-06-18T09:53:53+00:00","breadcrumb":{"@id":"https:\/\/www.ttengineering.it\/de\/rundbiegemaschine-mit-zwei-walzen\/#breadcrumb"},"inLanguage":"de","potentialAction":[{"@type":"ReadAction","target":["https:\/\/www.ttengineering.it\/de\/rundbiegemaschine-mit-zwei-walzen\/"]}]},{"@type":"ImageObject","inLanguage":"de","@id":"https:\/\/www.ttengineering.it\/de\/rundbiegemaschine-mit-zwei-walzen\/#primaryimage","url":"https:\/\/www.ttengineering.it\/wp-content\/uploads\/2025\/06\/Calandra-a-2-rulli-1024x789.png","contentUrl":"https:\/\/www.ttengineering.it\/wp-content\/uploads\/2025\/06\/Calandra-a-2-rulli-1024x789.png"},{"@type":"BreadcrumbList","@id":"https:\/\/www.ttengineering.it\/de\/rundbiegemaschine-mit-zwei-walzen\/#breadcrumb","itemListElement":[{"@type":"ListItem","position":1,"name":"Home","item":"https:\/\/www.ttengineering.it\/de\/"},{"@type":"ListItem","position":2,"name":"Rundbiegemaschine mit zwei Walzen"}]},{"@type":"WebSite","@id":"https:\/\/www.ttengineering.it\/de\/#website","url":"https:\/\/www.ttengineering.it\/de\/","name":"TTEngineering - Advanced Solutions for Automation","description":"TTEngineering - Advanced Solutions for Automation","publisher":{"@id":"https:\/\/www.ttengineering.it\/de\/#organization"},"alternateName":"TTEngineering - Advanced Solutions for Automation","potentialAction":[{"@type":"SearchAction","target":{"@type":"EntryPoint","urlTemplate":"https:\/\/www.ttengineering.it\/de\/?s={search_term_string}"},"query-input":{"@type":"PropertyValueSpecification","valueRequired":true,"valueName":"search_term_string"}}],"inLanguage":"de"},{"@type":"Organization","@id":"https:\/\/www.ttengineering.it\/de\/#organization","name":"TTEngineering - Advanced Solutions for Automation","alternateName":"TTEngineering - Advanced Solutions for Automation","url":"https:\/\/www.ttengineering.it\/de\/","logo":{"@type":"ImageObject","inLanguage":"de","@id":"https:\/\/www.ttengineering.it\/de\/#\/schema\/logo\/image\/","url":"https:\/\/www.ttengineering.it\/wp-content\/uploads\/2025\/05\/favicon.png","contentUrl":"https:\/\/www.ttengineering.it\/wp-content\/uploads\/2025\/05\/favicon.png","width":512,"height":512,"caption":"TTEngineering - Advanced Solutions for Automation"},"image":{"@id":"https:\/\/www.ttengineering.it\/de\/#\/schema\/logo\/image\/"}}]}},"_links":{"self":[{"href":"https:\/\/www.ttengineering.it\/de\/wp-json\/wp\/v2\/pages\/1549","targetHints":{"allow":["GET"]}}],"collection":[{"href":"https:\/\/www.ttengineering.it\/de\/wp-json\/wp\/v2\/pages"}],"about":[{"href":"https:\/\/www.ttengineering.it\/de\/wp-json\/wp\/v2\/types\/page"}],"author":[{"embeddable":true,"href":"https:\/\/www.ttengineering.it\/de\/wp-json\/wp\/v2\/users\/1"}],"replies":[{"embeddable":true,"href":"https:\/\/www.ttengineering.it\/de\/wp-json\/wp\/v2\/comments?post=1549"}],"version-history":[{"count":4,"href":"https:\/\/www.ttengineering.it\/de\/wp-json\/wp\/v2\/pages\/1549\/revisions"}],"predecessor-version":[{"id":1825,"href":"https:\/\/www.ttengineering.it\/de\/wp-json\/wp\/v2\/pages\/1549\/revisions\/1825"}],"wp:attachment":[{"href":"https:\/\/www.ttengineering.it\/de\/wp-json\/wp\/v2\/media?parent=1549"}],"curies":[{"name":"wp","href":"https:\/\/api.w.org\/{rel}","templated":true}]}}