{"id":1537,"date":"2025-05-27T15:00:55","date_gmt":"2025-05-27T13:00:55","guid":{"rendered":"https:\/\/www.ttengineering.it\/industrielle-automatisierungssysteme\/"},"modified":"2025-06-18T12:07:48","modified_gmt":"2025-06-18T10:07:48","slug":"industrielle-automatisierungssysteme","status":"publish","type":"page","link":"https:\/\/www.ttengineering.it\/de\/industrielle-automatisierungssysteme\/","title":{"rendered":"Industrielle Automatisierungssysteme"},"content":{"rendered":"\t\t<div data-elementor-type=\"wp-page\" data-elementor-id=\"1537\" class=\"elementor elementor-1537 elementor-22\" data-elementor-post-type=\"page\">\n\t\t\t\t<div class=\"elementor-element elementor-element-4d91785 e-con-full e-flex e-con e-parent\" data-id=\"4d91785\" data-element_type=\"container\">\n\t\t<div class=\"elementor-element elementor-element-577f421 e-con-full e-flex e-con e-child\" data-id=\"577f421\" data-element_type=\"container\">\n\t\t\t\t<div class=\"elementor-element elementor-element-b7bac55 animated-fast elementor-invisible elementor-widget elementor-widget-heading\" data-id=\"b7bac55\" data-element_type=\"widget\" data-settings=\"{&quot;_animation&quot;:&quot;slideInUp&quot;}\" data-widget_type=\"heading.default\">\n\t\t\t\t<div class=\"elementor-widget-container\">\n\t\t\t\t\t<h2 class=\"elementor-heading-title elementor-size-default\">TTE<span style=\"color: #0D0D0E\">NGINEERING<\/span> - Dank unserer technischen Konzeption \u00fcberzeugen wir die Kunden<\/h2>\t\t\t\t<\/div>\n\t\t\t\t<\/div>\n\t\t\t\t<div class=\"elementor-element elementor-element-393f4bb animated-fast elementor-invisible elementor-widget elementor-widget-heading\" data-id=\"393f4bb\" data-element_type=\"widget\" data-settings=\"{&quot;_animation&quot;:&quot;slideInUp&quot;,&quot;_animation_delay&quot;:100}\" data-widget_type=\"heading.default\">\n\t\t\t\t<div class=\"elementor-widget-container\">\n\t\t\t\t\t<h2 class=\"elementor-heading-title elementor-size-default\">Industrielle Automatisierungssysteme<\/h2>\t\t\t\t<\/div>\n\t\t\t\t<\/div>\n\t\t\t\t<div class=\"elementor-element elementor-element-3e63076 elementor-widget__width-initial animated-fast elementor-invisible elementor-widget elementor-widget-text-editor\" data-id=\"3e63076\" data-element_type=\"widget\" data-settings=\"{&quot;_animation&quot;:&quot;slideInUp&quot;,&quot;_animation_delay&quot;:200}\" data-widget_type=\"text-editor.default\">\n\t\t\t\t<div class=\"elementor-widget-container\">\n\t\t\t\t\t\t\t\t\t<p>Mit seinen Kenntnissen kann TTEngineering eine Vielzahl von personalisierten <strong>industriellen Automatisierungssystemen<\/strong> entwickeln. Seit Jahren sind wir in der Verfahrenstechnik t\u00e4tig und k\u00f6nnen daher hochautomatisierte L\u00f6sungen in verschiedenen Branchen anbieten. <\/p><p>Wir haben hochproduktive Maschinen und Systemen zur Herstellung von Stiften und Einwegnadeln f\u00fcr die Medizin-Industrie, Schl\u00f6ssern, Schaltern, Systemen zur Dosierung bzw. Beschichtung von Klebemitteln auf Papier oder Holz entwickelt, die mit Verpackungssystemen erg\u00e4nzt werden.<\/p>\t\t\t\t\t\t\t\t<\/div>\n\t\t\t\t<\/div>\n\t\t\t\t<\/div>\n\t\t<div class=\"elementor-element elementor-element-84bc010 e-con-full e-flex e-con e-child\" data-id=\"84bc010\" data-element_type=\"container\" data-settings=\"{&quot;background_background&quot;:&quot;classic&quot;}\">\n\t\t\t\t<\/div>\n\t\t\t\t<\/div>\n\t\t<div class=\"elementor-element elementor-element-5e406d5 e-con-full e-flex e-con e-parent\" data-id=\"5e406d5\" data-element_type=\"container\" data-settings=\"{&quot;background_background&quot;:&quot;classic&quot;}\">\n\t\t<div class=\"elementor-element elementor-element-e8f9b38 e-con-full e-flex e-con e-child\" data-id=\"e8f9b38\" data-element_type=\"container\" data-settings=\"{&quot;background_background&quot;:&quot;classic&quot;}\">\n\t\t\t\t<\/div>\n\t\t<div class=\"elementor-element elementor-element-670dc3a e-con-full e-flex e-con e-child\" data-id=\"670dc3a\" data-element_type=\"container\" data-settings=\"{&quot;background_background&quot;:&quot;classic&quot;}\">\n\t\t\t\t<div class=\"elementor-element elementor-element-d89162a animated-fast elementor-invisible elementor-widget elementor-widget-heading\" data-id=\"d89162a\" data-element_type=\"widget\" data-settings=\"{&quot;_animation&quot;:&quot;slideInUp&quot;}\" data-widget_type=\"heading.default\">\n\t\t\t\t<div class=\"elementor-widget-container\">\n\t\t\t\t\t<h2 class=\"elementor-heading-title elementor-size-default\">TTE<span style=\"color: #0D0D0E\">NGINEERING<\/span><\/h2>\t\t\t\t<\/div>\n\t\t\t\t<\/div>\n\t\t\t\t<div class=\"elementor-element elementor-element-e88fbca elementor-widget__width-initial animated-fast elementor-invisible elementor-widget elementor-widget-text-editor\" data-id=\"e88fbca\" data-element_type=\"widget\" data-settings=\"{&quot;_animation&quot;:&quot;slideInUp&quot;,&quot;_animation_delay&quot;:200}\" data-widget_type=\"text-editor.default\">\n\t\t\t\t<div class=\"elementor-widget-container\">\n\t\t\t\t\t\t\t\t\t<p>Die medizinische Branche \u2013 wo wir angefangen haben<\/p>\t\t\t\t\t\t\t\t<\/div>\n\t\t\t\t<\/div>\n\t\t\t\t<div class=\"elementor-element elementor-element-cef26bf elementor-widget__width-initial animated-fast elementor-invisible elementor-widget elementor-widget-text-editor\" data-id=\"cef26bf\" data-element_type=\"widget\" data-settings=\"{&quot;_animation&quot;:&quot;slideInUp&quot;,&quot;_animation_delay&quot;:200}\" data-widget_type=\"text-editor.default\">\n\t\t\t\t<div class=\"elementor-widget-container\">\n\t\t\t\t\t\t\t\t\t<p class=\"lead\">Die ersten Produkte von TTEngineering waren automatisierte Linien zur Montage und Verpackung von Einwegnadeln, die zur Verabreichung von Insulin dienten.<\/p><p class=\"lead\">Es handelt sich um sehr leistungsf\u00e4hige Anlage mit einem hohen Automatisierungsgrad sowie mit hohen produktiven und qualitativen Effizienzstandards.<\/p>\t\t\t\t\t\t\t\t<\/div>\n\t\t\t\t<\/div>\n\t\t\t\t<div class=\"elementor-element elementor-element-ab08b11 elementor-widget__width-initial animated-fast elementor-invisible elementor-widget elementor-widget-text-editor\" data-id=\"ab08b11\" data-element_type=\"widget\" data-settings=\"{&quot;_animation&quot;:&quot;slideInUp&quot;,&quot;_animation_delay&quot;:200}\" data-widget_type=\"text-editor.default\">\n\t\t\t\t<div class=\"elementor-widget-container\">\n\t\t\t\t\t\t\t\t\t<p>Das Unternehmen bietet auch einzelne oder doppelte Linien an, mit denen 12 bzw. 24 St\u00fccke pro Sekunde hergestellt werden. Diese Linien, die selbstverst\u00e4ndlich in einem Reinraum installiert werden sollen, bestehen aus zwei Teilen: Der erste k\u00fcmmert sich um die Halbfertigerzeugnisse, der zweite bekommt die gefertigten Spritzen und sortiert sie. Es folgen dann der Verschluss der Nadeln, die Etikettierung, die Qualit\u00e4tskontrolle und die Verpackung der Fertigprodukte.  <\/p>\t\t\t\t\t\t\t\t<\/div>\n\t\t\t\t<\/div>\n\t\t\t\t<\/div>\n\t\t\t\t<\/div>\n\t\t<div class=\"elementor-element elementor-element-d06bf8d e-flex e-con-boxed e-con e-parent\" data-id=\"d06bf8d\" data-element_type=\"container\" data-settings=\"{&quot;background_background&quot;:&quot;classic&quot;}\">\n\t\t\t\t\t<div class=\"e-con-inner\">\n\t\t<div class=\"elementor-element elementor-element-d066824 e-con-full e-flex e-con e-child\" data-id=\"d066824\" data-element_type=\"container\" data-settings=\"{&quot;background_background&quot;:&quot;classic&quot;}\">\n\t\t\t\t<div class=\"elementor-element elementor-element-20bc324 animated-fast elementor-invisible elementor-widget elementor-widget-heading\" data-id=\"20bc324\" data-element_type=\"widget\" data-settings=\"{&quot;_animation&quot;:&quot;slideInUp&quot;}\" data-widget_type=\"heading.default\">\n\t\t\t\t<div class=\"elementor-widget-container\">\n\t\t\t\t\t<h2 class=\"elementor-heading-title elementor-size-default\">TTE<span style=\"color: #0D0D0E\">NGINEERING<\/span><\/h2>\t\t\t\t<\/div>\n\t\t\t\t<\/div>\n\t\t\t\t<div class=\"elementor-element elementor-element-5601fd4 elementor-widget__width-initial animated-fast elementor-invisible elementor-widget elementor-widget-text-editor\" data-id=\"5601fd4\" data-element_type=\"widget\" data-settings=\"{&quot;_animation&quot;:&quot;slideInUp&quot;,&quot;_animation_delay&quot;:200}\" data-widget_type=\"text-editor.default\">\n\t\t\t\t<div class=\"elementor-widget-container\">\n\t\t\t\t\t\t\t\t\t<p>Hochpersonalisierte Systeme<\/p>\t\t\t\t\t\t\t\t<\/div>\n\t\t\t\t<\/div>\n\t\t\t\t<div class=\"elementor-element elementor-element-916aa7c elementor-widget__width-initial animated-fast elementor-invisible elementor-widget elementor-widget-text-editor\" data-id=\"916aa7c\" data-element_type=\"widget\" data-settings=\"{&quot;_animation&quot;:&quot;slideInUp&quot;,&quot;_animation_delay&quot;:200}\" data-widget_type=\"text-editor.default\">\n\t\t\t\t<div class=\"elementor-widget-container\">\n\t\t\t\t\t\t\t\t\t<p>Die Anlagen k\u00f6nnen elektrisch oder pneumatisch gesteuert werden, und umfassen Drehtische, asynchrone Systeme und automatische Systeme zur Teilezuf\u00fchrung (vibrierende Schlitzsiebe). Alle Anlagen des Unternehmens haben integrierte Kontroll- und Inspektionssysteme. Die Montagetechnologien reichen von schwimmenden Pallets bis hin zu indexierten Tischen, zeitkontinuierlichen Systemen mit anthropomorphen Robotern, SCARA- oder Pick-and-Place-Systemen.  <\/p>\t\t\t\t\t\t\t\t<\/div>\n\t\t\t\t<\/div>\n\t\t<div class=\"elementor-element elementor-element-1aa2cfb e-con-full e-flex e-con e-child\" data-id=\"1aa2cfb\" data-element_type=\"container\">\n\t\t\t\t<div class=\"elementor-element elementor-element-fb7074e elementor-align-justify elementor-widget__width-initial animated-fast elementor-invisible elementor-widget elementor-widget-button\" data-id=\"fb7074e\" data-element_type=\"widget\" data-settings=\"{&quot;_animation&quot;:&quot;slideInRight&quot;,&quot;_animation_delay&quot;:500}\" data-widget_type=\"button.default\">\n\t\t\t\t<div class=\"elementor-widget-container\">\n\t\t\t\t\t\t\t\t\t<div class=\"elementor-button-wrapper\">\n\t\t\t\t\t<a class=\"elementor-button elementor-button-link elementor-size-sm\" href=\"https:\/\/www.ttengineering.it\/de\/kontakte\/\">\n\t\t\t\t\t\t<span class=\"elementor-button-content-wrapper\">\n\t\t\t\t\t\t\t\t\t<span class=\"elementor-button-text\">KONTAKTIEREN SIE UNS<\/span>\n\t\t\t\t\t<\/span>\n\t\t\t\t\t<\/a>\n\t\t\t\t<\/div>\n\t\t\t\t\t\t\t\t<\/div>\n\t\t\t\t<\/div>\n\t\t\t\t<\/div>\n\t\t\t\t<\/div>\n\t\t<div class=\"elementor-element elementor-element-9f9427d e-con-full e-flex e-con e-child\" data-id=\"9f9427d\" data-element_type=\"container\" data-settings=\"{&quot;background_background&quot;:&quot;classic&quot;}\">\n\t\t\t\t<\/div>\n\t\t\t\t\t<\/div>\n\t\t\t\t<\/div>\n\t\t\t\t<\/div>\n\t\t","protected":false},"excerpt":{"rendered":"<p>TTENGINEERING &#8211; Dank unserer technischen Konzeption \u00fcberzeugen wir die Kunden Industrielle Automatisierungssysteme Mit seinen Kenntnissen kann TTEngineering eine Vielzahl von personalisierten industriellen Automatisierungssystemen entwickeln. Seit Jahren sind wir in der Verfahrenstechnik t\u00e4tig und k\u00f6nnen daher hochautomatisierte L\u00f6sungen in verschiedenen Branchen anbieten. Wir haben hochproduktive Maschinen und Systemen zur Herstellung von Stiften und Einwegnadeln f\u00fcr die [&hellip;]<\/p>\n","protected":false},"author":1,"featured_media":0,"parent":0,"menu_order":0,"comment_status":"closed","ping_status":"closed","template":"","meta":{"footnotes":""},"class_list":["post-1537","page","type-page","status-publish","hentry"],"yoast_head":"<!-- This site is optimized with the Yoast SEO plugin v25.4 - https:\/\/yoast.com\/wordpress\/plugins\/seo\/ -->\n<title>Industrielle Automatisierungssysteme - TTEngineering - Advanced Solutions for Automation<\/title>\n<meta name=\"robots\" content=\"index, follow, max-snippet:-1, max-image-preview:large, max-video-preview:-1\" \/>\n<link rel=\"canonical\" href=\"https:\/\/www.ttengineering.it\/de\/industrielle-automatisierungssysteme\/\" \/>\n<meta property=\"og:locale\" content=\"de_DE\" \/>\n<meta property=\"og:type\" content=\"article\" \/>\n<meta property=\"og:title\" content=\"Industrielle Automatisierungssysteme - TTEngineering - Advanced Solutions for Automation\" \/>\n<meta property=\"og:description\" content=\"TTENGINEERING &#8211; Dank unserer technischen Konzeption \u00fcberzeugen wir die Kunden Industrielle Automatisierungssysteme Mit seinen Kenntnissen kann TTEngineering eine Vielzahl von personalisierten industriellen Automatisierungssystemen entwickeln. Seit Jahren sind wir in der Verfahrenstechnik t\u00e4tig und k\u00f6nnen daher hochautomatisierte L\u00f6sungen in verschiedenen Branchen anbieten. Wir haben hochproduktive Maschinen und Systemen zur Herstellung von Stiften und Einwegnadeln f\u00fcr die [&hellip;]\" \/>\n<meta property=\"og:url\" content=\"https:\/\/www.ttengineering.it\/de\/industrielle-automatisierungssysteme\/\" \/>\n<meta property=\"og:site_name\" content=\"TTEngineering - Advanced Solutions for Automation\" \/>\n<meta property=\"article:modified_time\" content=\"2025-06-18T10:07:48+00:00\" \/>\n<meta property=\"og:image\" content=\"https:\/\/www.ttengineering.it\/wp-content\/uploads\/2025\/05\/favicon.png\" \/>\n\t<meta property=\"og:image:width\" content=\"512\" \/>\n\t<meta property=\"og:image:height\" content=\"512\" \/>\n\t<meta property=\"og:image:type\" content=\"image\/png\" \/>\n<meta name=\"twitter:card\" content=\"summary_large_image\" \/>\n<meta name=\"twitter:label1\" content=\"Gesch\u00e4tzte Lesezeit\" \/>\n\t<meta name=\"twitter:data1\" content=\"1\u00a0Minute\" \/>\n<script type=\"application\/ld+json\" class=\"yoast-schema-graph\">{\"@context\":\"https:\/\/schema.org\",\"@graph\":[{\"@type\":\"WebPage\",\"@id\":\"https:\/\/www.ttengineering.it\/de\/industrielle-automatisierungssysteme\/\",\"url\":\"https:\/\/www.ttengineering.it\/de\/industrielle-automatisierungssysteme\/\",\"name\":\"Industrielle Automatisierungssysteme - TTEngineering - Advanced Solutions for Automation\",\"isPartOf\":{\"@id\":\"https:\/\/www.ttengineering.it\/de\/#website\"},\"datePublished\":\"2025-05-27T13:00:55+00:00\",\"dateModified\":\"2025-06-18T10:07:48+00:00\",\"breadcrumb\":{\"@id\":\"https:\/\/www.ttengineering.it\/de\/industrielle-automatisierungssysteme\/#breadcrumb\"},\"inLanguage\":\"de\",\"potentialAction\":[{\"@type\":\"ReadAction\",\"target\":[\"https:\/\/www.ttengineering.it\/de\/industrielle-automatisierungssysteme\/\"]}]},{\"@type\":\"BreadcrumbList\",\"@id\":\"https:\/\/www.ttengineering.it\/de\/industrielle-automatisierungssysteme\/#breadcrumb\",\"itemListElement\":[{\"@type\":\"ListItem\",\"position\":1,\"name\":\"Home\",\"item\":\"https:\/\/www.ttengineering.it\/de\/\"},{\"@type\":\"ListItem\",\"position\":2,\"name\":\"Industrielle Automatisierungssysteme\"}]},{\"@type\":\"WebSite\",\"@id\":\"https:\/\/www.ttengineering.it\/de\/#website\",\"url\":\"https:\/\/www.ttengineering.it\/de\/\",\"name\":\"TTEngineering - Advanced Solutions for Automation\",\"description\":\"TTEngineering - Advanced Solutions for Automation\",\"publisher\":{\"@id\":\"https:\/\/www.ttengineering.it\/de\/#organization\"},\"alternateName\":\"TTEngineering - Advanced Solutions for Automation\",\"potentialAction\":[{\"@type\":\"SearchAction\",\"target\":{\"@type\":\"EntryPoint\",\"urlTemplate\":\"https:\/\/www.ttengineering.it\/de\/?s={search_term_string}\"},\"query-input\":{\"@type\":\"PropertyValueSpecification\",\"valueRequired\":true,\"valueName\":\"search_term_string\"}}],\"inLanguage\":\"de\"},{\"@type\":\"Organization\",\"@id\":\"https:\/\/www.ttengineering.it\/de\/#organization\",\"name\":\"TTEngineering - Advanced Solutions for Automation\",\"alternateName\":\"TTEngineering - Advanced Solutions for Automation\",\"url\":\"https:\/\/www.ttengineering.it\/de\/\",\"logo\":{\"@type\":\"ImageObject\",\"inLanguage\":\"de\",\"@id\":\"https:\/\/www.ttengineering.it\/de\/#\/schema\/logo\/image\/\",\"url\":\"https:\/\/www.ttengineering.it\/wp-content\/uploads\/2025\/05\/favicon.png\",\"contentUrl\":\"https:\/\/www.ttengineering.it\/wp-content\/uploads\/2025\/05\/favicon.png\",\"width\":512,\"height\":512,\"caption\":\"TTEngineering - Advanced Solutions for Automation\"},\"image\":{\"@id\":\"https:\/\/www.ttengineering.it\/de\/#\/schema\/logo\/image\/\"}}]}<\/script>\n<!-- \/ Yoast SEO plugin. -->","yoast_head_json":{"title":"Industrielle Automatisierungssysteme - TTEngineering - Advanced Solutions for Automation","robots":{"index":"index","follow":"follow","max-snippet":"max-snippet:-1","max-image-preview":"max-image-preview:large","max-video-preview":"max-video-preview:-1"},"canonical":"https:\/\/www.ttengineering.it\/de\/industrielle-automatisierungssysteme\/","og_locale":"de_DE","og_type":"article","og_title":"Industrielle Automatisierungssysteme - TTEngineering - Advanced Solutions for Automation","og_description":"TTENGINEERING &#8211; Dank unserer technischen Konzeption \u00fcberzeugen wir die Kunden Industrielle Automatisierungssysteme Mit seinen Kenntnissen kann TTEngineering eine Vielzahl von personalisierten industriellen Automatisierungssystemen entwickeln. Seit Jahren sind wir in der Verfahrenstechnik t\u00e4tig und k\u00f6nnen daher hochautomatisierte L\u00f6sungen in verschiedenen Branchen anbieten. Wir haben hochproduktive Maschinen und Systemen zur Herstellung von Stiften und Einwegnadeln f\u00fcr die [&hellip;]","og_url":"https:\/\/www.ttengineering.it\/de\/industrielle-automatisierungssysteme\/","og_site_name":"TTEngineering - Advanced Solutions for Automation","article_modified_time":"2025-06-18T10:07:48+00:00","og_image":[{"width":512,"height":512,"url":"https:\/\/www.ttengineering.it\/wp-content\/uploads\/2025\/05\/favicon.png","type":"image\/png"}],"twitter_card":"summary_large_image","twitter_misc":{"Gesch\u00e4tzte Lesezeit":"1\u00a0Minute"},"schema":{"@context":"https:\/\/schema.org","@graph":[{"@type":"WebPage","@id":"https:\/\/www.ttengineering.it\/de\/industrielle-automatisierungssysteme\/","url":"https:\/\/www.ttengineering.it\/de\/industrielle-automatisierungssysteme\/","name":"Industrielle Automatisierungssysteme - TTEngineering - Advanced Solutions for Automation","isPartOf":{"@id":"https:\/\/www.ttengineering.it\/de\/#website"},"datePublished":"2025-05-27T13:00:55+00:00","dateModified":"2025-06-18T10:07:48+00:00","breadcrumb":{"@id":"https:\/\/www.ttengineering.it\/de\/industrielle-automatisierungssysteme\/#breadcrumb"},"inLanguage":"de","potentialAction":[{"@type":"ReadAction","target":["https:\/\/www.ttengineering.it\/de\/industrielle-automatisierungssysteme\/"]}]},{"@type":"BreadcrumbList","@id":"https:\/\/www.ttengineering.it\/de\/industrielle-automatisierungssysteme\/#breadcrumb","itemListElement":[{"@type":"ListItem","position":1,"name":"Home","item":"https:\/\/www.ttengineering.it\/de\/"},{"@type":"ListItem","position":2,"name":"Industrielle Automatisierungssysteme"}]},{"@type":"WebSite","@id":"https:\/\/www.ttengineering.it\/de\/#website","url":"https:\/\/www.ttengineering.it\/de\/","name":"TTEngineering - Advanced Solutions for Automation","description":"TTEngineering - Advanced Solutions for Automation","publisher":{"@id":"https:\/\/www.ttengineering.it\/de\/#organization"},"alternateName":"TTEngineering - Advanced Solutions for Automation","potentialAction":[{"@type":"SearchAction","target":{"@type":"EntryPoint","urlTemplate":"https:\/\/www.ttengineering.it\/de\/?s={search_term_string}"},"query-input":{"@type":"PropertyValueSpecification","valueRequired":true,"valueName":"search_term_string"}}],"inLanguage":"de"},{"@type":"Organization","@id":"https:\/\/www.ttengineering.it\/de\/#organization","name":"TTEngineering - Advanced Solutions for Automation","alternateName":"TTEngineering - Advanced Solutions for Automation","url":"https:\/\/www.ttengineering.it\/de\/","logo":{"@type":"ImageObject","inLanguage":"de","@id":"https:\/\/www.ttengineering.it\/de\/#\/schema\/logo\/image\/","url":"https:\/\/www.ttengineering.it\/wp-content\/uploads\/2025\/05\/favicon.png","contentUrl":"https:\/\/www.ttengineering.it\/wp-content\/uploads\/2025\/05\/favicon.png","width":512,"height":512,"caption":"TTEngineering - Advanced Solutions for Automation"},"image":{"@id":"https:\/\/www.ttengineering.it\/de\/#\/schema\/logo\/image\/"}}]}},"_links":{"self":[{"href":"https:\/\/www.ttengineering.it\/de\/wp-json\/wp\/v2\/pages\/1537","targetHints":{"allow":["GET"]}}],"collection":[{"href":"https:\/\/www.ttengineering.it\/de\/wp-json\/wp\/v2\/pages"}],"about":[{"href":"https:\/\/www.ttengineering.it\/de\/wp-json\/wp\/v2\/types\/page"}],"author":[{"embeddable":true,"href":"https:\/\/www.ttengineering.it\/de\/wp-json\/wp\/v2\/users\/1"}],"replies":[{"embeddable":true,"href":"https:\/\/www.ttengineering.it\/de\/wp-json\/wp\/v2\/comments?post=1537"}],"version-history":[{"count":4,"href":"https:\/\/www.ttengineering.it\/de\/wp-json\/wp\/v2\/pages\/1537\/revisions"}],"predecessor-version":[{"id":1832,"href":"https:\/\/www.ttengineering.it\/de\/wp-json\/wp\/v2\/pages\/1537\/revisions\/1832"}],"wp:attachment":[{"href":"https:\/\/www.ttengineering.it\/de\/wp-json\/wp\/v2\/media?parent=1537"}],"curies":[{"name":"wp","href":"https:\/\/api.w.org\/{rel}","templated":true}]}}