{"id":1535,"date":"2025-05-27T15:00:46","date_gmt":"2025-05-27T13:00:46","guid":{"rendered":"https:\/\/www.ttengineering.it\/automotive\/"},"modified":"2025-06-18T11:44:51","modified_gmt":"2025-06-18T09:44:51","slug":"maschinen-zur-herstellung-von-abgassystemen-fuer-pkw","status":"publish","type":"page","link":"https:\/\/www.ttengineering.it\/de\/maschinen-zur-herstellung-von-abgassystemen-fuer-pkw\/","title":{"rendered":"Automotive"},"content":{"rendered":"\t\t<div data-elementor-type=\"wp-page\" data-elementor-id=\"1535\" class=\"elementor elementor-1535 elementor-20\" data-elementor-post-type=\"page\">\n\t\t\t\t<div class=\"elementor-element elementor-element-8eb7fab e-con-full e-flex e-con e-parent\" data-id=\"8eb7fab\" data-element_type=\"container\">\n\t\t<div class=\"elementor-element elementor-element-584c770 e-con-full e-flex e-con e-child\" data-id=\"584c770\" data-element_type=\"container\">\n\t\t\t\t<div class=\"elementor-element elementor-element-042727a animated-fast elementor-invisible elementor-widget elementor-widget-heading\" data-id=\"042727a\" data-element_type=\"widget\" data-settings=\"{&quot;_animation&quot;:&quot;slideInUp&quot;}\" data-widget_type=\"heading.default\">\n\t\t\t\t<div class=\"elementor-widget-container\">\n\t\t\t\t\t<h2 class=\"elementor-heading-title elementor-size-default\">TTE<span style=\"color: #0D0D0E\">NGINEERING<\/span> - Dank unserer Innovation genie\u00dfen Sie eine h\u00f6here Zuverl\u00e4ssigkeit<\/h2>\t\t\t\t<\/div>\n\t\t\t\t<\/div>\n\t\t\t\t<div class=\"elementor-element elementor-element-9a80b38 animated-fast elementor-invisible elementor-widget elementor-widget-heading\" data-id=\"9a80b38\" data-element_type=\"widget\" data-settings=\"{&quot;_animation&quot;:&quot;slideInUp&quot;,&quot;_animation_delay&quot;:100}\" data-widget_type=\"heading.default\">\n\t\t\t\t<div class=\"elementor-widget-container\">\n\t\t\t\t\t<h2 class=\"elementor-heading-title elementor-size-default\">Maschinen zur Herstellung von Abgassystemen f\u00fcr PKW<\/h2>\t\t\t\t<\/div>\n\t\t\t\t<\/div>\n\t\t\t\t<div class=\"elementor-element elementor-element-9f2a560 elementor-widget__width-initial animated-fast elementor-invisible elementor-widget elementor-widget-text-editor\" data-id=\"9f2a560\" data-element_type=\"widget\" data-settings=\"{&quot;_animation&quot;:&quot;slideInUp&quot;,&quot;_animation_delay&quot;:200}\" data-widget_type=\"text-editor.default\">\n\t\t\t\t<div class=\"elementor-widget-container\">\n\t\t\t\t\t\t\t\t\t<p>Obwohl diese Branche eine der striktesten und anspruchsvollsten hinsichtlich technologischer Innovationen und angeforderter Produktionsleistung schlechthin ist, tut TTEngineering seit Jahren sein Bestes, um Maschinen mit Lasertechnologie zum Schwei\u00dfen und Schneiden zur <strong>Herstellung von Abgassystemen f\u00fcr PKW anzubieten.<\/strong><\/p><p>Es handelt sich um Maschinen und Technologien zur Herstellung von Katalysatoren, die in den Abgassystemen von Fahrzeugen zum Einsatz kommen. Die vorgeschnittenen Blechteile werden kalandriert, geschwei\u00dft und automatisch entladen, um die optimale Produktionslogik und die vertraglich festgelegten technischen Spezifikationen einzuhalten.<\/p>\t\t\t\t\t\t\t\t<\/div>\n\t\t\t\t<\/div>\n\t\t\t\t<\/div>\n\t\t<div class=\"elementor-element elementor-element-75b8f2e e-con-full e-flex e-con e-child\" data-id=\"75b8f2e\" data-element_type=\"container\" data-settings=\"{&quot;background_background&quot;:&quot;classic&quot;}\">\n\t\t\t\t<\/div>\n\t\t\t\t<\/div>\n\t\t<div class=\"elementor-element elementor-element-99a8d8e e-con-full e-flex e-con e-parent\" data-id=\"99a8d8e\" data-element_type=\"container\" data-settings=\"{&quot;background_background&quot;:&quot;classic&quot;}\">\n\t\t<div class=\"elementor-element elementor-element-91d6ab2 e-con-full e-flex e-con e-child\" data-id=\"91d6ab2\" data-element_type=\"container\" data-settings=\"{&quot;background_background&quot;:&quot;classic&quot;}\">\n\t\t\t\t<div class=\"elementor-element elementor-element-95a8817 elementor-widget elementor-widget-image\" data-id=\"95a8817\" data-element_type=\"widget\" data-widget_type=\"image.default\">\n\t\t\t\t<div class=\"elementor-widget-container\">\n\t\t\t\t\t\t\t\t\t\t\t\t\t\t\t<img fetchpriority=\"high\" decoding=\"async\" width=\"400\" height=\"533\" src=\"https:\/\/www.ttengineering.it\/wp-content\/uploads\/2025\/06\/macchine-per-produrre-catalizzatori-per-auto-CATALIZZATORE-e1593685439779.jpg\" class=\"attachment-large size-large wp-image-1017\" alt=\"\" srcset=\"https:\/\/www.ttengineering.it\/wp-content\/uploads\/2025\/06\/macchine-per-produrre-catalizzatori-per-auto-CATALIZZATORE-e1593685439779.jpg 400w, https:\/\/www.ttengineering.it\/wp-content\/uploads\/2025\/06\/macchine-per-produrre-catalizzatori-per-auto-CATALIZZATORE-e1593685439779-225x300.jpg 225w\" sizes=\"(max-width: 400px) 100vw, 400px\" \/>\t\t\t\t\t\t\t\t\t\t\t\t\t\t\t<\/div>\n\t\t\t\t<\/div>\n\t\t\t\t<\/div>\n\t\t<div class=\"elementor-element elementor-element-c4b7799 e-con-full e-flex e-con e-child\" data-id=\"c4b7799\" data-element_type=\"container\" data-settings=\"{&quot;background_background&quot;:&quot;classic&quot;}\">\n\t\t\t\t<div class=\"elementor-element elementor-element-0dbf9eb animated-fast elementor-invisible elementor-widget elementor-widget-heading\" data-id=\"0dbf9eb\" data-element_type=\"widget\" data-settings=\"{&quot;_animation&quot;:&quot;slideInUp&quot;}\" data-widget_type=\"heading.default\">\n\t\t\t\t<div class=\"elementor-widget-container\">\n\t\t\t\t\t<h2 class=\"elementor-heading-title elementor-size-default\">TTE<span style=\"color: #0D0D0E\">NGINEERING<\/span><\/h2>\t\t\t\t<\/div>\n\t\t\t\t<\/div>\n\t\t\t\t<div class=\"elementor-element elementor-element-750cf37 elementor-widget__width-initial animated-fast elementor-invisible elementor-widget elementor-widget-text-editor\" data-id=\"750cf37\" data-element_type=\"widget\" data-settings=\"{&quot;_animation&quot;:&quot;slideInUp&quot;,&quot;_animation_delay&quot;:200}\" data-widget_type=\"text-editor.default\">\n\t\t\t\t<div class=\"elementor-widget-container\">\n\t\t\t\t\t\t\t\t\t<p>Garantierte Qualit\u00e4tskontrolle<\/p>\t\t\t\t\t\t\t\t<\/div>\n\t\t\t\t<\/div>\n\t\t\t\t<div class=\"elementor-element elementor-element-0c613ae elementor-widget__width-initial animated-fast elementor-invisible elementor-widget elementor-widget-text-editor\" data-id=\"0c613ae\" data-element_type=\"widget\" data-settings=\"{&quot;_animation&quot;:&quot;slideInUp&quot;,&quot;_animation_delay&quot;:200}\" data-widget_type=\"text-editor.default\">\n\t\t\t\t<div class=\"elementor-widget-container\">\n\t\t\t\t\t\t\t\t\t<p>Ein besonderes Merkmal der automatischen Linien von TTEngineering im Bereich Automobilbau sind die Inline-Ger\u00e4te zur qualitativen Kontrolle vom Anschwei\u00dfen, die das Unternehmen entwickelt und in jede Anlage integriert.<\/p>\t\t\t\t\t\t\t\t<\/div>\n\t\t\t\t<\/div>\n\t\t\t\t<div class=\"elementor-element elementor-element-15f400d elementor-widget__width-initial animated-fast elementor-invisible elementor-widget elementor-widget-text-editor\" data-id=\"15f400d\" data-element_type=\"widget\" data-settings=\"{&quot;_animation&quot;:&quot;slideInUp&quot;,&quot;_animation_delay&quot;:200}\" data-widget_type=\"text-editor.default\">\n\t\t\t\t<div class=\"elementor-widget-container\">\n\t\t\t\t\t\t\t\t\t<p>Das Produktionsprogramm des Unternehmens umfasst All-in-One-L\u00f6sungen, die allen Produktionsanforderungen der Kundschaft f\u00fcr PKW und Industriefahrzeugen nachkommen. Je nach Absatzmarkt kann man Rohrleitungen mit einem Durchmesser von 80 \u2013 400 mm aus ferritischem Material herstellen.<\/p>\t\t\t\t\t\t\t\t<\/div>\n\t\t\t\t<\/div>\n\t\t<div class=\"elementor-element elementor-element-c955d7a e-con-full e-flex e-con e-child\" data-id=\"c955d7a\" data-element_type=\"container\">\n\t\t\t\t<div class=\"elementor-element elementor-element-3d1891c elementor-align-justify elementor-widget__width-initial animated-fast elementor-invisible elementor-widget elementor-widget-button\" data-id=\"3d1891c\" data-element_type=\"widget\" data-settings=\"{&quot;_animation&quot;:&quot;slideInRight&quot;,&quot;_animation_delay&quot;:500}\" data-widget_type=\"button.default\">\n\t\t\t\t<div class=\"elementor-widget-container\">\n\t\t\t\t\t\t\t\t\t<div class=\"elementor-button-wrapper\">\n\t\t\t\t\t<a class=\"elementor-button elementor-button-link elementor-size-sm\" href=\"https:\/\/www.ttengineering.it\/de\/kontakte\/\">\n\t\t\t\t\t\t<span class=\"elementor-button-content-wrapper\">\n\t\t\t\t\t\t\t\t\t<span class=\"elementor-button-text\">KONTAKTIEREN SIE UNS<\/span>\n\t\t\t\t\t<\/span>\n\t\t\t\t\t<\/a>\n\t\t\t\t<\/div>\n\t\t\t\t\t\t\t\t<\/div>\n\t\t\t\t<\/div>\n\t\t\t\t<\/div>\n\t\t\t\t<\/div>\n\t\t\t\t<\/div>\n\t\t\t\t<\/div>\n\t\t","protected":false},"excerpt":{"rendered":"<p>TTENGINEERING &#8211; Dank unserer Innovation genie\u00dfen Sie eine h\u00f6here Zuverl\u00e4ssigkeit Maschinen zur Herstellung von Abgassystemen f\u00fcr PKW Obwohl diese Branche eine der striktesten und anspruchsvollsten hinsichtlich technologischer Innovationen und angeforderter Produktionsleistung schlechthin ist, tut TTEngineering seit Jahren sein Bestes, um Maschinen mit Lasertechnologie zum Schwei\u00dfen und Schneiden zur Herstellung von Abgassystemen f\u00fcr PKW anzubieten. Es [&hellip;]<\/p>\n","protected":false},"author":1,"featured_media":0,"parent":0,"menu_order":0,"comment_status":"closed","ping_status":"closed","template":"","meta":{"footnotes":""},"class_list":["post-1535","page","type-page","status-publish","hentry"],"yoast_head":"<!-- This site is optimized with the Yoast SEO plugin v25.4 - https:\/\/yoast.com\/wordpress\/plugins\/seo\/ -->\n<title>Automotive - TTEngineering - Advanced Solutions for Automation<\/title>\n<meta name=\"robots\" content=\"index, follow, max-snippet:-1, max-image-preview:large, max-video-preview:-1\" \/>\n<link rel=\"canonical\" href=\"https:\/\/www.ttengineering.it\/de\/maschinen-zur-herstellung-von-abgassystemen-fuer-pkw\/\" \/>\n<meta property=\"og:locale\" content=\"de_DE\" \/>\n<meta property=\"og:type\" content=\"article\" \/>\n<meta property=\"og:title\" content=\"Automotive - TTEngineering - Advanced Solutions for Automation\" \/>\n<meta property=\"og:description\" content=\"TTENGINEERING &#8211; Dank unserer Innovation genie\u00dfen Sie eine h\u00f6here Zuverl\u00e4ssigkeit Maschinen zur Herstellung von Abgassystemen f\u00fcr PKW Obwohl diese Branche eine der striktesten und anspruchsvollsten hinsichtlich technologischer Innovationen und angeforderter Produktionsleistung schlechthin ist, tut TTEngineering seit Jahren sein Bestes, um Maschinen mit Lasertechnologie zum Schwei\u00dfen und Schneiden zur Herstellung von Abgassystemen f\u00fcr PKW anzubieten. Es [&hellip;]\" \/>\n<meta property=\"og:url\" content=\"https:\/\/www.ttengineering.it\/de\/maschinen-zur-herstellung-von-abgassystemen-fuer-pkw\/\" \/>\n<meta property=\"og:site_name\" content=\"TTEngineering - Advanced Solutions for Automation\" \/>\n<meta property=\"article:modified_time\" content=\"2025-06-18T09:44:51+00:00\" \/>\n<meta property=\"og:image\" content=\"https:\/\/www.ttengineering.it\/wp-content\/uploads\/2025\/06\/macchine-per-produrre-catalizzatori-per-auto-CATALIZZATORE-e1593685439779.jpg\" \/>\n\t<meta property=\"og:image:width\" content=\"400\" \/>\n\t<meta property=\"og:image:height\" content=\"533\" \/>\n\t<meta property=\"og:image:type\" content=\"image\/jpeg\" \/>\n<meta name=\"twitter:card\" content=\"summary_large_image\" \/>\n<meta name=\"twitter:label1\" content=\"Gesch\u00e4tzte Lesezeit\" \/>\n\t<meta name=\"twitter:data1\" content=\"1\u00a0Minute\" \/>\n<script type=\"application\/ld+json\" class=\"yoast-schema-graph\">{\"@context\":\"https:\/\/schema.org\",\"@graph\":[{\"@type\":\"WebPage\",\"@id\":\"https:\/\/www.ttengineering.it\/de\/maschinen-zur-herstellung-von-abgassystemen-fuer-pkw\/\",\"url\":\"https:\/\/www.ttengineering.it\/de\/maschinen-zur-herstellung-von-abgassystemen-fuer-pkw\/\",\"name\":\"Automotive - TTEngineering - Advanced Solutions for Automation\",\"isPartOf\":{\"@id\":\"https:\/\/www.ttengineering.it\/de\/#website\"},\"primaryImageOfPage\":{\"@id\":\"https:\/\/www.ttengineering.it\/de\/maschinen-zur-herstellung-von-abgassystemen-fuer-pkw\/#primaryimage\"},\"image\":{\"@id\":\"https:\/\/www.ttengineering.it\/de\/maschinen-zur-herstellung-von-abgassystemen-fuer-pkw\/#primaryimage\"},\"thumbnailUrl\":\"https:\/\/www.ttengineering.it\/wp-content\/uploads\/2025\/06\/macchine-per-produrre-catalizzatori-per-auto-CATALIZZATORE-e1593685439779.jpg\",\"datePublished\":\"2025-05-27T13:00:46+00:00\",\"dateModified\":\"2025-06-18T09:44:51+00:00\",\"breadcrumb\":{\"@id\":\"https:\/\/www.ttengineering.it\/de\/maschinen-zur-herstellung-von-abgassystemen-fuer-pkw\/#breadcrumb\"},\"inLanguage\":\"de\",\"potentialAction\":[{\"@type\":\"ReadAction\",\"target\":[\"https:\/\/www.ttengineering.it\/de\/maschinen-zur-herstellung-von-abgassystemen-fuer-pkw\/\"]}]},{\"@type\":\"ImageObject\",\"inLanguage\":\"de\",\"@id\":\"https:\/\/www.ttengineering.it\/de\/maschinen-zur-herstellung-von-abgassystemen-fuer-pkw\/#primaryimage\",\"url\":\"https:\/\/www.ttengineering.it\/wp-content\/uploads\/2025\/06\/macchine-per-produrre-catalizzatori-per-auto-CATALIZZATORE-e1593685439779.jpg\",\"contentUrl\":\"https:\/\/www.ttengineering.it\/wp-content\/uploads\/2025\/06\/macchine-per-produrre-catalizzatori-per-auto-CATALIZZATORE-e1593685439779.jpg\"},{\"@type\":\"BreadcrumbList\",\"@id\":\"https:\/\/www.ttengineering.it\/de\/maschinen-zur-herstellung-von-abgassystemen-fuer-pkw\/#breadcrumb\",\"itemListElement\":[{\"@type\":\"ListItem\",\"position\":1,\"name\":\"Home\",\"item\":\"https:\/\/www.ttengineering.it\/de\/\"},{\"@type\":\"ListItem\",\"position\":2,\"name\":\"Automotive\"}]},{\"@type\":\"WebSite\",\"@id\":\"https:\/\/www.ttengineering.it\/de\/#website\",\"url\":\"https:\/\/www.ttengineering.it\/de\/\",\"name\":\"TTEngineering - Advanced Solutions for Automation\",\"description\":\"TTEngineering - Advanced Solutions for Automation\",\"publisher\":{\"@id\":\"https:\/\/www.ttengineering.it\/de\/#organization\"},\"alternateName\":\"TTEngineering - Advanced Solutions for Automation\",\"potentialAction\":[{\"@type\":\"SearchAction\",\"target\":{\"@type\":\"EntryPoint\",\"urlTemplate\":\"https:\/\/www.ttengineering.it\/de\/?s={search_term_string}\"},\"query-input\":{\"@type\":\"PropertyValueSpecification\",\"valueRequired\":true,\"valueName\":\"search_term_string\"}}],\"inLanguage\":\"de\"},{\"@type\":\"Organization\",\"@id\":\"https:\/\/www.ttengineering.it\/de\/#organization\",\"name\":\"TTEngineering - Advanced Solutions for Automation\",\"alternateName\":\"TTEngineering - Advanced Solutions for Automation\",\"url\":\"https:\/\/www.ttengineering.it\/de\/\",\"logo\":{\"@type\":\"ImageObject\",\"inLanguage\":\"de\",\"@id\":\"https:\/\/www.ttengineering.it\/de\/#\/schema\/logo\/image\/\",\"url\":\"https:\/\/www.ttengineering.it\/wp-content\/uploads\/2025\/05\/favicon.png\",\"contentUrl\":\"https:\/\/www.ttengineering.it\/wp-content\/uploads\/2025\/05\/favicon.png\",\"width\":512,\"height\":512,\"caption\":\"TTEngineering - Advanced Solutions for Automation\"},\"image\":{\"@id\":\"https:\/\/www.ttengineering.it\/de\/#\/schema\/logo\/image\/\"}}]}<\/script>\n<!-- \/ Yoast SEO plugin. -->","yoast_head_json":{"title":"Automotive - TTEngineering - Advanced Solutions for Automation","robots":{"index":"index","follow":"follow","max-snippet":"max-snippet:-1","max-image-preview":"max-image-preview:large","max-video-preview":"max-video-preview:-1"},"canonical":"https:\/\/www.ttengineering.it\/de\/maschinen-zur-herstellung-von-abgassystemen-fuer-pkw\/","og_locale":"de_DE","og_type":"article","og_title":"Automotive - TTEngineering - Advanced Solutions for Automation","og_description":"TTENGINEERING &#8211; Dank unserer Innovation genie\u00dfen Sie eine h\u00f6here Zuverl\u00e4ssigkeit Maschinen zur Herstellung von Abgassystemen f\u00fcr PKW Obwohl diese Branche eine der striktesten und anspruchsvollsten hinsichtlich technologischer Innovationen und angeforderter Produktionsleistung schlechthin ist, tut TTEngineering seit Jahren sein Bestes, um Maschinen mit Lasertechnologie zum Schwei\u00dfen und Schneiden zur Herstellung von Abgassystemen f\u00fcr PKW anzubieten. Es [&hellip;]","og_url":"https:\/\/www.ttengineering.it\/de\/maschinen-zur-herstellung-von-abgassystemen-fuer-pkw\/","og_site_name":"TTEngineering - Advanced Solutions for Automation","article_modified_time":"2025-06-18T09:44:51+00:00","og_image":[{"width":400,"height":533,"url":"https:\/\/www.ttengineering.it\/wp-content\/uploads\/2025\/06\/macchine-per-produrre-catalizzatori-per-auto-CATALIZZATORE-e1593685439779.jpg","type":"image\/jpeg"}],"twitter_card":"summary_large_image","twitter_misc":{"Gesch\u00e4tzte Lesezeit":"1\u00a0Minute"},"schema":{"@context":"https:\/\/schema.org","@graph":[{"@type":"WebPage","@id":"https:\/\/www.ttengineering.it\/de\/maschinen-zur-herstellung-von-abgassystemen-fuer-pkw\/","url":"https:\/\/www.ttengineering.it\/de\/maschinen-zur-herstellung-von-abgassystemen-fuer-pkw\/","name":"Automotive - TTEngineering - Advanced Solutions for Automation","isPartOf":{"@id":"https:\/\/www.ttengineering.it\/de\/#website"},"primaryImageOfPage":{"@id":"https:\/\/www.ttengineering.it\/de\/maschinen-zur-herstellung-von-abgassystemen-fuer-pkw\/#primaryimage"},"image":{"@id":"https:\/\/www.ttengineering.it\/de\/maschinen-zur-herstellung-von-abgassystemen-fuer-pkw\/#primaryimage"},"thumbnailUrl":"https:\/\/www.ttengineering.it\/wp-content\/uploads\/2025\/06\/macchine-per-produrre-catalizzatori-per-auto-CATALIZZATORE-e1593685439779.jpg","datePublished":"2025-05-27T13:00:46+00:00","dateModified":"2025-06-18T09:44:51+00:00","breadcrumb":{"@id":"https:\/\/www.ttengineering.it\/de\/maschinen-zur-herstellung-von-abgassystemen-fuer-pkw\/#breadcrumb"},"inLanguage":"de","potentialAction":[{"@type":"ReadAction","target":["https:\/\/www.ttengineering.it\/de\/maschinen-zur-herstellung-von-abgassystemen-fuer-pkw\/"]}]},{"@type":"ImageObject","inLanguage":"de","@id":"https:\/\/www.ttengineering.it\/de\/maschinen-zur-herstellung-von-abgassystemen-fuer-pkw\/#primaryimage","url":"https:\/\/www.ttengineering.it\/wp-content\/uploads\/2025\/06\/macchine-per-produrre-catalizzatori-per-auto-CATALIZZATORE-e1593685439779.jpg","contentUrl":"https:\/\/www.ttengineering.it\/wp-content\/uploads\/2025\/06\/macchine-per-produrre-catalizzatori-per-auto-CATALIZZATORE-e1593685439779.jpg"},{"@type":"BreadcrumbList","@id":"https:\/\/www.ttengineering.it\/de\/maschinen-zur-herstellung-von-abgassystemen-fuer-pkw\/#breadcrumb","itemListElement":[{"@type":"ListItem","position":1,"name":"Home","item":"https:\/\/www.ttengineering.it\/de\/"},{"@type":"ListItem","position":2,"name":"Automotive"}]},{"@type":"WebSite","@id":"https:\/\/www.ttengineering.it\/de\/#website","url":"https:\/\/www.ttengineering.it\/de\/","name":"TTEngineering - Advanced Solutions for Automation","description":"TTEngineering - Advanced Solutions for Automation","publisher":{"@id":"https:\/\/www.ttengineering.it\/de\/#organization"},"alternateName":"TTEngineering - Advanced Solutions for Automation","potentialAction":[{"@type":"SearchAction","target":{"@type":"EntryPoint","urlTemplate":"https:\/\/www.ttengineering.it\/de\/?s={search_term_string}"},"query-input":{"@type":"PropertyValueSpecification","valueRequired":true,"valueName":"search_term_string"}}],"inLanguage":"de"},{"@type":"Organization","@id":"https:\/\/www.ttengineering.it\/de\/#organization","name":"TTEngineering - Advanced Solutions for Automation","alternateName":"TTEngineering - Advanced Solutions for Automation","url":"https:\/\/www.ttengineering.it\/de\/","logo":{"@type":"ImageObject","inLanguage":"de","@id":"https:\/\/www.ttengineering.it\/de\/#\/schema\/logo\/image\/","url":"https:\/\/www.ttengineering.it\/wp-content\/uploads\/2025\/05\/favicon.png","contentUrl":"https:\/\/www.ttengineering.it\/wp-content\/uploads\/2025\/05\/favicon.png","width":512,"height":512,"caption":"TTEngineering - Advanced Solutions for Automation"},"image":{"@id":"https:\/\/www.ttengineering.it\/de\/#\/schema\/logo\/image\/"}}]}},"_links":{"self":[{"href":"https:\/\/www.ttengineering.it\/de\/wp-json\/wp\/v2\/pages\/1535","targetHints":{"allow":["GET"]}}],"collection":[{"href":"https:\/\/www.ttengineering.it\/de\/wp-json\/wp\/v2\/pages"}],"about":[{"href":"https:\/\/www.ttengineering.it\/de\/wp-json\/wp\/v2\/types\/page"}],"author":[{"embeddable":true,"href":"https:\/\/www.ttengineering.it\/de\/wp-json\/wp\/v2\/users\/1"}],"replies":[{"embeddable":true,"href":"https:\/\/www.ttengineering.it\/de\/wp-json\/wp\/v2\/comments?post=1535"}],"version-history":[{"count":5,"href":"https:\/\/www.ttengineering.it\/de\/wp-json\/wp\/v2\/pages\/1535\/revisions"}],"predecessor-version":[{"id":1812,"href":"https:\/\/www.ttengineering.it\/de\/wp-json\/wp\/v2\/pages\/1535\/revisions\/1812"}],"wp:attachment":[{"href":"https:\/\/www.ttengineering.it\/de\/wp-json\/wp\/v2\/media?parent=1535"}],"curies":[{"name":"wp","href":"https:\/\/api.w.org\/{rel}","templated":true}]}}