{"id":1533,"date":"2025-05-27T15:00:34","date_gmt":"2025-05-27T13:00:34","guid":{"rendered":"https:\/\/www.ttengineering.it\/maschinen-zur-herstellung-von-lueftungsrohren\/"},"modified":"2025-06-18T12:10:37","modified_gmt":"2025-06-18T10:10:37","slug":"maschinen-zur-herstellung-von-lueftungsrohren","status":"publish","type":"page","link":"https:\/\/www.ttengineering.it\/de\/maschinen-zur-herstellung-von-lueftungsrohren\/","title":{"rendered":"Maschinen zur Herstellung von L\u00fcftungsrohren"},"content":{"rendered":"\t\t<div data-elementor-type=\"wp-page\" data-elementor-id=\"1533\" class=\"elementor elementor-1533 elementor-18\" data-elementor-post-type=\"page\">\n\t\t\t\t<div class=\"elementor-element elementor-element-f59b31d e-con-full e-flex e-con e-parent\" data-id=\"f59b31d\" data-element_type=\"container\">\n\t\t<div class=\"elementor-element elementor-element-801f68e e-con-full e-flex e-con e-child\" data-id=\"801f68e\" data-element_type=\"container\">\n\t\t\t\t<div class=\"elementor-element elementor-element-19a8c2d animated-fast elementor-invisible elementor-widget elementor-widget-heading\" data-id=\"19a8c2d\" data-element_type=\"widget\" data-settings=\"{&quot;_animation&quot;:&quot;slideInUp&quot;}\" data-widget_type=\"heading.default\">\n\t\t\t\t<div class=\"elementor-widget-container\">\n\t\t\t\t\t<h2 class=\"elementor-heading-title elementor-size-default\">TTE<span style=\"color: #0D0D0E\">NGINEERING<\/span> - Dank unserer Erfahrung genie\u00dfen Sie eine h\u00f6here Produktionseffizienz<\/h2>\t\t\t\t<\/div>\n\t\t\t\t<\/div>\n\t\t\t\t<div class=\"elementor-element elementor-element-e9c2f6e animated-fast elementor-invisible elementor-widget elementor-widget-heading\" data-id=\"e9c2f6e\" data-element_type=\"widget\" data-settings=\"{&quot;_animation&quot;:&quot;slideInUp&quot;,&quot;_animation_delay&quot;:100}\" data-widget_type=\"heading.default\">\n\t\t\t\t<div class=\"elementor-widget-container\">\n\t\t\t\t\t<h2 class=\"elementor-heading-title elementor-size-default\">Maschinen zur Herstellung von L\u00fcftungsrohren<\/h2>\t\t\t\t<\/div>\n\t\t\t\t<\/div>\n\t\t\t\t<div class=\"elementor-element elementor-element-f9672e1 elementor-widget__width-initial animated-fast elementor-invisible elementor-widget elementor-widget-text-editor\" data-id=\"f9672e1\" data-element_type=\"widget\" data-settings=\"{&quot;_animation&quot;:&quot;slideInUp&quot;,&quot;_animation_delay&quot;:200}\" data-widget_type=\"text-editor.default\">\n\t\t\t\t<div class=\"elementor-widget-container\">\n\t\t\t\t\t\t\t\t\t<p>Auch im Bereich Heizung und Entl\u00fcftung hat TTEngineering gr\u00fcndliche und vielseitige Kenntnisse \u00fcber die <strong>Maschinen zur Herstellung von L\u00fcftungsrohren.<\/strong><\/p><p>Dank unseren Kenntnissen \u00fcber technische Tendenzen und spezifische Produktionsprobleme k\u00f6nnen wir eine Vielzahl von automatischen und nichtautomatischen Maschinen und Systemen entwickeln und anbieten, mit denen die Kundschaft verschiedene Rohrerzeugnissen herstellen kann. <\/p>\t\t\t\t\t\t\t\t<\/div>\n\t\t\t\t<\/div>\n\t\t\t\t<\/div>\n\t\t<div class=\"elementor-element elementor-element-65f7a0e e-con-full e-flex e-con e-child\" data-id=\"65f7a0e\" data-element_type=\"container\" data-settings=\"{&quot;background_background&quot;:&quot;classic&quot;}\">\n\t\t\t\t<\/div>\n\t\t\t\t<\/div>\n\t\t<div class=\"elementor-element elementor-element-ea36ba9 e-con-full e-flex e-con e-parent\" data-id=\"ea36ba9\" data-element_type=\"container\" data-settings=\"{&quot;background_background&quot;:&quot;classic&quot;}\">\n\t\t<div class=\"elementor-element elementor-element-585d1f7 e-con-full e-flex e-con e-child\" data-id=\"585d1f7\" data-element_type=\"container\" data-settings=\"{&quot;background_background&quot;:&quot;classic&quot;}\">\n\t\t\t\t<\/div>\n\t\t<div class=\"elementor-element elementor-element-119deb4 e-con-full e-flex e-con e-child\" data-id=\"119deb4\" data-element_type=\"container\" data-settings=\"{&quot;background_background&quot;:&quot;classic&quot;}\">\n\t\t\t\t<div class=\"elementor-element elementor-element-02a49a9 animated-fast elementor-invisible elementor-widget elementor-widget-heading\" data-id=\"02a49a9\" data-element_type=\"widget\" data-settings=\"{&quot;_animation&quot;:&quot;slideInUp&quot;}\" data-widget_type=\"heading.default\">\n\t\t\t\t<div class=\"elementor-widget-container\">\n\t\t\t\t\t<h2 class=\"elementor-heading-title elementor-size-default\">TTE<span style=\"color: #0D0D0E\">NGINEERING<\/span><\/h2>\t\t\t\t<\/div>\n\t\t\t\t<\/div>\n\t\t\t\t<div class=\"elementor-element elementor-element-d8c1a59 elementor-widget__width-initial animated-fast elementor-invisible elementor-widget elementor-widget-text-editor\" data-id=\"d8c1a59\" data-element_type=\"widget\" data-settings=\"{&quot;_animation&quot;:&quot;slideInUp&quot;,&quot;_animation_delay&quot;:200}\" data-widget_type=\"text-editor.default\">\n\t\t\t\t<div class=\"elementor-widget-container\">\n\t\t\t\t\t\t\t\t\t<p>Automation mit den Systemen &#8222;full und dark factory\u201c<\/p>\t\t\t\t\t\t\t\t<\/div>\n\t\t\t\t<\/div>\n\t\t\t\t<div class=\"elementor-element elementor-element-fe23704 elementor-widget__width-initial animated-fast elementor-invisible elementor-widget elementor-widget-text-editor\" data-id=\"fe23704\" data-element_type=\"widget\" data-settings=\"{&quot;_animation&quot;:&quot;slideInUp&quot;,&quot;_animation_delay&quot;:200}\" data-widget_type=\"text-editor.default\">\n\t\t\t\t<div class=\"elementor-widget-container\">\n\t\t\t\t\t\t\t\t\t<p>Wir bieten halbautomatischen und automatischen Systemen mit einer gro\u00dfen Vorliebe f\u00fcr die sogenannten Anlagen \u201eFull\u201d und \u201eDark Factory\u201c.<\/p>\t\t\t\t\t\t\t\t<\/div>\n\t\t\t\t<\/div>\n\t\t\t\t<div class=\"elementor-element elementor-element-2d18da8 elementor-widget__width-initial animated-fast elementor-invisible elementor-widget elementor-widget-text-editor\" data-id=\"2d18da8\" data-element_type=\"widget\" data-settings=\"{&quot;_animation&quot;:&quot;slideInUp&quot;,&quot;_animation_delay&quot;:200}\" data-widget_type=\"text-editor.default\">\n\t\t\t\t<div class=\"elementor-widget-container\">\n\t\t\t\t\t\t\t\t\t<p>Unsere F\u00e4higkeit besteht darin, leistungsf\u00e4higere und flexiblere Systeme zu entwickeln, um den steigenden Bedarf an verschiedenen Produktionsmixen, qualitativem Reproduktionspotential und Verringerung der St\u00fcckkosten zu begegnen.<\/p><p>Mit dem Austausch von Know-how und von den besten technologischen L\u00f6sungen im Bereich der <a href=\"https:\/\/www.ttengineering.it\/de\/anlagen-zur-herstellung-von-kaminrohren\/\">Kaminrohren<\/a> k\u00f6nnen wir unseren Kunden st\u00e4ndige Innovation und Zuverl\u00e4ssigkeit bieten.<\/p>\t\t\t\t\t\t\t\t<\/div>\n\t\t\t\t<\/div>\n\t\t<div class=\"elementor-element elementor-element-710b100 e-con-full e-flex e-con e-child\" data-id=\"710b100\" data-element_type=\"container\">\n\t\t\t\t<div class=\"elementor-element elementor-element-48744aa elementor-align-justify elementor-widget__width-initial animated-fast elementor-invisible elementor-widget elementor-widget-button\" data-id=\"48744aa\" data-element_type=\"widget\" data-settings=\"{&quot;_animation&quot;:&quot;slideInRight&quot;,&quot;_animation_delay&quot;:500}\" data-widget_type=\"button.default\">\n\t\t\t\t<div class=\"elementor-widget-container\">\n\t\t\t\t\t\t\t\t\t<div class=\"elementor-button-wrapper\">\n\t\t\t\t\t<a class=\"elementor-button elementor-button-link elementor-size-sm\" href=\"https:\/\/www.ttengineering.it\/de\/kontakte\/\">\n\t\t\t\t\t\t<span class=\"elementor-button-content-wrapper\">\n\t\t\t\t\t\t\t\t\t<span class=\"elementor-button-text\">KONTAKTIEREN SIE UNS<\/span>\n\t\t\t\t\t<\/span>\n\t\t\t\t\t<\/a>\n\t\t\t\t<\/div>\n\t\t\t\t\t\t\t\t<\/div>\n\t\t\t\t<\/div>\n\t\t\t\t<\/div>\n\t\t\t\t<\/div>\n\t\t\t\t<\/div>\n\t\t\t\t<\/div>\n\t\t","protected":false},"excerpt":{"rendered":"<p>TTENGINEERING &#8211; Dank unserer Erfahrung genie\u00dfen Sie eine h\u00f6here Produktionseffizienz Maschinen zur Herstellung von L\u00fcftungsrohren Auch im Bereich Heizung und Entl\u00fcftung hat TTEngineering gr\u00fcndliche und vielseitige Kenntnisse \u00fcber die Maschinen zur Herstellung von L\u00fcftungsrohren. Dank unseren Kenntnissen \u00fcber technische Tendenzen und spezifische Produktionsprobleme k\u00f6nnen wir eine Vielzahl von automatischen und nichtautomatischen Maschinen und Systemen entwickeln [&hellip;]<\/p>\n","protected":false},"author":1,"featured_media":0,"parent":0,"menu_order":0,"comment_status":"closed","ping_status":"closed","template":"","meta":{"footnotes":""},"class_list":["post-1533","page","type-page","status-publish","hentry"],"yoast_head":"<!-- This site is optimized with the Yoast SEO plugin v25.4 - https:\/\/yoast.com\/wordpress\/plugins\/seo\/ -->\n<title>Maschinen zur Herstellung von L\u00fcftungsrohren - TTEngineering - Advanced Solutions for Automation<\/title>\n<meta name=\"robots\" content=\"index, follow, max-snippet:-1, max-image-preview:large, max-video-preview:-1\" \/>\n<link rel=\"canonical\" href=\"https:\/\/www.ttengineering.it\/de\/maschinen-zur-herstellung-von-lueftungsrohren\/\" \/>\n<meta property=\"og:locale\" content=\"de_DE\" \/>\n<meta property=\"og:type\" content=\"article\" \/>\n<meta property=\"og:title\" content=\"Maschinen zur Herstellung von L\u00fcftungsrohren - TTEngineering - Advanced Solutions for Automation\" \/>\n<meta property=\"og:description\" content=\"TTENGINEERING &#8211; Dank unserer Erfahrung genie\u00dfen Sie eine h\u00f6here Produktionseffizienz Maschinen zur Herstellung von L\u00fcftungsrohren Auch im Bereich Heizung und Entl\u00fcftung hat TTEngineering gr\u00fcndliche und vielseitige Kenntnisse \u00fcber die Maschinen zur Herstellung von L\u00fcftungsrohren. Dank unseren Kenntnissen \u00fcber technische Tendenzen und spezifische Produktionsprobleme k\u00f6nnen wir eine Vielzahl von automatischen und nichtautomatischen Maschinen und Systemen entwickeln [&hellip;]\" \/>\n<meta property=\"og:url\" content=\"https:\/\/www.ttengineering.it\/de\/maschinen-zur-herstellung-von-lueftungsrohren\/\" \/>\n<meta property=\"og:site_name\" content=\"TTEngineering - Advanced Solutions for Automation\" \/>\n<meta property=\"article:modified_time\" content=\"2025-06-18T10:10:37+00:00\" \/>\n<meta property=\"og:image\" content=\"https:\/\/www.ttengineering.it\/wp-content\/uploads\/2025\/05\/favicon.png\" \/>\n\t<meta property=\"og:image:width\" content=\"512\" \/>\n\t<meta property=\"og:image:height\" content=\"512\" \/>\n\t<meta property=\"og:image:type\" content=\"image\/png\" \/>\n<meta name=\"twitter:card\" content=\"summary_large_image\" \/>\n<meta name=\"twitter:label1\" content=\"Gesch\u00e4tzte Lesezeit\" \/>\n\t<meta name=\"twitter:data1\" content=\"1\u00a0Minute\" \/>\n<script type=\"application\/ld+json\" class=\"yoast-schema-graph\">{\"@context\":\"https:\/\/schema.org\",\"@graph\":[{\"@type\":\"WebPage\",\"@id\":\"https:\/\/www.ttengineering.it\/de\/maschinen-zur-herstellung-von-lueftungsrohren\/\",\"url\":\"https:\/\/www.ttengineering.it\/de\/maschinen-zur-herstellung-von-lueftungsrohren\/\",\"name\":\"Maschinen zur Herstellung von L\u00fcftungsrohren - TTEngineering - Advanced Solutions for Automation\",\"isPartOf\":{\"@id\":\"https:\/\/www.ttengineering.it\/de\/#website\"},\"datePublished\":\"2025-05-27T13:00:34+00:00\",\"dateModified\":\"2025-06-18T10:10:37+00:00\",\"breadcrumb\":{\"@id\":\"https:\/\/www.ttengineering.it\/de\/maschinen-zur-herstellung-von-lueftungsrohren\/#breadcrumb\"},\"inLanguage\":\"de\",\"potentialAction\":[{\"@type\":\"ReadAction\",\"target\":[\"https:\/\/www.ttengineering.it\/de\/maschinen-zur-herstellung-von-lueftungsrohren\/\"]}]},{\"@type\":\"BreadcrumbList\",\"@id\":\"https:\/\/www.ttengineering.it\/de\/maschinen-zur-herstellung-von-lueftungsrohren\/#breadcrumb\",\"itemListElement\":[{\"@type\":\"ListItem\",\"position\":1,\"name\":\"Home\",\"item\":\"https:\/\/www.ttengineering.it\/de\/\"},{\"@type\":\"ListItem\",\"position\":2,\"name\":\"Maschinen zur Herstellung von L\u00fcftungsrohren\"}]},{\"@type\":\"WebSite\",\"@id\":\"https:\/\/www.ttengineering.it\/de\/#website\",\"url\":\"https:\/\/www.ttengineering.it\/de\/\",\"name\":\"TTEngineering - Advanced Solutions for Automation\",\"description\":\"TTEngineering - Advanced Solutions for Automation\",\"publisher\":{\"@id\":\"https:\/\/www.ttengineering.it\/de\/#organization\"},\"alternateName\":\"TTEngineering - Advanced Solutions for Automation\",\"potentialAction\":[{\"@type\":\"SearchAction\",\"target\":{\"@type\":\"EntryPoint\",\"urlTemplate\":\"https:\/\/www.ttengineering.it\/de\/?s={search_term_string}\"},\"query-input\":{\"@type\":\"PropertyValueSpecification\",\"valueRequired\":true,\"valueName\":\"search_term_string\"}}],\"inLanguage\":\"de\"},{\"@type\":\"Organization\",\"@id\":\"https:\/\/www.ttengineering.it\/de\/#organization\",\"name\":\"TTEngineering - Advanced Solutions for Automation\",\"alternateName\":\"TTEngineering - Advanced Solutions for Automation\",\"url\":\"https:\/\/www.ttengineering.it\/de\/\",\"logo\":{\"@type\":\"ImageObject\",\"inLanguage\":\"de\",\"@id\":\"https:\/\/www.ttengineering.it\/de\/#\/schema\/logo\/image\/\",\"url\":\"https:\/\/www.ttengineering.it\/wp-content\/uploads\/2025\/05\/favicon.png\",\"contentUrl\":\"https:\/\/www.ttengineering.it\/wp-content\/uploads\/2025\/05\/favicon.png\",\"width\":512,\"height\":512,\"caption\":\"TTEngineering - Advanced Solutions for Automation\"},\"image\":{\"@id\":\"https:\/\/www.ttengineering.it\/de\/#\/schema\/logo\/image\/\"}}]}<\/script>\n<!-- \/ Yoast SEO plugin. -->","yoast_head_json":{"title":"Maschinen zur Herstellung von L\u00fcftungsrohren - TTEngineering - Advanced Solutions for Automation","robots":{"index":"index","follow":"follow","max-snippet":"max-snippet:-1","max-image-preview":"max-image-preview:large","max-video-preview":"max-video-preview:-1"},"canonical":"https:\/\/www.ttengineering.it\/de\/maschinen-zur-herstellung-von-lueftungsrohren\/","og_locale":"de_DE","og_type":"article","og_title":"Maschinen zur Herstellung von L\u00fcftungsrohren - TTEngineering - Advanced Solutions for Automation","og_description":"TTENGINEERING &#8211; Dank unserer Erfahrung genie\u00dfen Sie eine h\u00f6here Produktionseffizienz Maschinen zur Herstellung von L\u00fcftungsrohren Auch im Bereich Heizung und Entl\u00fcftung hat TTEngineering gr\u00fcndliche und vielseitige Kenntnisse \u00fcber die Maschinen zur Herstellung von L\u00fcftungsrohren. Dank unseren Kenntnissen \u00fcber technische Tendenzen und spezifische Produktionsprobleme k\u00f6nnen wir eine Vielzahl von automatischen und nichtautomatischen Maschinen und Systemen entwickeln [&hellip;]","og_url":"https:\/\/www.ttengineering.it\/de\/maschinen-zur-herstellung-von-lueftungsrohren\/","og_site_name":"TTEngineering - Advanced Solutions for Automation","article_modified_time":"2025-06-18T10:10:37+00:00","og_image":[{"width":512,"height":512,"url":"https:\/\/www.ttengineering.it\/wp-content\/uploads\/2025\/05\/favicon.png","type":"image\/png"}],"twitter_card":"summary_large_image","twitter_misc":{"Gesch\u00e4tzte Lesezeit":"1\u00a0Minute"},"schema":{"@context":"https:\/\/schema.org","@graph":[{"@type":"WebPage","@id":"https:\/\/www.ttengineering.it\/de\/maschinen-zur-herstellung-von-lueftungsrohren\/","url":"https:\/\/www.ttengineering.it\/de\/maschinen-zur-herstellung-von-lueftungsrohren\/","name":"Maschinen zur Herstellung von L\u00fcftungsrohren - TTEngineering - Advanced Solutions for Automation","isPartOf":{"@id":"https:\/\/www.ttengineering.it\/de\/#website"},"datePublished":"2025-05-27T13:00:34+00:00","dateModified":"2025-06-18T10:10:37+00:00","breadcrumb":{"@id":"https:\/\/www.ttengineering.it\/de\/maschinen-zur-herstellung-von-lueftungsrohren\/#breadcrumb"},"inLanguage":"de","potentialAction":[{"@type":"ReadAction","target":["https:\/\/www.ttengineering.it\/de\/maschinen-zur-herstellung-von-lueftungsrohren\/"]}]},{"@type":"BreadcrumbList","@id":"https:\/\/www.ttengineering.it\/de\/maschinen-zur-herstellung-von-lueftungsrohren\/#breadcrumb","itemListElement":[{"@type":"ListItem","position":1,"name":"Home","item":"https:\/\/www.ttengineering.it\/de\/"},{"@type":"ListItem","position":2,"name":"Maschinen zur Herstellung von L\u00fcftungsrohren"}]},{"@type":"WebSite","@id":"https:\/\/www.ttengineering.it\/de\/#website","url":"https:\/\/www.ttengineering.it\/de\/","name":"TTEngineering - Advanced Solutions for Automation","description":"TTEngineering - Advanced Solutions for Automation","publisher":{"@id":"https:\/\/www.ttengineering.it\/de\/#organization"},"alternateName":"TTEngineering - Advanced Solutions for Automation","potentialAction":[{"@type":"SearchAction","target":{"@type":"EntryPoint","urlTemplate":"https:\/\/www.ttengineering.it\/de\/?s={search_term_string}"},"query-input":{"@type":"PropertyValueSpecification","valueRequired":true,"valueName":"search_term_string"}}],"inLanguage":"de"},{"@type":"Organization","@id":"https:\/\/www.ttengineering.it\/de\/#organization","name":"TTEngineering - Advanced Solutions for Automation","alternateName":"TTEngineering - Advanced Solutions for Automation","url":"https:\/\/www.ttengineering.it\/de\/","logo":{"@type":"ImageObject","inLanguage":"de","@id":"https:\/\/www.ttengineering.it\/de\/#\/schema\/logo\/image\/","url":"https:\/\/www.ttengineering.it\/wp-content\/uploads\/2025\/05\/favicon.png","contentUrl":"https:\/\/www.ttengineering.it\/wp-content\/uploads\/2025\/05\/favicon.png","width":512,"height":512,"caption":"TTEngineering - Advanced Solutions for Automation"},"image":{"@id":"https:\/\/www.ttengineering.it\/de\/#\/schema\/logo\/image\/"}}]}},"_links":{"self":[{"href":"https:\/\/www.ttengineering.it\/de\/wp-json\/wp\/v2\/pages\/1533","targetHints":{"allow":["GET"]}}],"collection":[{"href":"https:\/\/www.ttengineering.it\/de\/wp-json\/wp\/v2\/pages"}],"about":[{"href":"https:\/\/www.ttengineering.it\/de\/wp-json\/wp\/v2\/types\/page"}],"author":[{"embeddable":true,"href":"https:\/\/www.ttengineering.it\/de\/wp-json\/wp\/v2\/users\/1"}],"replies":[{"embeddable":true,"href":"https:\/\/www.ttengineering.it\/de\/wp-json\/wp\/v2\/comments?post=1533"}],"version-history":[{"count":4,"href":"https:\/\/www.ttengineering.it\/de\/wp-json\/wp\/v2\/pages\/1533\/revisions"}],"predecessor-version":[{"id":1844,"href":"https:\/\/www.ttengineering.it\/de\/wp-json\/wp\/v2\/pages\/1533\/revisions\/1844"}],"wp:attachment":[{"href":"https:\/\/www.ttengineering.it\/de\/wp-json\/wp\/v2\/media?parent=1533"}],"curies":[{"name":"wp","href":"https:\/\/api.w.org\/{rel}","templated":true}]}}