{"id":1523,"date":"2025-05-27T15:07:37","date_gmt":"2025-05-27T13:07:37","guid":{"rendered":"https:\/\/www.ttengineering.it\/wartungsantrag\/"},"modified":"2025-09-01T08:05:46","modified_gmt":"2025-09-01T06:05:46","slug":"wartungsantrag","status":"publish","type":"page","link":"https:\/\/www.ttengineering.it\/de\/wartungsantrag\/","title":{"rendered":"Wartungsantrag"},"content":{"rendered":"\t\t<div data-elementor-type=\"wp-page\" data-elementor-id=\"1523\" class=\"elementor elementor-1523 elementor-48\" data-elementor-post-type=\"page\">\n\t\t\t\t<div class=\"elementor-element elementor-element-65ae5db e-con-full e-flex e-con e-parent\" data-id=\"65ae5db\" data-element_type=\"container\" data-settings=\"{&quot;background_background&quot;:&quot;classic&quot;}\">\n\t\t<div class=\"elementor-element elementor-element-df4793b e-con-full e-flex e-con e-child\" data-id=\"df4793b\" data-element_type=\"container\" data-settings=\"{&quot;background_background&quot;:&quot;classic&quot;}\">\n\t\t\t\t<div class=\"elementor-element elementor-element-6881dfa animated-fast elementor-invisible elementor-widget elementor-widget-heading\" data-id=\"6881dfa\" data-element_type=\"widget\" data-settings=\"{&quot;_animation&quot;:&quot;slideInUp&quot;}\" data-widget_type=\"heading.default\">\n\t\t\t\t<div class=\"elementor-widget-container\">\n\t\t\t\t\t<h2 class=\"elementor-heading-title elementor-size-default\">TTE<span style=\"color: #FFFFFF\">NGINEERING<\/span> - Wartungsantrag<\/h2>\t\t\t\t<\/div>\n\t\t\t\t<\/div>\n\t\t\t\t<div class=\"elementor-element elementor-element-847a346 elementor-widget__width-initial animated-fast elementor-invisible elementor-widget elementor-widget-text-editor\" data-id=\"847a346\" data-element_type=\"widget\" data-settings=\"{&quot;_animation&quot;:&quot;slideInUp&quot;,&quot;_animation_delay&quot;:200}\" data-widget_type=\"text-editor.default\">\n\t\t\t\t<div class=\"elementor-widget-container\">\n\t\t\t\t\t\t\t\t\t<p class=\"p1\">Ben\u00f6tigen Sie technischen Support?<\/p>\t\t\t\t\t\t\t\t<\/div>\n\t\t\t\t<\/div>\n\t\t\t\t<div class=\"elementor-element elementor-element-3c20d3a elementor-widget__width-initial animated-fast elementor-invisible elementor-widget elementor-widget-text-editor\" data-id=\"3c20d3a\" data-element_type=\"widget\" data-settings=\"{&quot;_animation&quot;:&quot;slideInUp&quot;,&quot;_animation_delay&quot;:200}\" data-widget_type=\"text-editor.default\">\n\t\t\t\t<div class=\"elementor-widget-container\">\n\t\t\t\t\t\t\t\t\t<p class=\"p1\">F\u00fcllen Sie das Formular aus, um Unterst\u00fctzung zu unseren Systemen oder Maschinen zu erhalten. Unser technisches Team wird sich so schnell wie m\u00f6glich bei Ihnen melden. <\/p>\t\t\t\t\t\t\t\t<\/div>\n\t\t\t\t<\/div>\n\t\t\t\t<\/div>\n\t\t<div class=\"elementor-element elementor-element-3e41f50 e-con-full e-flex e-con e-child\" data-id=\"3e41f50\" data-element_type=\"container\" data-settings=\"{&quot;background_background&quot;:&quot;classic&quot;}\">\n\t\t<div class=\"elementor-element elementor-element-a0a4fd4 e-con-full e-flex e-con e-child\" data-id=\"a0a4fd4\" data-element_type=\"container\">\n\t\t\t\t<div class=\"elementor-element elementor-element-ba07084 elementor-button-align-stretch elementor-widget elementor-widget-form\" data-id=\"ba07084\" data-element_type=\"widget\" data-settings=\"{&quot;step_next_label&quot;:&quot;N\\u00e4chste&quot;,&quot;step_previous_label&quot;:&quot;Vorherige&quot;,&quot;step_icon_shape&quot;:&quot;rounded&quot;,&quot;button_width&quot;:&quot;100&quot;,&quot;step_type&quot;:&quot;number_text&quot;}\" data-widget_type=\"form.default\">\n\t\t\t\t<div class=\"elementor-widget-container\">\n\t\t\t\t\t\t\t<form class=\"elementor-form\" method=\"post\" name=\"Nuovo modulo\">\n\t\t\t<input type=\"hidden\" name=\"post_id\" value=\"1523\"\/>\n\t\t\t<input type=\"hidden\" name=\"form_id\" value=\"ba07084\"\/>\n\t\t\t<input type=\"hidden\" name=\"referer_title\" value=\"Wartungsantrag - TTEngineering - Advanced Solutions for Automation\" \/>\n\n\t\t\t\t\t\t\t<input type=\"hidden\" name=\"queried_id\" value=\"1523\"\/>\n\t\t\t\n\t\t\t<div class=\"elementor-form-fields-wrapper elementor-labels-above\">\n\t\t\t\t\t\t\t\t<div class=\"elementor-field-type-step elementor-field-group elementor-column elementor-field-group-field_143495a elementor-col-100\">\n\t\t\t\t\t\t\t<div class=\"e-field-step elementor-hidden\" data-label=\"Kundeninformationen\" data-previousButton=\"\" data-nextButton=\"N\u00e4chste\" data-iconUrl=\"\" data-iconLibrary=\"fas fa-star\" data-icon=\"&lt;svg class=&quot;e-font-icon-svg e-fas-star&quot; viewBox=&quot;0 0 576 512&quot; xmlns=&quot;http:\/\/www.w3.org\/2000\/svg&quot;&gt;&lt;path d=&quot;M259.3 17.8L194 150.2 47.9 171.5c-26.2 3.8-36.7 36.1-17.7 54.6l105.7 103-25 145.5c-4.5 26.3 23.2 46 46.4 33.7L288 439.6l130.7 68.7c23.2 12.2 50.9-7.4 46.4-33.7l-25-145.5 105.7-103c19-18.5 8.5-50.8-17.7-54.6L382 150.2 316.7 17.8c-11.7-23.6-45.6-23.9-57.4 0z&quot;&gt;&lt;\/path&gt;&lt;\/svg&gt;\" ><\/div>\n\n\t\t\t\t\t\t<\/div>\n\t\t\t\t\t\t\t\t<div class=\"elementor-field-type-text elementor-field-group elementor-column elementor-field-group-cliente elementor-col-100 elementor-field-required\">\n\t\t\t\t\t\t\t\t\t\t\t\t\t<input size=\"1\" type=\"text\" name=\"form_fields[cliente]\" id=\"form-field-cliente\" class=\"elementor-field elementor-size-sm  elementor-field-textual\" placeholder=\"Kunde\" required=\"required\">\n\t\t\t\t\t\t\t\t\t\t\t<\/div>\n\t\t\t\t\t\t\t\t<div class=\"elementor-field-type-text elementor-field-group elementor-column elementor-field-group-persona_di_riferimento elementor-col-100 elementor-field-required\">\n\t\t\t\t\t\t\t\t\t\t\t\t\t<input size=\"1\" type=\"text\" name=\"form_fields[persona_di_riferimento]\" id=\"form-field-persona_di_riferimento\" class=\"elementor-field elementor-size-sm  elementor-field-textual\" placeholder=\"Ansprechpartner\" required=\"required\">\n\t\t\t\t\t\t\t\t\t\t\t<\/div>\n\t\t\t\t\t\t\t\t<div class=\"elementor-field-type-email elementor-field-group elementor-column elementor-field-group-email elementor-col-100 elementor-field-required\">\n\t\t\t\t\t\t\t\t\t\t\t\t\t<input size=\"1\" type=\"email\" name=\"form_fields[email]\" id=\"form-field-email\" class=\"elementor-field elementor-size-sm  elementor-field-textual\" placeholder=\"Email\" required=\"required\">\n\t\t\t\t\t\t\t\t\t\t\t<\/div>\n\t\t\t\t\t\t\t\t<div class=\"elementor-field-type-tel elementor-field-group elementor-column elementor-field-group-telefono elementor-col-100 elementor-field-required\">\n\t\t\t\t\t\t\t<input size=\"1\" type=\"tel\" name=\"form_fields[telefono]\" id=\"form-field-telefono\" class=\"elementor-field elementor-size-sm  elementor-field-textual\" placeholder=\"Telefon\" required=\"required\" pattern=\"[0-9()#&amp;+*-=.]+\" title=\"Nur Nummern oder Telefon-Zeichen (#, -, *, etc) werden akzeptiert.\">\n\n\t\t\t\t\t\t<\/div>\n\t\t\t\t\t\t\t\t<div class=\"elementor-field-type-step elementor-field-group elementor-column elementor-field-group-dati_macchina elementor-col-100\">\n\t\t\t\t\t\t\t<div class=\"e-field-step elementor-hidden\" data-label=\"Maschinendaten\" data-previousButton=\"\" data-nextButton=\"N\u00e4chste\" data-iconUrl=\"\" data-iconLibrary=\"fas fa-star\" data-icon=\"&lt;svg class=&quot;e-font-icon-svg e-fas-star&quot; viewBox=&quot;0 0 576 512&quot; xmlns=&quot;http:\/\/www.w3.org\/2000\/svg&quot;&gt;&lt;path d=&quot;M259.3 17.8L194 150.2 47.9 171.5c-26.2 3.8-36.7 36.1-17.7 54.6l105.7 103-25 145.5c-4.5 26.3 23.2 46 46.4 33.7L288 439.6l130.7 68.7c23.2 12.2 50.9-7.4 46.4-33.7l-25-145.5 105.7-103c19-18.5 8.5-50.8-17.7-54.6L382 150.2 316.7 17.8c-11.7-23.6-45.6-23.9-57.4 0z&quot;&gt;&lt;\/path&gt;&lt;\/svg&gt;\" ><\/div>\n\n\t\t\t\t\t\t<\/div>\n\t\t\t\t\t\t\t\t<div class=\"elementor-field-type-text elementor-field-group elementor-column elementor-field-group-modello elementor-col-100 elementor-field-required\">\n\t\t\t\t\t\t\t\t\t\t\t\t\t<input size=\"1\" type=\"text\" name=\"form_fields[modello]\" id=\"form-field-modello\" class=\"elementor-field elementor-size-sm  elementor-field-textual\" placeholder=\"Modell\" required=\"required\">\n\t\t\t\t\t\t\t\t\t\t\t<\/div>\n\t\t\t\t\t\t\t\t<div class=\"elementor-field-type-text elementor-field-group elementor-column elementor-field-group-numero_di_serie elementor-col-100 elementor-field-required\">\n\t\t\t\t\t\t\t\t\t\t\t\t\t<input size=\"1\" type=\"text\" name=\"form_fields[numero_di_serie]\" id=\"form-field-numero_di_serie\" class=\"elementor-field elementor-size-sm  elementor-field-textual\" placeholder=\"Seriennummer\" required=\"required\">\n\t\t\t\t\t\t\t\t\t\t\t<\/div>\n\t\t\t\t\t\t\t\t<div class=\"elementor-field-type-date elementor-field-group elementor-column elementor-field-group-data elementor-col-100 elementor-field-required\">\n\t\t\t\t\t\n\t\t<input type=\"date\" name=\"form_fields[data]\" id=\"form-field-data\" class=\"elementor-field elementor-size-sm  elementor-field-textual elementor-date-field\" placeholder=\"Datum\" required=\"required\" pattern=\"[0-9]{4}-[0-9]{2}-[0-9]{2}\">\n\t\t\t\t\t\t<\/div>\n\t\t\t\t\t\t\t\t<div class=\"elementor-field-type-step elementor-field-group elementor-column elementor-field-group-descrizione_problema elementor-col-100\">\n\t\t\t\t\t\t\t<div class=\"e-field-step elementor-hidden\" data-label=\"Problembeschreibung\" data-previousButton=\"\" data-nextButton=\"N\u00e4chste\" data-iconUrl=\"\" data-iconLibrary=\"fas fa-star\" data-icon=\"&lt;svg class=&quot;e-font-icon-svg e-fas-star&quot; viewBox=&quot;0 0 576 512&quot; xmlns=&quot;http:\/\/www.w3.org\/2000\/svg&quot;&gt;&lt;path d=&quot;M259.3 17.8L194 150.2 47.9 171.5c-26.2 3.8-36.7 36.1-17.7 54.6l105.7 103-25 145.5c-4.5 26.3 23.2 46 46.4 33.7L288 439.6l130.7 68.7c23.2 12.2 50.9-7.4 46.4-33.7l-25-145.5 105.7-103c19-18.5 8.5-50.8-17.7-54.6L382 150.2 316.7 17.8c-11.7-23.6-45.6-23.9-57.4 0z&quot;&gt;&lt;\/path&gt;&lt;\/svg&gt;\" ><\/div>\n\n\t\t\t\t\t\t<\/div>\n\t\t\t\t\t\t\t\t<div class=\"elementor-field-type-checkbox elementor-field-group elementor-column elementor-field-group-area_di_competenza elementor-col-100\">\n\t\t\t\t\t\t\t\t\t\t\t\t<label for=\"form-field-area_di_competenza\" class=\"elementor-field-label\">\n\t\t\t\t\t\t\t\tFachgebiet\t\t\t\t\t\t\t<\/label>\n\t\t\t\t\t\t<div class=\"elementor-field-subgroup  \"><span class=\"elementor-field-option\"><input type=\"checkbox\" value=\"Mechanik\" id=\"form-field-area_di_competenza-0\" name=\"form_fields[area_di_competenza][]\"> <label for=\"form-field-area_di_competenza-0\">Mechanik<\/label><\/span><span class=\"elementor-field-option\"><input type=\"checkbox\" value=\"Elektrik\" id=\"form-field-area_di_competenza-1\" name=\"form_fields[area_di_competenza][]\"> <label for=\"form-field-area_di_competenza-1\">Elektrik<\/label><\/span><span class=\"elementor-field-option\"><input type=\"checkbox\" value=\"Software\" id=\"form-field-area_di_competenza-2\" name=\"form_fields[area_di_competenza][]\"> <label for=\"form-field-area_di_competenza-2\">Software<\/label><\/span><span class=\"elementor-field-option\"><input type=\"checkbox\" value=\"Mechanische Ersatzteile\" id=\"form-field-area_di_competenza-3\" name=\"form_fields[area_di_competenza][]\"> <label for=\"form-field-area_di_competenza-3\">Mechanische Ersatzteile<\/label><\/span><span class=\"elementor-field-option\"><input type=\"checkbox\" value=\"Elektrische Ersatzteile\" id=\"form-field-area_di_competenza-4\" name=\"form_fields[area_di_competenza][]\"> <label for=\"form-field-area_di_competenza-4\">Elektrische Ersatzteile<\/label><\/span><\/div>\t\t\t\t<\/div>\n\t\t\t\t\t\t\t\t<div class=\"elementor-field-type-text elementor-field-group elementor-column elementor-field-group-descrizione_del_problema elementor-col-100 elementor-field-required\">\n\t\t\t\t\t\t\t\t\t\t\t\t\t<input size=\"1\" type=\"text\" name=\"form_fields[descrizione_del_problema]\" id=\"form-field-descrizione_del_problema\" class=\"elementor-field elementor-size-sm  elementor-field-textual\" placeholder=\"Problembeschreibung\" required=\"required\">\n\t\t\t\t\t\t\t\t\t\t\t<\/div>\n\t\t\t\t\t\t\t\t<div class=\"elementor-field-type-select elementor-field-group elementor-column elementor-field-group-priorita elementor-col-100 elementor-field-required\">\n\t\t\t\t\t\t\t\t\t\t\t\t<label for=\"form-field-priorita\" class=\"elementor-field-label\">\n\t\t\t\t\t\t\t\tPriorit\u00e4t\t\t\t\t\t\t\t<\/label>\n\t\t\t\t\t\t\t\t<div class=\"elementor-field elementor-select-wrapper remove-before \">\n\t\t\t<div class=\"select-caret-down-wrapper\">\n\t\t\t\t<svg aria-hidden=\"true\" class=\"e-font-icon-svg e-eicon-caret-down\" viewBox=\"0 0 571.4 571.4\" xmlns=\"http:\/\/www.w3.org\/2000\/svg\"><path d=\"M571 393Q571 407 561 418L311 668Q300 679 286 679T261 668L11 418Q0 407 0 393T11 368 36 357H536Q550 357 561 368T571 393Z\"><\/path><\/svg>\t\t\t<\/div>\n\t\t\t<select name=\"form_fields[priorita]\" id=\"form-field-priorita\" class=\"elementor-field-textual elementor-size-sm\" required=\"required\">\n\t\t\t\t\t\t\t\t\t<option value=\"Nicht definiert\">Nicht definiert<\/option>\n\t\t\t\t\t\t\t\t\t<option value=\"Kritisch\">Kritisch<\/option>\n\t\t\t\t\t\t\t\t\t<option value=\"Hoch\">Hoch<\/option>\n\t\t\t\t\t\t\t<\/select>\n\t\t<\/div>\n\t\t\t\t\t\t<\/div>\n\t\t\t\t\t\t\t\t<div class=\"elementor-field-type-step elementor-field-group elementor-column elementor-field-group-informazioni_utili elementor-col-100\">\n\t\t\t\t\t\t\t<div class=\"e-field-step elementor-hidden\" data-label=\"N\u00fctzliche Informationen\" data-previousButton=\"\" data-nextButton=\"N\u00e4chste\" data-iconUrl=\"\" data-iconLibrary=\"fas fa-star\" data-icon=\"&lt;svg class=&quot;e-font-icon-svg e-fas-star&quot; viewBox=&quot;0 0 576 512&quot; xmlns=&quot;http:\/\/www.w3.org\/2000\/svg&quot;&gt;&lt;path d=&quot;M259.3 17.8L194 150.2 47.9 171.5c-26.2 3.8-36.7 36.1-17.7 54.6l105.7 103-25 145.5c-4.5 26.3 23.2 46 46.4 33.7L288 439.6l130.7 68.7c23.2 12.2 50.9-7.4 46.4-33.7l-25-145.5 105.7-103c19-18.5 8.5-50.8-17.7-54.6L382 150.2 316.7 17.8c-11.7-23.6-45.6-23.9-57.4 0z&quot;&gt;&lt;\/path&gt;&lt;\/svg&gt;\" ><\/div>\n\n\t\t\t\t\t\t<\/div>\n\t\t\t\t\t\t\t\t<div class=\"elementor-field-type-text elementor-field-group elementor-column elementor-field-group-impatto_sulla_produttivita elementor-col-100 elementor-field-required\">\n\t\t\t\t\t\t\t\t\t\t\t\t\t<input size=\"1\" type=\"text\" name=\"form_fields[impatto_sulla_produttivita]\" id=\"form-field-impatto_sulla_produttivita\" class=\"elementor-field elementor-size-sm  elementor-field-textual\" placeholder=\"Auswirkungen auf die Produktivit\u00e4t\" required=\"required\">\n\t\t\t\t\t\t\t\t\t\t\t<\/div>\n\t\t\t\t\t\t\t\t<div class=\"elementor-field-type-upload elementor-field-group elementor-column elementor-field-group-imagine elementor-col-100\">\n\t\t\t\t\t\t\t\t\t\t\t\t<label for=\"form-field-imagine\" class=\"elementor-field-label\">\n\t\t\t\t\t\t\t\tFoto anh\u00e4ngen (erlaubte Dateien: jpg, jpeg, pdf, gif, png)\t\t\t\t\t\t\t<\/label>\n\t\t\t\t\t\t\t\t<input type=\"file\" name=\"form_fields[imagine]\" id=\"form-field-imagine\" class=\"elementor-field elementor-size-sm  elementor-upload-field\" data-maxsize=\"5\" data-maxsize-message=\"Diese Datei \u00fcbersteigt die maximale Dateigr\u00f6\u00dfe.\">\n\n\t\t\t\t\t\t<\/div>\n\t\t\t\t\t\t\t\t<div class=\"elementor-field-type-textarea elementor-field-group elementor-column elementor-field-group-note elementor-col-100\">\n\t\t\t\t\t<textarea class=\"elementor-field-textual elementor-field  elementor-size-sm\" name=\"form_fields[note]\" id=\"form-field-note\" rows=\"4\" placeholder=\"Hinweise\"><\/textarea>\t\t\t\t<\/div>\n\t\t\t\t\t\t\t\t<div class=\"elementor-field-type-acceptance elementor-field-group elementor-column elementor-field-group-privacy_policy elementor-col-100 elementor-field-required\">\n\t\t\t\t\t\t\t\t\t\t\t\t<label for=\"form-field-privacy_policy\" class=\"elementor-field-label\">\n\t\t\t\t\t\t\t\tPrivacy policy\t\t\t\t\t\t\t<\/label>\n\t\t\t\t\t\t\t\t<div class=\"elementor-field-subgroup\">\n\t\t\t<span class=\"elementor-field-option\">\n\t\t\t\t<input type=\"checkbox\" name=\"form_fields[privacy_policy]\" id=\"form-field-privacy_policy\" class=\"elementor-field elementor-size-sm  elementor-acceptance-field\" required=\"required\">\n\t\t\t\t<label for=\"form-field-privacy_policy\">Gem\u00e4\u00df und f\u00fcr die Zwecke von Artikel 13 des Gesetzesdekrets Nr. 679\/2016 stimme ich dem Zweck zu - 3.3 - Ich erkl\u00e4re, dass ich die <a href=\"https:\/\/www.ttengineering.it\/privacy-policy\/\" style=\"color: #000; font-weight:700; text-decoration: underline\">Informationen zur Verarbeitung personenbezogener Daten<\/a> gelesen habe und der Verarbeitung zustimme *  <\/label>\t\t\t<\/span>\n\t\t<\/div>\n\t\t\t\t\t\t<\/div>\n\t\t\t\t\t\t\t\t<div class=\"elementor-field-type-recaptcha elementor-field-group elementor-column elementor-field-group-captcha elementor-col-100\">\n\t\t\t\t\t<div class=\"elementor-field\" id=\"form-field-captcha\"><\/div>\t\t\t\t<\/div>\n\t\t\t\t\t\t\t\t<div class=\"elementor-field-group elementor-column elementor-field-type-submit elementor-col-100 e-form__buttons\">\n\t\t\t\t\t<button class=\"elementor-button elementor-size-sm\" type=\"submit\" id=\"pulsante-modulo\">\n\t\t\t\t\t\t<span class=\"elementor-button-content-wrapper\">\n\t\t\t\t\t\t\t\t\t\t\t\t\t\t\t\t\t\t\t\t\t\t<span class=\"elementor-button-text\">Schicken<\/span>\n\t\t\t\t\t\t\t\t\t\t\t\t\t<\/span>\n\t\t\t\t\t<\/button>\n\t\t\t\t<\/div>\n\t\t\t<\/div>\n\t\t<\/form>\n\t\t\t\t\t\t<\/div>\n\t\t\t\t<\/div>\n\t\t\t\t<\/div>\n\t\t\t\t<\/div>\n\t\t\t\t<\/div>\n\t\t\t\t<\/div>\n\t\t","protected":false},"excerpt":{"rendered":"<p>TTENGINEERING &#8211; Wartungsantrag Ben\u00f6tigen Sie technischen Support? F\u00fcllen Sie das Formular aus, um Unterst\u00fctzung zu unseren Systemen oder Maschinen zu erhalten. Unser technisches Team wird sich so schnell wie m\u00f6glich bei Ihnen melden.<\/p>\n","protected":false},"author":1,"featured_media":0,"parent":0,"menu_order":0,"comment_status":"closed","ping_status":"closed","template":"","meta":{"footnotes":""},"class_list":["post-1523","page","type-page","status-publish","hentry"],"yoast_head":"<!-- This site is optimized with the Yoast SEO plugin v25.4 - https:\/\/yoast.com\/wordpress\/plugins\/seo\/ -->\n<title>Wartungsantrag - TTEngineering - Advanced Solutions for Automation<\/title>\n<meta name=\"robots\" content=\"index, follow, max-snippet:-1, max-image-preview:large, max-video-preview:-1\" \/>\n<link rel=\"canonical\" href=\"https:\/\/www.ttengineering.it\/de\/wartungsantrag\/\" \/>\n<meta property=\"og:locale\" content=\"de_DE\" \/>\n<meta property=\"og:type\" content=\"article\" \/>\n<meta property=\"og:title\" content=\"Wartungsantrag - TTEngineering - Advanced Solutions for Automation\" \/>\n<meta property=\"og:description\" content=\"TTENGINEERING &#8211; Wartungsantrag Ben\u00f6tigen Sie technischen Support? F\u00fcllen Sie das Formular aus, um Unterst\u00fctzung zu unseren Systemen oder Maschinen zu erhalten. Unser technisches Team wird sich so schnell wie m\u00f6glich bei Ihnen melden.\" \/>\n<meta property=\"og:url\" content=\"https:\/\/www.ttengineering.it\/de\/wartungsantrag\/\" \/>\n<meta property=\"og:site_name\" content=\"TTEngineering - Advanced Solutions for Automation\" \/>\n<meta property=\"article:modified_time\" content=\"2025-09-01T06:05:46+00:00\" \/>\n<meta property=\"og:image\" content=\"https:\/\/www.ttengineering.it\/wp-content\/uploads\/2025\/05\/favicon.png\" \/>\n\t<meta property=\"og:image:width\" content=\"512\" \/>\n\t<meta property=\"og:image:height\" content=\"512\" \/>\n\t<meta property=\"og:image:type\" content=\"image\/png\" \/>\n<meta name=\"twitter:card\" content=\"summary_large_image\" \/>\n<script type=\"application\/ld+json\" class=\"yoast-schema-graph\">{\"@context\":\"https:\/\/schema.org\",\"@graph\":[{\"@type\":\"WebPage\",\"@id\":\"https:\/\/www.ttengineering.it\/de\/wartungsantrag\/\",\"url\":\"https:\/\/www.ttengineering.it\/de\/wartungsantrag\/\",\"name\":\"Wartungsantrag - TTEngineering - Advanced Solutions for Automation\",\"isPartOf\":{\"@id\":\"https:\/\/www.ttengineering.it\/de\/#website\"},\"datePublished\":\"2025-05-27T13:07:37+00:00\",\"dateModified\":\"2025-09-01T06:05:46+00:00\",\"breadcrumb\":{\"@id\":\"https:\/\/www.ttengineering.it\/de\/wartungsantrag\/#breadcrumb\"},\"inLanguage\":\"de\",\"potentialAction\":[{\"@type\":\"ReadAction\",\"target\":[\"https:\/\/www.ttengineering.it\/de\/wartungsantrag\/\"]}]},{\"@type\":\"BreadcrumbList\",\"@id\":\"https:\/\/www.ttengineering.it\/de\/wartungsantrag\/#breadcrumb\",\"itemListElement\":[{\"@type\":\"ListItem\",\"position\":1,\"name\":\"Home\",\"item\":\"https:\/\/www.ttengineering.it\/de\/\"},{\"@type\":\"ListItem\",\"position\":2,\"name\":\"Wartungsantrag\"}]},{\"@type\":\"WebSite\",\"@id\":\"https:\/\/www.ttengineering.it\/de\/#website\",\"url\":\"https:\/\/www.ttengineering.it\/de\/\",\"name\":\"TTEngineering - Advanced Solutions for Automation\",\"description\":\"TTEngineering - Advanced Solutions for Automation\",\"publisher\":{\"@id\":\"https:\/\/www.ttengineering.it\/de\/#organization\"},\"alternateName\":\"TTEngineering - Advanced Solutions for Automation\",\"potentialAction\":[{\"@type\":\"SearchAction\",\"target\":{\"@type\":\"EntryPoint\",\"urlTemplate\":\"https:\/\/www.ttengineering.it\/de\/?s={search_term_string}\"},\"query-input\":{\"@type\":\"PropertyValueSpecification\",\"valueRequired\":true,\"valueName\":\"search_term_string\"}}],\"inLanguage\":\"de\"},{\"@type\":\"Organization\",\"@id\":\"https:\/\/www.ttengineering.it\/de\/#organization\",\"name\":\"TTEngineering - Advanced Solutions for Automation\",\"alternateName\":\"TTEngineering - Advanced Solutions for Automation\",\"url\":\"https:\/\/www.ttengineering.it\/de\/\",\"logo\":{\"@type\":\"ImageObject\",\"inLanguage\":\"de\",\"@id\":\"https:\/\/www.ttengineering.it\/de\/#\/schema\/logo\/image\/\",\"url\":\"https:\/\/www.ttengineering.it\/wp-content\/uploads\/2025\/05\/favicon.png\",\"contentUrl\":\"https:\/\/www.ttengineering.it\/wp-content\/uploads\/2025\/05\/favicon.png\",\"width\":512,\"height\":512,\"caption\":\"TTEngineering - Advanced Solutions for Automation\"},\"image\":{\"@id\":\"https:\/\/www.ttengineering.it\/de\/#\/schema\/logo\/image\/\"}}]}<\/script>\n<!-- \/ Yoast SEO plugin. -->","yoast_head_json":{"title":"Wartungsantrag - TTEngineering - Advanced Solutions for Automation","robots":{"index":"index","follow":"follow","max-snippet":"max-snippet:-1","max-image-preview":"max-image-preview:large","max-video-preview":"max-video-preview:-1"},"canonical":"https:\/\/www.ttengineering.it\/de\/wartungsantrag\/","og_locale":"de_DE","og_type":"article","og_title":"Wartungsantrag - TTEngineering - Advanced Solutions for Automation","og_description":"TTENGINEERING &#8211; Wartungsantrag Ben\u00f6tigen Sie technischen Support? F\u00fcllen Sie das Formular aus, um Unterst\u00fctzung zu unseren Systemen oder Maschinen zu erhalten. Unser technisches Team wird sich so schnell wie m\u00f6glich bei Ihnen melden.","og_url":"https:\/\/www.ttengineering.it\/de\/wartungsantrag\/","og_site_name":"TTEngineering - Advanced Solutions for Automation","article_modified_time":"2025-09-01T06:05:46+00:00","og_image":[{"width":512,"height":512,"url":"https:\/\/www.ttengineering.it\/wp-content\/uploads\/2025\/05\/favicon.png","type":"image\/png"}],"twitter_card":"summary_large_image","schema":{"@context":"https:\/\/schema.org","@graph":[{"@type":"WebPage","@id":"https:\/\/www.ttengineering.it\/de\/wartungsantrag\/","url":"https:\/\/www.ttengineering.it\/de\/wartungsantrag\/","name":"Wartungsantrag - TTEngineering - Advanced Solutions for Automation","isPartOf":{"@id":"https:\/\/www.ttengineering.it\/de\/#website"},"datePublished":"2025-05-27T13:07:37+00:00","dateModified":"2025-09-01T06:05:46+00:00","breadcrumb":{"@id":"https:\/\/www.ttengineering.it\/de\/wartungsantrag\/#breadcrumb"},"inLanguage":"de","potentialAction":[{"@type":"ReadAction","target":["https:\/\/www.ttengineering.it\/de\/wartungsantrag\/"]}]},{"@type":"BreadcrumbList","@id":"https:\/\/www.ttengineering.it\/de\/wartungsantrag\/#breadcrumb","itemListElement":[{"@type":"ListItem","position":1,"name":"Home","item":"https:\/\/www.ttengineering.it\/de\/"},{"@type":"ListItem","position":2,"name":"Wartungsantrag"}]},{"@type":"WebSite","@id":"https:\/\/www.ttengineering.it\/de\/#website","url":"https:\/\/www.ttengineering.it\/de\/","name":"TTEngineering - Advanced Solutions for Automation","description":"TTEngineering - Advanced Solutions for Automation","publisher":{"@id":"https:\/\/www.ttengineering.it\/de\/#organization"},"alternateName":"TTEngineering - Advanced Solutions for Automation","potentialAction":[{"@type":"SearchAction","target":{"@type":"EntryPoint","urlTemplate":"https:\/\/www.ttengineering.it\/de\/?s={search_term_string}"},"query-input":{"@type":"PropertyValueSpecification","valueRequired":true,"valueName":"search_term_string"}}],"inLanguage":"de"},{"@type":"Organization","@id":"https:\/\/www.ttengineering.it\/de\/#organization","name":"TTEngineering - Advanced Solutions for Automation","alternateName":"TTEngineering - Advanced Solutions for Automation","url":"https:\/\/www.ttengineering.it\/de\/","logo":{"@type":"ImageObject","inLanguage":"de","@id":"https:\/\/www.ttengineering.it\/de\/#\/schema\/logo\/image\/","url":"https:\/\/www.ttengineering.it\/wp-content\/uploads\/2025\/05\/favicon.png","contentUrl":"https:\/\/www.ttengineering.it\/wp-content\/uploads\/2025\/05\/favicon.png","width":512,"height":512,"caption":"TTEngineering - Advanced Solutions for Automation"},"image":{"@id":"https:\/\/www.ttengineering.it\/de\/#\/schema\/logo\/image\/"}}]}},"_links":{"self":[{"href":"https:\/\/www.ttengineering.it\/de\/wp-json\/wp\/v2\/pages\/1523","targetHints":{"allow":["GET"]}}],"collection":[{"href":"https:\/\/www.ttengineering.it\/de\/wp-json\/wp\/v2\/pages"}],"about":[{"href":"https:\/\/www.ttengineering.it\/de\/wp-json\/wp\/v2\/types\/page"}],"author":[{"embeddable":true,"href":"https:\/\/www.ttengineering.it\/de\/wp-json\/wp\/v2\/users\/1"}],"replies":[{"embeddable":true,"href":"https:\/\/www.ttengineering.it\/de\/wp-json\/wp\/v2\/comments?post=1523"}],"version-history":[{"count":1,"href":"https:\/\/www.ttengineering.it\/de\/wp-json\/wp\/v2\/pages\/1523\/revisions"}],"predecessor-version":[{"id":1524,"href":"https:\/\/www.ttengineering.it\/de\/wp-json\/wp\/v2\/pages\/1523\/revisions\/1524"}],"wp:attachment":[{"href":"https:\/\/www.ttengineering.it\/de\/wp-json\/wp\/v2\/media?parent=1523"}],"curies":[{"name":"wp","href":"https:\/\/api.w.org\/{rel}","templated":true}]}}